{"id":1011,"date":"2015-01-14T09:45:14","date_gmt":"2015-01-14T08:45:14","guid":{"rendered":"http:\/\/www.stromsbergsbruk.nu\/?page_id=1011"},"modified":"2024-08-13T10:07:53","modified_gmt":"2024-08-13T08:07:53","slug":"motions-och-skidspar","status":"publish","type":"page","link":"https:\/\/www.stromsbergsbruk.nu\/?page_id=1011","title":{"rendered":"Motions- och skidsp\u00e5r"},"content":{"rendered":"<p>Fr\u00e5n Bagarstugan g\u00e5r motionssp\u00e5r i flera slingor i omgivande varierad terr\u00e4ng. Vintertid prepareras skidsp\u00e5r av Str\u00f6msbergs IF n\u00e4r sn\u00f6tillg\u00e5ngen s\u00e5 till\u00e5ter.<\/p>\n","protected":false},"excerpt":{"rendered":"<p>Fr\u00e5n Bagarstugan g\u00e5r motionssp\u00e5r i flera slingor i omgivande varierad terr\u00e4ng. Vintertid prepareras skidsp\u00e5r av Str\u00f6msbergs IF n\u00e4r sn\u00f6tillg\u00e5ngen s\u00e5 till\u00e5ter.<\/p>\n","protected":false},"author":1,"featured_media":0,"parent":0,"menu_order":0,"comment_status":"closed","ping_status":"closed","template":"","meta":{"footnotes":""},"class_list":["post-1011","page","type-page","status-publish","hentry"],"publishpress_future_action":{"enabled":false,"date":"2026-05-12 15:03:20","action":"change-status","newStatus":"draft","terms":[],"taxonomy":"","extraData":[]},"publishpress_future_workflow_manual_trigger":{"enabledWorkflows":[]},"_links":{"self":[{"href":"https:\/\/www.stromsbergsbruk.nu\/index.php?rest_route=\/wp\/v2\/pages\/1011","targetHints":{"allow":["GET"]}}],"collection":[{"href":"https:\/\/www.stromsbergsbruk.nu\/index.php?rest_route=\/wp\/v2\/pages"}],"about":[{"href":"https:\/\/www.stromsbergsbruk.nu\/index.php?rest_route=\/wp\/v2\/types\/page"}],"author":[{"embeddable":true,"href":"https:\/\/www.stromsbergsbruk.nu\/index.php?rest_route=\/wp\/v2\/users\/1"}],"replies":[{"embeddable":true,"href":"https:\/\/www.stromsbergsbruk.nu\/index.php?rest_route=%2Fwp%2Fv2%2Fcomments&post=1011"}],"version-history":[{"count":17,"href":"https:\/\/www.stromsbergsbruk.nu\/index.php?rest_route=\/wp\/v2\/pages\/1011\/revisions"}],"predecessor-version":[{"id":3790,"href":"https:\/\/www.stromsbergsbruk.nu\/index.php?rest_route=\/wp\/v2\/pages\/1011\/revisions\/3790"}],"wp:attachment":[{"href":"https:\/\/www.stromsbergsbruk.nu\/index.php?rest_route=%2Fwp%2Fv2%2Fmedia&parent=1011"}],"curies":[{"name":"wp","href":"https:\/\/api.w.org\/{rel}","templated":true}]}}