{"id":1114,"date":"2015-04-28T08:37:09","date_gmt":"2015-04-28T06:37:09","guid":{"rendered":"http:\/\/www.stromsbergsbruk.nu\/?page_id=1114"},"modified":"2023-04-14T15:45:28","modified_gmt":"2023-04-14T13:45:28","slug":"lokaler-att-hyra","status":"publish","type":"page","link":"https:\/\/www.stromsbergsbruk.nu\/?page_id=1114","title":{"rendered":"Lokaler att hyra"},"content":{"rendered":"<p>Om du vill Hedens idrottsplats (dansbanan, caf\u00e9et, andra utrymmen) skickas en f\u00f6rfr\u00e5gan om att hyra Heden till mailadressen stromsbergsif@stromsbergsbruk.nu<\/p>\n","protected":false},"excerpt":{"rendered":"<p>Om du vill Hedens idrottsplats (dansbanan, caf\u00e9et, andra utrymmen) skickas en f\u00f6rfr\u00e5gan om att hyra Heden till mailadressen stromsbergsif@stromsbergsbruk.nu<\/p>\n","protected":false},"author":1,"featured_media":0,"parent":0,"menu_order":0,"comment_status":"closed","ping_status":"closed","template":"","meta":{"footnotes":""},"class_list":["post-1114","page","type-page","status-publish","hentry"],"publishpress_future_action":{"enabled":false,"date":"2026-05-12 15:10:44","action":"change-status","newStatus":"draft","terms":[],"taxonomy":"","extraData":[]},"publishpress_future_workflow_manual_trigger":{"enabledWorkflows":[]},"_links":{"self":[{"href":"https:\/\/www.stromsbergsbruk.nu\/index.php?rest_route=\/wp\/v2\/pages\/1114","targetHints":{"allow":["GET"]}}],"collection":[{"href":"https:\/\/www.stromsbergsbruk.nu\/index.php?rest_route=\/wp\/v2\/pages"}],"about":[{"href":"https:\/\/www.stromsbergsbruk.nu\/index.php?rest_route=\/wp\/v2\/types\/page"}],"author":[{"embeddable":true,"href":"https:\/\/www.stromsbergsbruk.nu\/index.php?rest_route=\/wp\/v2\/users\/1"}],"replies":[{"embeddable":true,"href":"https:\/\/www.stromsbergsbruk.nu\/index.php?rest_route=%2Fwp%2Fv2%2Fcomments&post=1114"}],"version-history":[{"count":10,"href":"https:\/\/www.stromsbergsbruk.nu\/index.php?rest_route=\/wp\/v2\/pages\/1114\/revisions"}],"predecessor-version":[{"id":1789,"href":"https:\/\/www.stromsbergsbruk.nu\/index.php?rest_route=\/wp\/v2\/pages\/1114\/revisions\/1789"}],"wp:attachment":[{"href":"https:\/\/www.stromsbergsbruk.nu\/index.php?rest_route=%2Fwp%2Fv2%2Fmedia&parent=1114"}],"curies":[{"name":"wp","href":"https:\/\/api.w.org\/{rel}","templated":true}]}}