{"id":1948,"date":"2018-04-19T08:40:25","date_gmt":"2018-04-19T06:40:25","guid":{"rendered":"http:\/\/www.stromsbergsbruk.nu\/?page_id=1948"},"modified":"2026-04-28T12:56:03","modified_gmt":"2026-04-28T10:56:03","slug":"tamnaran-som-kanotled","status":"publish","type":"page","link":"https:\/\/www.stromsbergsbruk.nu\/?page_id=1948","title":{"rendered":"Kanotled"},"content":{"rendered":"<p>Vi hyr ut kanot med k\u00e4rra, tv\u00e5 paddlar och flytv\u00e4star under tiden 1\/5 \u2013 30\/9.<br \/>\nSkriftlig info och f\u00f6rslag till turer p\u00e5 T\u00e4mnar\u00e5n finns vid Bes\u00f6kscentrum, Str\u00f6msbergs bruk.<\/p>\n<p>Kostnad f\u00f6r 1 kanot (rymmer 2 vuxna + 2 barn) 350 kr\/dag.<\/p>\n<p>Kontakta tel. 070 \u2013 74 25 634 f\u00f6r bokning.<\/p>\n<p>Trevlig tur \u00f6nskar Samarbetskommitt\u00e9n Str\u00f6msbergs bruk.<\/p>\n<p><img loading=\"lazy\" decoding=\"async\" class=\"alignnone size-full wp-image-2548\" src=\"https:\/\/www.stromsbergsbruk.nu\/wp-content\/uploads\/kanot.png\" alt=\"\" width=\"311\" height=\"291\" srcset=\"https:\/\/www.stromsbergsbruk.nu\/wp-content\/uploads\/kanot.png 311w, https:\/\/www.stromsbergsbruk.nu\/wp-content\/uploads\/kanot-300x281.png 300w\" sizes=\"auto, (max-width: 311px) 100vw, 311px\" \/><\/p>\n<p>&nbsp;<\/p>\n<p><strong>Sista bryggan f\u00f6r kanotleden<\/strong><\/p>\n<p>I och med att bryggan s\u00f6der om Gillbergabron \u00e4r plats avslutas projektet. Nu kan man paddla fr\u00e5n bryggan i Annedal <span style=\"color: #000000;\">till<\/span>\u00a0dammen i Karlholm.<\/p>\n<p><img loading=\"lazy\" decoding=\"async\" class=\"alignnone size-large wp-image-2718\" src=\"https:\/\/www.stromsbergsbruk.nu\/wp-content\/uploads\/20210614_151008-768x1024.jpg\" alt=\"\" width=\"640\" height=\"853\" srcset=\"https:\/\/www.stromsbergsbruk.nu\/wp-content\/uploads\/20210614_151008-768x1024.jpg 768w, https:\/\/www.stromsbergsbruk.nu\/wp-content\/uploads\/20210614_151008-225x300.jpg 225w\" sizes=\"auto, (max-width: 640px) 100vw, 640px\" \/><\/p>\n<p>&nbsp;<\/p>\n<p>Kanotpaddling \u00a0i T\u00e4mnar\u00e5n<\/p>\n<p>H\u00e4r nedan presenteras 2 turer med utg\u00e5ngspunkt fr\u00e5n Str\u00f6msbergs bruk.<\/p>\n<p>Tur 1. Norrut.<\/p>\n<p>L\u00e4gg i kanoten fr\u00e5n bryggan norr om kraftverket.<\/p>\n<p>Efter n\u00e5gon km:s f\u00e4rd strax innan Tegelverksstr\u00f6mmen finns en brygga p\u00e5 \u00e5ns \u00f6stra sida. Ta upp kanoten d\u00e4r. G\u00e5 landv\u00e4gen \u2013 antingen den gamla jordbruksv\u00e4gen eller stigen l\u00e4ng \u00e5ns v\u00e4stra strand.<\/p>\n<p>Bortom Braxenstr\u00f6mmen finns en brygga. L\u00e4gg i kanoten d\u00e4r. (Den dj\u00e4rve kanotisten kan naturligtvis paddla genom de b\u00e5da str\u00f6mmarna.)<\/p>\n<p>I Vad finns en brygga. Ta upp kanoten d\u00e4r och g\u00e5 landv\u00e4gen c:a 600 m till n\u00e4sta brygga i Vad (\u00e5ns \u00f6stra strand).<\/p>\n<p>L\u00e4gg i kanoten d\u00e4r och paddla fram till bryggan norr om tr\u00e4bron vid Bolstan (v\u00e4stra stranden).<\/p>\n<p>Vill du forts\u00e4tta norrut \u2013 ta landv\u00e4gen! Bortom bron mot Sk\u00e4rplinge finns en brygga att l\u00e4gga i kanoten f\u00f6r fortsatt paddling till Karlholm.<\/p>\n<p>&nbsp;<\/p>\n<p>Tur 2. S\u00f6derut (motstr\u00f6ms)<\/p>\n<p>L\u00e4gg i kanoten vid bryggan badet.<\/p>\n<p>Efter n\u00e5gon km:s paddling finns en brygga p\u00e5 \u00e5ns \u00f6stra strand. D\u00e4r finns ocks\u00e5 en rastplats.<\/p>\n<p>Du kan \u2013 utan att lyfta kanoten \u2013 paddla vidare.<\/p>\n<p>Efter att ha passerat under bron i Tolfta finns en brygga vid en rastplats med grill, rastbord, vindskydd och toalett.<\/p>\n<p>Paddla vidare s\u00f6derut. Vid Gillberga finns p\u00e5 \u00f6stra sidan vid g\u00e5ngbron en brygga. Lyft kanoten d\u00e4r och l\u00e4gg i f\u00f6r fortsatt f\u00e4rd fr\u00e5n bryggan s\u00f6der om bron.<\/p>\n<p>Vid Sk\u00e4mstabron finns en brygga med rastplats (v\u00e4stra sidan).<\/p>\n<p>Paddla vidare till Fors. En brygga finns norr om stenbron, som du lyfter kanoten fr\u00e5n och landv\u00e4gen passerar bron. S\u00f6der om denna ser du n\u00e4sta brygga att forts\u00e4tta vattenv\u00e4gen.<\/p>\n<p>I Torslunda finns efter passage underh\u00e4ngbron en brygga med rastplats.<\/p>\n<p>Forts\u00e4tt p\u00e5 vattnet till bryggan vid Tierps kyrka (under landsv\u00e4gsbron) p\u00e5 v\u00e4stra sidan.<\/p>\n<p>H\u00e4r kan du \u00e5terv\u00e4nda vattenv\u00e4gen norrut \u00e5ter till Str\u00f6msbergs bruk.<\/p>\n<p>Vill du forts\u00e4tta s\u00f6derut \u2013 lyft kanoten och ta dig landv\u00e4gen till Dammen Ullfors.<\/p>\n<p>Det \u00e4r en mycket enklare v\u00e4g att ta kanoten landv\u00e4gen till Annedal (d\u00e4r kanotleden har sin b\u00f6rjan) och paddla till Ullfors.<\/p>\n<p><strong>Trevlig paddling!<\/strong><\/p>\n<p><strong><br \/>\nHistorik \u2013 T\u00e4mnar\u00e5n som kanotled<\/strong><\/p>\n<p>Tanken p\u00e5 att rusta upp T\u00e4mnar\u00e5n som paddlingsbar kanotled v\u00e4cktes i Str\u00f6msbergs bruks Samarbetskommitt\u00e9 under 2014-15. Id\u00e9n f\u00f6rankrades i m\u00f6ten med Fyra Bruk, d\u00e4r grupperna fr\u00e5n Karlholm och Ullfors anm\u00e4lde intresse f\u00f6r projektet. Representanter fr\u00e5n Tierps kommun (Kultur och Fritid) samt fr\u00e5n Upplandsstiftelsen kn\u00f6ts ocks\u00e5 till detta.<\/p>\n<p>Under 1970- och -80-talen var T\u00e4mnar\u00e5n en \u201dofficiell\u201d kanotled. P\u00e5 den drygt 5 mil l\u00e5nga \u00e5n fr\u00e5n k\u00e4llan sj\u00f6n T\u00e4mnaren i s\u00f6der till utloppet i norr vid Dammen i Karlholm och havet fanns rastplatser, st\u00e4llen f\u00f6r il\u00e4ggning och upptagning av kanoter och markerade landv\u00e4gar f\u00f6r att ta kanoten omv\u00e4gar kring vissa hinder i vattnet.<\/p>\n<p>Under senare \u00e5r har endast str\u00e4ckan Tierp \u2013 Str\u00f6msbergs bruk haft denna status och d\u00e5 under \u00f6verinseende av Tierps kommun.<\/p>\n<p>De fem ovan n\u00e4mnda organisationerna besl\u00f6t att g\u00f6ra en f\u00f6rstudie av \u00e5ns beskaffenhet, f\u00f6r att p\u00e5 s\u00e5 s\u00e4tt f\u00e5 en uppfattning om m\u00f6jligheterna att ordna en kanotled l\u00e4ngs hela \u00e5n. Vi erh\u00f6ll ekonomiskt bidrag fr\u00e5n LONA (Lokala Naturv\u00e5rdssatsningen). Det praktiska arbetet utf\u00f6rdes av ideella krafter fr\u00e5n deltagande organisationer.<\/p>\n<p>Man kunde d\u00e5 konstatera f\u00f6ljande:<\/p>\n<ul>\n<li>Vattendjupet i \u00e5n varierar med \u00e5rstid och nederb\u00f6rd men \u00e4r generellt ganska l\u00e5gt.<\/li>\n<li>\u00c5str\u00e4nderna \u00e4r p\u00e5 flera h\u00e5ll h\u00f6ga och sv\u00e5ra att l\u00e4gga i kanoter fr\u00e5n och ta upp farkosterna.<\/li>\n<li>V\u00e4xtligheten \u00e4r frodig p\u00e5 m\u00e5nga st\u00e4llen b\u00e5de vid str\u00e4nder och i \u00e5f\u00e5ran.<\/li>\n<li>Vissa str\u00e4ckor \u00e4r ocks\u00e5 t\u00e4tbevuxna med flytbladsv\u00e4xter.<\/li>\n<li>Hinder f\u00f6rekommer i form av dammar, broar och kraftverksbyggen.<\/li>\n<li>P\u00e5 flera h\u00e5ll finns str\u00f6mmar med hastigt forsande vatten och klippblock strax under den brusande vattenytan.<\/li>\n<li>P\u00e5 m\u00e5nga st\u00e4llen flyter \u00e5n brett och lugnt med avkopplande paddling som f\u00f6ljd.<\/li>\n<\/ul>\n<p>Parterna beslutade att g\u00e5 vidare med projektet, d\u00e4r Ullforsgruppen ersattes av M\u00e5nkarbo IF. Ekonomiskt bidrag fick vi fr\u00e5n Leader Nedre Dal\u00e4lven. En styrgrupp med representanter fr\u00e5n deltagande organisationer tillsattes. En konsult\/administrat\u00f6r anst\u00e4lldes. Ideellt arbete utf\u00f6rdes enligt ovan av parternas medlemmar.<\/p>\n<p>Ett 20-tal flytbryggor ink\u00f6ptes fr\u00e5n en lokal producent Marinbastun i S\u00f6derfors. Bryggorna placerades ut p\u00e5 platser efter \u00e5n f\u00f6r lyft och il\u00e4ggning av kanoter.<br \/>\nMed samma syfte lades ocks\u00e5 en handfull egentillverkade bryggor i \u00e5n (material fr\u00e5n kommunens avlagda badbryggor anv\u00e4ndes).<br \/>\nFr\u00e5n och till flera av bryggorna finns m\u00f6jligheter att ta sig fram landv\u00e4gen f\u00f6rbi hinder i \u00e5n.<br \/>\nRastplatser med stabila bord och b\u00e4nkar ordnades. En del utrustades ocks\u00e5 med grillar. I anslutning till n\u00e5gra platser anlades enkla P-ytor f\u00f6r fordon. Ett vindskydd av tr\u00e4 byggdes p\u00e5 Tolfta rastplats. D\u00e4r finns ocks\u00e5 en torrtoalett. Livbojar finns vid varje bryggplats.<br \/>\nInformationsmaterial trycktes och finns b\u00e5de som anslagna skyltar, i broschyrform och p\u00e5 sociala medier.<\/p>\n<p>Paddlingen ger fantastiska naturupplevelser. En h\u00e4ger st\u00e5r blickstilla i v\u00e4ntan p\u00e5 att hugga sig en fisk. Kanske h\u00f6rs tranparets \u00f6dliga skrin fr\u00e5n v\u00e5tmarksomr\u00e5det kring \u00e5n. Ljumma sommaraftnar kan du h\u00f6ra n\u00e4ktergalens koloristiska s\u00e5ng fr\u00e5n alsn\u00e5ren. Ett r\u00e5djur smyger sig ner f\u00f6r att sl\u00e4cka t\u00f6rsten med \u00e5vatten. En b\u00e4ver gnager intensivt p\u00e5 en tr\u00e4stam. Tusentals gracila och f\u00e4rggranna insekter sv\u00e4var \u00f6ver vattenytan, som d\u00e5 och d\u00e5 bryts av en fisks glada spr\u00e5ng. De m\u00e4ktiga palissadliknande alstammarna bildar p\u00e5 vissa strandomr\u00e5den en ogenomtr\u00e4nglig mur.<\/p>\n<p>Vi strandhugg kan man ta del av de gamla vallonbrukens historiska, industriella och socioekonomiska \u201dl\u00e4mningar\u201d i form av industribyggnader, bost\u00e4der, husbyggen, museer och mycket mer.<br \/>\nL\u00e4mningar fr\u00e5n forntid bl. a. runstenar, domarringar och gravf\u00e4lt finns i \u00e5ns dalg\u00e5ng.<br \/>\nH\u00e4r m\u00f6ts du ocks\u00e5 av levande samh\u00e4llen med m\u00f6jlighet att njuta av nutida konst, kaffe och hembakt br\u00f6d fr\u00e5n caf\u00e9er, hyra kanoter eller str\u00e4cka p\u00e5 paddlingstr\u00f6tta ben p\u00e5 de m\u00e5nga mjuka skogsstigarna i \u00e5ns n\u00e4romr\u00e5den.<\/p>\n<div>\n<p><img loading=\"lazy\" decoding=\"async\" class=\"alignnone size-large wp-image-2585\" src=\"https:\/\/www.stromsbergsbruk.nu\/wp-content\/uploads\/H\u00f6st-vid-kanotleden-768x1024.jpg\" alt=\"\" width=\"640\" height=\"853\" srcset=\"https:\/\/www.stromsbergsbruk.nu\/wp-content\/uploads\/H\u00f6st-vid-kanotleden-768x1024.jpg 768w, https:\/\/www.stromsbergsbruk.nu\/wp-content\/uploads\/H\u00f6st-vid-kanotleden-225x300.jpg 225w, https:\/\/www.stromsbergsbruk.nu\/wp-content\/uploads\/H\u00f6st-vid-kanotleden.jpg 1000w\" sizes=\"auto, (max-width: 640px) 100vw, 640px\" \/><br \/>\n<strong><br \/>\nNu har alla kanotister &#8211; \u00e5tminstone deras flytetyg &#8211; g\u00e5tt i vinteride.<\/strong><br \/>\n<strong>TACK f\u00f6r en fin paddlingss\u00e4song!<\/strong><\/p>\n<div><strong>\u00a0<\/strong><\/div>\n<\/div>\n<div>\n<div>\n<p><strong>G\u00e5 in digitalt p\u00e5 NATURKARTAN (Upplandsstiftelsen) f\u00f6r att f\u00e5 mera information om T\u00e4mnar\u00e5n som kanotled. <\/strong><\/p>\n<\/div>\n<p><strong>Sista bryggan ilagd!<\/strong><\/p>\n<p><img loading=\"lazy\" decoding=\"async\" class=\"alignnone size-large wp-image-2529\" src=\"https:\/\/www.stromsbergsbruk.nu\/wp-content\/uploads\/Sista-bryggan-ilagd-768x1024.jpg\" alt=\"\" width=\"640\" height=\"853\" srcset=\"https:\/\/www.stromsbergsbruk.nu\/wp-content\/uploads\/Sista-bryggan-ilagd-768x1024.jpg 768w, https:\/\/www.stromsbergsbruk.nu\/wp-content\/uploads\/Sista-bryggan-ilagd-225x300.jpg 225w\" sizes=\"auto, (max-width: 640px) 100vw, 640px\" \/><\/p>\n<p>I och med att denna brygga vid Braxenstr\u00f6mmen lagts i \u00e4r nu delstr\u00e4ckan\/kanotleden Str\u00f6msbergs bruk \u2013 Bolstan klar.<\/p>\n<p>&nbsp;<\/p>\n<p>Bryggorna i T\u00e4mnar\u00e5n kommer snart att var p\u00e5 plats. F\u00f6r Kommitt\u00e9ns del lades i veckan i tv\u00e5 bryggor i Vad samt \u201dslutbryggan\u201d i Bolstan. Bryggan nedom kraftverket \u00e4r sedan tidigare i-lagd. Badbryggan kommer att sj\u00f6s\u00e4ttas inf\u00f6r bads\u00e4songen.\u00a0S\u00e5 fort vi f\u00e5tt klart med strandskyddet, l\u00e4gger vi ocks\u00e5 i de sista tv\u00e5 bryggorna vid Braxen- och Tegelbruksstr\u00f6mmarna.\u00a0S\u00e5 fort vi f\u00e5tt klart med strandskyddet, l\u00e4gger vi ocks\u00e5 i de sista tv\u00e5 bryggorna vid Braxen- och Tegelbruksstr\u00f6mmarna.<\/p>\n<p>&nbsp;<\/p>\n<p>&nbsp;<\/p>\n<p><img loading=\"lazy\" decoding=\"async\" class=\"alignnone size-large wp-image-2489\" src=\"https:\/\/www.stromsbergsbruk.nu\/wp-content\/uploads\/Brygga-768x1024.jpg\" alt=\"\" width=\"640\" height=\"853\" srcset=\"https:\/\/www.stromsbergsbruk.nu\/wp-content\/uploads\/Brygga-768x1024.jpg 768w, https:\/\/www.stromsbergsbruk.nu\/wp-content\/uploads\/Brygga-225x300.jpg 225w\" sizes=\"auto, (max-width: 640px) 100vw, 640px\" \/><\/p>\n<p>&nbsp;<\/p>\n<p><strong><br \/>\nF\u00f6sta bryggan ilagd<\/strong><\/p>\n<p>Repr. fr\u00e5n Marinbastun demonstrerade il\u00e4ggning av bryggor f\u00f6r kanotleden p\u00e5 T\u00e4mnar\u00e5n inf\u00f6r ett 10-tal medarbetare i projektet.<br \/>\nNu \u00e4r allts\u00e5 f\u00f6rsta bryggan med landg\u00e5ng\u00a0p\u00e5 plats nedom Dammen i Ullfors. S\u00e5 \u00e5terst\u00e5r &#8221;bara&#8221; 18 ytterligare bryggor att l\u00e4gga i.<br \/>\nF\u00f6r v\u00e5r del i Str\u00f6msbergs bruk ska 6 bryggor sj\u00f6s\u00e4ttas. Vi r\u00e4knar med, att detta ska ske under maj m\u00e5nad. Ett antal rastplatser kommer ocks\u00e5\u00a0iordningsst\u00e4llas.<br \/>\nP\u00e5 v\u00e5r str\u00e4cka fram till Bolstan finns inga rastplatser, men fikastunder kan naturligtvis avnjutas vid bryggorna.<\/p>\n<div><img loading=\"lazy\" decoding=\"async\" class=\"alignnone size-large wp-image-2470\" src=\"https:\/\/www.stromsbergsbruk.nu\/wp-content\/uploads\/f\u00f6rsta-brygga-ilagd-768x1024.jpg\" alt=\"\" width=\"640\" height=\"853\" srcset=\"https:\/\/www.stromsbergsbruk.nu\/wp-content\/uploads\/f\u00f6rsta-brygga-ilagd-768x1024.jpg 768w, https:\/\/www.stromsbergsbruk.nu\/wp-content\/uploads\/f\u00f6rsta-brygga-ilagd-225x300.jpg 225w\" sizes=\"auto, (max-width: 640px) 100vw, 640px\" \/><\/div>\n<p>&nbsp;<\/p>\n<p><strong><br \/>\n<\/strong><strong>Intressanta l\u00e4mningar kring T\u00e4mnar\u00e5n<\/strong><\/p>\n<\/div>\n<p>P\u00e5 paddlingsstr\u00e4ckan Str\u00f6msbergs bruk \u2013 V\u00e4stland \u2013 liksom p\u00e5 en del andra etapper \u2013 m\u00e5ste vissa partier passeras landv\u00e4gen. Vi unders\u00f6ker intressanta ev. historiska l\u00e4mningar, naturv\u00e4rden och annat som kan locka till bes\u00f6k under \u201dlandvandringen\u201d med kanoten och g\u00f6ra arrangemang kring dessa.<\/p>\n<p>Har du tips om detta \u2013 h\u00f6r av dig till Samarbetskommitt\u00e9n!<\/p>\n<figure id=\"attachment_2077\" aria-describedby=\"caption-attachment-2077\" style=\"width: 640px\" class=\"wp-caption alignnone\"><img loading=\"lazy\" decoding=\"async\" class=\"wp-image-2077 size-large\" src=\"https:\/\/www.stromsbergsbruk.nu\/wp-content\/uploads\/Tegelbruket-768x1024.jpg\" alt=\"\" width=\"640\" height=\"853\" srcset=\"https:\/\/www.stromsbergsbruk.nu\/wp-content\/uploads\/Tegelbruket-768x1024.jpg 768w, https:\/\/www.stromsbergsbruk.nu\/wp-content\/uploads\/Tegelbruket-225x300.jpg 225w\" sizes=\"auto, (max-width: 640px) 100vw, 640px\" \/><figcaption id=\"caption-attachment-2077\" class=\"wp-caption-text\">Kanske en r\u00f6jning kring och upprustning av denna gamla tegelbruksugn bel\u00e4gen invid \u00e5stranden vore m\u00f6jlig och d\u00e5 kunna vara intressant att bese vid f\u00e4rden p\u00e5 vatten eller till lands.<\/figcaption><\/figure>\n<p>&nbsp;<\/p>\n<p>&nbsp;<\/p>\n<p><strong>Kanotled delstr\u00e4cka Str\u00f6msbergs bruk \u2013 V\u00e4stland.<\/strong><\/p>\n<p>&nbsp;<\/p>\n<figure id=\"attachment_2058\" aria-describedby=\"caption-attachment-2058\" style=\"width: 640px\" class=\"wp-caption alignnone\"><img loading=\"lazy\" decoding=\"async\" class=\"wp-image-2058 size-large\" src=\"https:\/\/www.stromsbergsbruk.nu\/wp-content\/uploads\/1-1-768x1024.jpg\" alt=\"\" width=\"640\" height=\"853\" srcset=\"https:\/\/www.stromsbergsbruk.nu\/wp-content\/uploads\/1-1-768x1024.jpg 768w, https:\/\/www.stromsbergsbruk.nu\/wp-content\/uploads\/1-1-225x300.jpg 225w\" sizes=\"auto, (max-width: 640px) 100vw, 640px\" \/><figcaption id=\"caption-attachment-2058\" class=\"wp-caption-text\">1<\/figcaption><\/figure>\n<figure id=\"attachment_2059\" aria-describedby=\"caption-attachment-2059\" style=\"width: 640px\" class=\"wp-caption alignnone\"><img loading=\"lazy\" decoding=\"async\" class=\"wp-image-2059 size-large\" src=\"https:\/\/www.stromsbergsbruk.nu\/wp-content\/uploads\/2-1-768x1024.jpg\" alt=\"\" width=\"640\" height=\"853\" srcset=\"https:\/\/www.stromsbergsbruk.nu\/wp-content\/uploads\/2-1-768x1024.jpg 768w, https:\/\/www.stromsbergsbruk.nu\/wp-content\/uploads\/2-1-225x300.jpg 225w\" sizes=\"auto, (max-width: 640px) 100vw, 640px\" \/><figcaption id=\"caption-attachment-2059\" class=\"wp-caption-text\">2<\/figcaption><\/figure>\n<figure id=\"attachment_2060\" aria-describedby=\"caption-attachment-2060\" style=\"width: 640px\" class=\"wp-caption alignnone\"><img loading=\"lazy\" decoding=\"async\" class=\"wp-image-2060 size-large\" src=\"https:\/\/www.stromsbergsbruk.nu\/wp-content\/uploads\/3-1-768x1024.jpg\" alt=\"\" width=\"640\" height=\"853\" srcset=\"https:\/\/www.stromsbergsbruk.nu\/wp-content\/uploads\/3-1-768x1024.jpg 768w, https:\/\/www.stromsbergsbruk.nu\/wp-content\/uploads\/3-1-225x300.jpg 225w\" sizes=\"auto, (max-width: 640px) 100vw, 640px\" \/><figcaption id=\"caption-attachment-2060\" class=\"wp-caption-text\">3<\/figcaption><\/figure>\n<figure id=\"attachment_2061\" aria-describedby=\"caption-attachment-2061\" style=\"width: 640px\" class=\"wp-caption alignnone\"><img loading=\"lazy\" decoding=\"async\" class=\"wp-image-2061 size-large\" src=\"https:\/\/www.stromsbergsbruk.nu\/wp-content\/uploads\/4-1-768x1024.jpg\" alt=\"\" width=\"640\" height=\"853\" srcset=\"https:\/\/www.stromsbergsbruk.nu\/wp-content\/uploads\/4-1-768x1024.jpg 768w, https:\/\/www.stromsbergsbruk.nu\/wp-content\/uploads\/4-1-225x300.jpg 225w\" sizes=\"auto, (max-width: 640px) 100vw, 640px\" \/><figcaption id=\"caption-attachment-2061\" class=\"wp-caption-text\">4<\/figcaption><\/figure>\n<figure id=\"attachment_2062\" aria-describedby=\"caption-attachment-2062\" style=\"width: 640px\" class=\"wp-caption alignnone\"><img loading=\"lazy\" decoding=\"async\" class=\"wp-image-2062 size-large\" src=\"https:\/\/www.stromsbergsbruk.nu\/wp-content\/uploads\/5-1-768x1024.jpg\" alt=\"\" width=\"640\" height=\"853\" srcset=\"https:\/\/www.stromsbergsbruk.nu\/wp-content\/uploads\/5-1-768x1024.jpg 768w, https:\/\/www.stromsbergsbruk.nu\/wp-content\/uploads\/5-1-225x300.jpg 225w\" sizes=\"auto, (max-width: 640px) 100vw, 640px\" \/><figcaption id=\"caption-attachment-2062\" class=\"wp-caption-text\">5<\/figcaption><\/figure>\n<figure id=\"attachment_2063\" aria-describedby=\"caption-attachment-2063\" style=\"width: 640px\" class=\"wp-caption alignnone\"><img loading=\"lazy\" decoding=\"async\" class=\"size-large wp-image-2063\" src=\"https:\/\/www.stromsbergsbruk.nu\/wp-content\/uploads\/6-1-768x1024.jpg\" alt=\"\" width=\"640\" height=\"853\" srcset=\"https:\/\/www.stromsbergsbruk.nu\/wp-content\/uploads\/6-1-768x1024.jpg 768w, https:\/\/www.stromsbergsbruk.nu\/wp-content\/uploads\/6-1-225x300.jpg 225w\" sizes=\"auto, (max-width: 640px) 100vw, 640px\" \/><figcaption id=\"caption-attachment-2063\" class=\"wp-caption-text\">6<\/figcaption><\/figure>\n<p>&nbsp;<\/p>\n<p>Text till bilderna ovan:<\/p>\n<ol>\n<li>Efter il\u00e4gg av kanoten under gamla j\u00e4rnv\u00e4gsbron \u2013 en ganska lugn paddling norrut.<\/li>\n<\/ol>\n<p>2 o 3. H\u00e4r v\u00e4ntar Tegelverks- och Braxenstr\u00f6mmarna! Den dj\u00e4rve paddlaren tar sig kanske igenom. F\u00f6r andra finns bryggor p\u00e5 \u00f6mse sidor str\u00f6mmarna f\u00f6r att ta upp kanoten och passera landv\u00e4gen.<\/p>\n<ol start=\"4\">\n<li>En del v\u00e4xtlighet m\u00e5ste r\u00f6jas f\u00f6r att g\u00f6ra framkomlighet vis paddling m\u00f6jlig.<\/li>\n<\/ol>\n<p>&nbsp;<\/p>\n<ol start=\"5\">\n<li>Vid Bolstabron anl\u00e4ggs en upptagningsbrygga och man f\u00e5r ta sig landv\u00e4gen f\u00f6rbi kraftverket i V\u00e4stland \u2013 6.<\/li>\n<\/ol>\n<p>&nbsp;<\/p>\n<p>Se bilder fr\u00e5n f\u00f6rstudierna sommaren 2015 nedan.<\/p>\n<p><a href=\"https:\/\/www.stromsbergsbruk.nu\/wp-content\/uploads\/Karta-T\u00e4mnar\u00e5n-med-bilder-3..png\"><img loading=\"lazy\" decoding=\"async\" class=\"alignnone size-full wp-image-1357\" src=\"https:\/\/www.stromsbergsbruk.nu\/wp-content\/uploads\/Karta-T\u00e4mnar\u00e5n-med-bilder-3..png\" alt=\"Karta T\u00e4mnar\u00e5n med bilder \" width=\"1000\" height=\"1375\" srcset=\"https:\/\/www.stromsbergsbruk.nu\/wp-content\/uploads\/Karta-T\u00e4mnar\u00e5n-med-bilder-3..png 1000w, https:\/\/www.stromsbergsbruk.nu\/wp-content\/uploads\/Karta-T\u00e4mnar\u00e5n-med-bilder-3.-218x300.png 218w, https:\/\/www.stromsbergsbruk.nu\/wp-content\/uploads\/Karta-T\u00e4mnar\u00e5n-med-bilder-3.-744x1024.png 744w\" sizes=\"auto, (max-width: 1000px) 100vw, 1000px\" \/><\/a><\/p>\n<p>&nbsp;<\/p>\n<p>&nbsp;<\/p>\n<p><strong>T\u00e4mnar\u00e5n som kommunikationsled &#8211; lite historik.<\/strong><\/p>\n<p>Kanske kan \u00e5n \u201d\u00e5terupplivas\u201d n\u00e5got genom v\u00e5rt projekt och v\u00e5ra gemensamma insatser. Att \u00e5n historiskt sett haft stor betydelse som vattenled framg\u00e5r av en del tidningsklipp, som I Helander gjort. De mesta \u00e4r saxat ur tidningen \u201dTierpsposten\u201d.<\/p>\n<p>Okt. 1890 \u2013 Man unders\u00f6ker om \u201dkanalen\u201d Str\u00f6msbergs bruk \u2013 Fors via sluss kan f\u00f6rl\u00e4ngas till Husbyborg. D\u00e4rifr\u00e5n skulle pr\u00e5marna dras till Ullfors p\u00e5 det s.k. sp\u00e5rv\u00e4gssystemet.<\/p>\n<p>Aug. 1895 \u2013 Tankar finns att g\u00f6ra \u00e5n farbar f\u00f6r \u00e5ngb\u00e5tstrafik l\u00e4ngre s\u00f6derut till sj\u00f6n T\u00e4mnaren. B\u00e5tar skulle d\u00e5 kunna g\u00e5 \u00e4nda till \u00d6sterv\u00e5la och Harbo.<\/p>\n<p>Febr. 1901 \u2013 Det f\u00f6religger stora problem med \u00f6versv\u00e4mmad mark h\u00f6st och v\u00e5r kring T\u00e4mnar\u00e5n (\u201dTierps\u00e5n\u201d) i omr\u00e5det Fors \u2013 Str\u00f6msberg bruk. Flera hundra ha jord anses via vattenreglering kunna anv\u00e4ndas till jordbruksmark i st\u00e4llet f\u00f6r som nu enbart till obrukbart starrgr\u00e4s.<\/p>\n<p>Sept. 1907 \u2013 I en artikel om Str\u00f6msbergs bruk noteras att brukets \u00e4gare Wachtmeister inr\u00e4ttat \u00e5ngb\u00e5tsfart med transport av malm, j\u00e4rn, virke, mm p\u00e5 \u201dTierps\u00e5n\u201d.<\/p>\n<p>Juli 1908 \u2013 Nykterhetsorganisationer har firat midsommar i Str\u00f6msbergs bruk. Transport skedde p\u00e5 \u00e5n i l\u00f6vad \u00e5ngb\u00e5t och pr\u00e5mar fr\u00e5n Fors g\u00e5rd till bruket p\u00e5 greve Wachtmeisters bekostnad.<\/p>\n<p>Jan.\u00a0 1912 \u2013 H\u00e4r dyker namnet \u201dT\u00e4mnar\u00e5n\u201d\u00a0 upp f\u00f6r f\u00f6rsta g\u00e5ngen i en tidningsartikel \u201dSj\u00f6farten p\u00e5 Tierpssl\u00e4tten\u201d. \u00c5n beskrivs som \u201dseglingsled\u201d och att flottningsd:o skall uppf\u00f6ras.<\/p>\n<p>Febr. 1914 \u2013 Strand\u00e4gare kring \u00e5n kallas till m\u00f6te f\u00f6r diskussion\/information ang. iordningsst\u00e4llande av flottled fr\u00e5n Str\u00f6msbergs bruk till havet (Holmens bruk).<\/p>\n<p>Vid en senare upptecknad levnadsbeskrivning: \u201dS\u00e5gverket i Str\u00f6msberg slukar massor av timmer, och efter v\u00e4garna g\u00e5 l\u00e5nga rader av j\u00e4rn, tr\u00e4- och kolforor. Det \u00e4r \u00e5ren f\u00f6re v\u00e4rldskriget, de lyckligaste \u00e5ren i v\u00e5rt liv\u201d.<\/p>\n<p>1958 \u2013 En tidningsartikel med rubriken \u201dN\u00e4r Tierp var hamnstad\u201d.<br \/>\nF\u00f6r 50 \u00e5r sedan kunde man f\u00e4rdas med \u00e5ngb\u00e5t fr\u00e5n kajen i Tierp till Str\u00f6msberg och uppstr\u00f6ms till Fors. \u00c5ngb\u00e5ten hette Svane-Nisse och tidigare g\u00e5tt p\u00e5 \u00c5ngerman\u00e4lven. Bruket k\u00f6pte b\u00e5ten f\u00f6r bogsering av pr\u00e5mar lastade med malm, tackj\u00e4rn och kol. P\u00e5 s\u00f6ndagar kunde b\u00e5ten hyras f\u00f6r utflykter.<br \/>\nEn annan \u00e5ngb\u00e5t var \u201dStr\u00f6msberg\u201d.<\/p>\n<p>Dessutom finns ett antal tidningsartiklar om s\u00e5v\u00e4l j\u00e4rnv\u00e4gs- som landtrafik, person- och varutransport samt postg\u00e5ng, mm. till och fr\u00e5n bruket.<\/p>\n<p>&nbsp;<\/p>\n<p>&nbsp;<\/p>\n<p>&nbsp;<\/p>\n","protected":false},"excerpt":{"rendered":"<p>Vi hyr ut kanot med k\u00e4rra, tv\u00e5 paddlar och flytv\u00e4star under tiden 1\/5 \u2013 30\/9. Skriftlig info och f\u00f6rslag till turer p\u00e5 T\u00e4mnar\u00e5n finns vid Bes\u00f6kscentrum, Str\u00f6msbergs bruk. Kostnad f\u00f6r 1 kanot (rymmer 2 vuxna + 2 barn) 350 kr\/dag. Kontakta tel. 070 \u2013 74 25 634 f\u00f6r bokning. Trevlig tur \u00f6nskar Samarbetskommitt\u00e9n Str\u00f6msbergs bruk. [&hellip;]<\/p>\n","protected":false},"author":1,"featured_media":0,"parent":0,"menu_order":0,"comment_status":"closed","ping_status":"closed","template":"","meta":{"footnotes":""},"class_list":["post-1948","page","type-page","status-publish","hentry"],"publishpress_future_action":{"enabled":false,"date":"2026-05-24 15:38:13","action":"change-status","newStatus":"draft","terms":[],"taxonomy":"","extraData":[]},"publishpress_future_workflow_manual_trigger":{"enabledWorkflows":[]},"_links":{"self":[{"href":"https:\/\/www.stromsbergsbruk.nu\/index.php?rest_route=\/wp\/v2\/pages\/1948","targetHints":{"allow":["GET"]}}],"collection":[{"href":"https:\/\/www.stromsbergsbruk.nu\/index.php?rest_route=\/wp\/v2\/pages"}],"about":[{"href":"https:\/\/www.stromsbergsbruk.nu\/index.php?rest_route=\/wp\/v2\/types\/page"}],"author":[{"embeddable":true,"href":"https:\/\/www.stromsbergsbruk.nu\/index.php?rest_route=\/wp\/v2\/users\/1"}],"replies":[{"embeddable":true,"href":"https:\/\/www.stromsbergsbruk.nu\/index.php?rest_route=%2Fwp%2Fv2%2Fcomments&post=1948"}],"version-history":[{"count":78,"href":"https:\/\/www.stromsbergsbruk.nu\/index.php?rest_route=\/wp\/v2\/pages\/1948\/revisions"}],"predecessor-version":[{"id":5111,"href":"https:\/\/www.stromsbergsbruk.nu\/index.php?rest_route=\/wp\/v2\/pages\/1948\/revisions\/5111"}],"wp:attachment":[{"href":"https:\/\/www.stromsbergsbruk.nu\/index.php?rest_route=%2Fwp%2Fv2%2Fmedia&parent=1948"}],"curies":[{"name":"wp","href":"https:\/\/api.w.org\/{rel}","templated":true}]}}