{"id":229,"date":"2013-06-03T10:33:52","date_gmt":"2013-06-03T08:33:52","guid":{"rendered":"http:\/\/www.stromsbergsbruk.nu\/?page_id=229"},"modified":"2026-03-13T13:37:12","modified_gmt":"2026-03-13T12:37:12","slug":"stromsbergs-bruksgille","status":"publish","type":"page","link":"https:\/\/www.stromsbergsbruk.nu\/?page_id=229","title":{"rendered":"Bruksgillet"},"content":{"rendered":"<p>Utdrag ur stadgarna:<br \/>\nStr\u00f6msbergs Bruksgille har till m\u00e5l att v\u00e4rna Str\u00f6msbergs historiska milj\u00f6<br \/>\noch industriminnen. Bruksgillet verkar ocks\u00e5 f\u00f6r att de historiska och<br \/>\nmilj\u00f6m\u00e4ssiga v\u00e4rdena i Str\u00f6msbergs bruk utvecklas f\u00f6r b\u00e5de boende<br \/>\noch bes\u00f6kare.<\/p>\n<p>F\u00f6reningen vill n\u00e5 dessa m\u00e5l bl.a. genom att:<br \/>\n\u2022 utveckla och synligg\u00f6ra Str\u00f6msbergs bruks kulturv\u00e4rden s\u00e5 att de<br \/>\nberikar den v\u00e4rdefulla milj\u00f6n samt gynnar boende, f\u00f6retagande och turism<br \/>\n\u2022 st\u00f6dja Stiftelsen Str\u00f6msbergs bruks Industriminnen i dess arbete att<br \/>\ndokumentera och v\u00e5rda industriminnena i Str\u00f6msbergs bruk<br \/>\n\u2022 fr\u00e4mja allm\u00e4nhetens intresse att bes\u00f6ka anl\u00e4ggningar och museer<br \/>\n\u2022 aktivt medverka i Str\u00f6msbergs bruks framtidsutveckling<br \/>\n\u2022 samverka med myndigheter, museer, kommunala organ, f\u00f6reningar,<br \/>\norganisationer och andra intressenter inom verksamhetsomr\u00e5det<br \/>\n\u2022 initiera verksamheter s\u00e5som studiecirklar, kurser, f\u00f6redrag, utflykter och<br \/>\nsammankomster<br \/>\n\u2022 aktivt medverka i fr\u00e5gor som r\u00f6r bygdens service och syssels\u00e4ttning<\/p>\n<p>Bruksgillet anordnar valborgsm\u00e4ssofirande, midsommarfirande och tillsammans med Str\u00f6msbergs samarbetskommitt\u00e9 (se flik) Str\u00f6msbergsdagen och Julmarknaden<\/p>\n<p>Gillet \u00e4ger och f\u00f6rvaltar Bagarstugan (se flik)<\/p>\n<p>I verksamheten ing\u00e5r ocks\u00e5 V\u00e4vstugan (se flik)<\/p>\n<p>Kontakt: bruksgillet.stromsberg@gmail.<wbr \/>com<\/p>\n<p>Medlemsavgiften i Bruksgillet \u00e4r 150kr f\u00f6r enskild, 250 kr f\u00f6r familj och 600kr f\u00f6r f\u00f6retag.<br \/>\nPlusgiro 4766909-8<\/p>\n<p>Str\u00f6msbergs Bruksgille samarbetar med NBV<\/p>\n<figure id=\"attachment_1692\" aria-describedby=\"caption-attachment-1692\" style=\"width: 300px\" class=\"wp-caption alignnone\"><img loading=\"lazy\" decoding=\"async\" class=\"size-medium wp-image-1692\" src=\"https:\/\/www.stromsbergsbruk.nu\/wp-content\/uploads\/Swish_440x220_budskap3-300x150.png\" alt=\"\" width=\"300\" height=\"150\" srcset=\"https:\/\/www.stromsbergsbruk.nu\/wp-content\/uploads\/Swish_440x220_budskap3-300x150.png 300w, https:\/\/www.stromsbergsbruk.nu\/wp-content\/uploads\/Swish_440x220_budskap3.png 440w\" sizes=\"auto, (max-width: 300px) 100vw, 300px\" \/><figcaption id=\"caption-attachment-1692\" class=\"wp-caption-text\"><strong>Swishnummer 1236702542<\/strong><\/figcaption><\/figure>\n<p>&nbsp;<\/p>\n<p><strong>Historik:<\/strong><br \/>\n<em>I samband med upprustningen av bagarstugan f\u00f6ddes tanken att bilda ett byalag.<\/em><br \/>\n<em>Den 15 november 1982 kallade man till ett m\u00f6te i brukslokalen d\u00e4r ett 40-tal<\/em><br \/>\n<em>Str\u00f6msbergsbor kom. M\u00f6tet beslutade att ett bruksgille skulle bildas och en<\/em><br \/>\n<em>valberedning uts\u00e5gs.<\/em><br \/>\n<em>Den 6 dec samma \u00e5r h\u00f6lls m\u00f6tet d\u00e5 Str\u00f6msbergs Bruksgille formellt bildades.<\/em><br \/>\n<em>Den f\u00f6rsta aktiviteten Bruksgillet anordnade blev julpyssel.<\/em><br \/>\n<em>Under \u00e5ren har Bruksgillet anordnat mycket aktiviteter f\u00f6r Str\u00f6msbergsborna s\u00e5 som<\/em><br \/>\n<em>hantverkskv\u00e4llar, filmkv\u00e4llar, musikcaf\u00e9, g\u00f6kottor, julbord m.m.<\/em><br \/>\n<em>1982 blev Str\u00f6msbergs bruk f\u00f6reslaget som plats f\u00f6r arrangemanget \u201dBrukets dag\u201d.<\/em><br \/>\n<em>Arrangemanget p\u00e5gick i tv\u00e5 dagar, l\u00f6rdagen den 14 augusti var det aktiviteter i bruket<\/em><br \/>\n<em>och s\u00f6ndagen den 15 var det i Tolfta kyrka med visning, h\u00f6gm\u00e4ssa och folkdans.<\/em><br \/>\n<em>1983 blev Brukets dag omd\u00f6pt till Str\u00f6msbergsdagen.<\/em><\/p>\n<p><a href=\"https:\/\/www.stromsbergsbruk.nu\/wp-content\/uploads\/\u00c5rsm\u00f6tesprotokoll-2024-med-bilagor.pdf\">Protokoll \u00e5rsm\u00f6te 2024 med bilagor<\/a><\/p>\n<p><a href=\"https:\/\/www.stromsbergsbruk.nu\/wp-content\/uploads\/Protokoll-h\u00f6stm\u00f6te-2023-med-bilaga.pdf\">Protokoll h\u00f6stm\u00f6te 2023 med bilaga<\/a><\/p>\n<p>Bilder fr\u00e5n midsommarfirandet 2019<\/p>\n<p>&nbsp;<\/p>\n<p><span style=\"color: #000000;\"><b><img loading=\"lazy\" decoding=\"async\" class=\"alignnone size-full wp-image-2180\" src=\"https:\/\/www.stromsbergsbruk.nu\/wp-content\/uploads\/Midsommarfirande-2019-foto-Ingvar-Helander-1.jpg\" alt=\"\" width=\"640\" height=\"427\" srcset=\"https:\/\/www.stromsbergsbruk.nu\/wp-content\/uploads\/Midsommarfirande-2019-foto-Ingvar-Helander-1.jpg 640w, https:\/\/www.stromsbergsbruk.nu\/wp-content\/uploads\/Midsommarfirande-2019-foto-Ingvar-Helander-1-300x200.jpg 300w\" sizes=\"auto, (max-width: 640px) 100vw, 640px\" \/><\/b><\/span><\/p>\n<p><img loading=\"lazy\" decoding=\"async\" class=\"alignnone size-full wp-image-2181\" src=\"https:\/\/www.stromsbergsbruk.nu\/wp-content\/uploads\/Midsommarfirande-2019-foto-Ingvar-Helander-2.jpg\" alt=\"\" width=\"640\" height=\"427\" srcset=\"https:\/\/www.stromsbergsbruk.nu\/wp-content\/uploads\/Midsommarfirande-2019-foto-Ingvar-Helander-2.jpg 640w, https:\/\/www.stromsbergsbruk.nu\/wp-content\/uploads\/Midsommarfirande-2019-foto-Ingvar-Helander-2-300x200.jpg 300w\" sizes=\"auto, (max-width: 640px) 100vw, 640px\" \/><\/p>\n<p><img loading=\"lazy\" decoding=\"async\" class=\"alignnone size-full wp-image-2182\" src=\"https:\/\/www.stromsbergsbruk.nu\/wp-content\/uploads\/Midsommarfirande-2019-foto-Ingvar-Helander-3.jpg\" alt=\"\" width=\"640\" height=\"360\" srcset=\"https:\/\/www.stromsbergsbruk.nu\/wp-content\/uploads\/Midsommarfirande-2019-foto-Ingvar-Helander-3.jpg 640w, https:\/\/www.stromsbergsbruk.nu\/wp-content\/uploads\/Midsommarfirande-2019-foto-Ingvar-Helander-3-300x169.jpg 300w\" sizes=\"auto, (max-width: 640px) 100vw, 640px\" \/><\/p>\n<p><strong><br \/>\nFotograf: <\/strong>Ingvar Helander<strong><br \/>\n<\/strong><\/p>\n<p><span style=\"color: #000000;\"><b>\u00a0<\/b><\/span><\/p>\n<p>&nbsp;<\/p>\n<p>&nbsp;<\/p>\n<p><strong>\u00a0<\/strong><\/p>\n<p><strong>\u00a0<\/strong><\/p>\n<h2><strong>\u00a0<\/strong><\/h2>\n<p>&nbsp;<\/p>\n","protected":false},"excerpt":{"rendered":"<p>Utdrag ur stadgarna: Str\u00f6msbergs Bruksgille har till m\u00e5l att v\u00e4rna Str\u00f6msbergs historiska milj\u00f6 och industriminnen. Bruksgillet verkar ocks\u00e5 f\u00f6r att de historiska och milj\u00f6m\u00e4ssiga v\u00e4rdena i Str\u00f6msbergs bruk utvecklas f\u00f6r b\u00e5de boende och bes\u00f6kare. F\u00f6reningen vill n\u00e5 dessa m\u00e5l bl.a. genom att: \u2022 utveckla och synligg\u00f6ra Str\u00f6msbergs bruks kulturv\u00e4rden s\u00e5 att de berikar den v\u00e4rdefulla [&hellip;]<\/p>\n","protected":false},"author":1,"featured_media":0,"parent":0,"menu_order":0,"comment_status":"closed","ping_status":"closed","template":"","meta":{"footnotes":""},"class_list":["post-229","page","type-page","status-publish","hentry"],"publishpress_future_action":{"enabled":false,"date":"2026-05-24 15:38:04","action":"change-status","newStatus":"draft","terms":[],"taxonomy":"","extraData":[]},"publishpress_future_workflow_manual_trigger":{"enabledWorkflows":[]},"_links":{"self":[{"href":"https:\/\/www.stromsbergsbruk.nu\/index.php?rest_route=\/wp\/v2\/pages\/229","targetHints":{"allow":["GET"]}}],"collection":[{"href":"https:\/\/www.stromsbergsbruk.nu\/index.php?rest_route=\/wp\/v2\/pages"}],"about":[{"href":"https:\/\/www.stromsbergsbruk.nu\/index.php?rest_route=\/wp\/v2\/types\/page"}],"author":[{"embeddable":true,"href":"https:\/\/www.stromsbergsbruk.nu\/index.php?rest_route=\/wp\/v2\/users\/1"}],"replies":[{"embeddable":true,"href":"https:\/\/www.stromsbergsbruk.nu\/index.php?rest_route=%2Fwp%2Fv2%2Fcomments&post=229"}],"version-history":[{"count":35,"href":"https:\/\/www.stromsbergsbruk.nu\/index.php?rest_route=\/wp\/v2\/pages\/229\/revisions"}],"predecessor-version":[{"id":5038,"href":"https:\/\/www.stromsbergsbruk.nu\/index.php?rest_route=\/wp\/v2\/pages\/229\/revisions\/5038"}],"wp:attachment":[{"href":"https:\/\/www.stromsbergsbruk.nu\/index.php?rest_route=%2Fwp%2Fv2%2Fmedia&parent=229"}],"curies":[{"name":"wp","href":"https:\/\/api.w.org\/{rel}","templated":true}]}}