{"id":2316,"date":"2019-11-28T20:03:27","date_gmt":"2019-11-28T19:03:27","guid":{"rendered":"http:\/\/www.stromsbergsbruk.nu\/?page_id=2316"},"modified":"2019-11-28T20:10:19","modified_gmt":"2019-11-28T19:10:19","slug":"arbetets-munterhet-eller-de-giva-oss-slagg-for-malm","status":"publish","type":"page","link":"https:\/\/www.stromsbergsbruk.nu\/?page_id=2316","title":{"rendered":"Arbetets munterhet&#8230; eller &#8230;de giva oss slagg f\u00f6r malm&#8230;"},"content":{"rendered":"<p><img loading=\"lazy\" decoding=\"async\" class=\"alignnone size-large wp-image-2305\" src=\"https:\/\/www.stromsbergsbruk.nu\/wp-content\/uploads\/1-2-1024x767.jpg\" alt=\"\" width=\"640\" height=\"479\" srcset=\"https:\/\/www.stromsbergsbruk.nu\/wp-content\/uploads\/1-2-1024x767.jpg 1024w, https:\/\/www.stromsbergsbruk.nu\/wp-content\/uploads\/1-2-300x225.jpg 300w, https:\/\/www.stromsbergsbruk.nu\/wp-content\/uploads\/1-2-768x575.jpg 768w\" sizes=\"auto, (max-width: 640px) 100vw, 640px\" \/><strong>Vak upp till m\u00f6da, min raska arm!<\/strong><br \/>\n<strong>Vak upp med makt,<\/strong><br \/>\n<strong>Min trogna dundrande sl\u00e4gga!<\/strong><br \/>\n<strong>Den dagen skole vi h\u00e5lla varm.<\/strong><br \/>\n<strong>Tills sent ikv\u00e4ll vi oss l\u00e4gga!<br \/>\n<\/strong>(Johan Olof Wallin)<\/p>\n<p><img loading=\"lazy\" decoding=\"async\" class=\"alignnone size-large wp-image-2306\" src=\"https:\/\/www.stromsbergsbruk.nu\/wp-content\/uploads\/2-2-1024x767.jpg\" alt=\"\" width=\"640\" height=\"479\" srcset=\"https:\/\/www.stromsbergsbruk.nu\/wp-content\/uploads\/2-2-1024x767.jpg 1024w, https:\/\/www.stromsbergsbruk.nu\/wp-content\/uploads\/2-2-300x225.jpg 300w, https:\/\/www.stromsbergsbruk.nu\/wp-content\/uploads\/2-2-768x575.jpg 768w\" sizes=\"auto, (max-width: 640px) 100vw, 640px\" \/><br \/>\n<strong>H\u00e4r st\u00e5r de stora fabrikerna<\/strong><br \/>\n<strong>m\u00f6rka under himlen &#8211;<\/strong><br \/>\n<strong>Fick de inte v\u00e5rt blod\u00a0<\/strong><br \/>\n<strong>skulle de inte kunna leva<\/strong><br \/>\n<strong>och inte sjunga maskinvisor.<\/strong><br \/>\n<strong>V\u00e5rt blod \u00e4r det<\/strong><br \/>\n<strong>som om natten flammar ur f\u00f6nsterna&#8230;<br \/>\n<\/strong>(Artur Lundkvist)<\/p>\n<p><img loading=\"lazy\" decoding=\"async\" class=\"alignnone size-large wp-image-2307\" src=\"https:\/\/www.stromsbergsbruk.nu\/wp-content\/uploads\/3-2-1024x793.jpg\" alt=\"\" width=\"640\" height=\"496\" srcset=\"https:\/\/www.stromsbergsbruk.nu\/wp-content\/uploads\/3-2-1024x793.jpg 1024w, https:\/\/www.stromsbergsbruk.nu\/wp-content\/uploads\/3-2-300x232.jpg 300w, https:\/\/www.stromsbergsbruk.nu\/wp-content\/uploads\/3-2-768x595.jpg 768w\" sizes=\"auto, (max-width: 640px) 100vw, 640px\" \/><strong>Vulkans\u00f6ner&#8230; bjuda&#8230; ett sk\u00e5despel av det h\u00e5rdaste<\/strong><br \/>\n<strong>arbetets munterhet&#8230; ur smedjan uppstigande eldkvastar&#8230;<\/strong><br \/>\n(Erik Gustav Geijer)<\/p>\n<p><img loading=\"lazy\" decoding=\"async\" class=\"alignnone size-large wp-image-2308\" src=\"https:\/\/www.stromsbergsbruk.nu\/wp-content\/uploads\/4-2-1024x758.jpg\" alt=\"\" width=\"640\" height=\"474\" srcset=\"https:\/\/www.stromsbergsbruk.nu\/wp-content\/uploads\/4-2-1024x758.jpg 1024w, https:\/\/www.stromsbergsbruk.nu\/wp-content\/uploads\/4-2-300x222.jpg 300w, https:\/\/www.stromsbergsbruk.nu\/wp-content\/uploads\/4-2-768x569.jpg 768w\" sizes=\"auto, (max-width: 640px) 100vw, 640px\" \/><br \/>\n<strong>Of\u00f6rn\u00f6jd med tillvaron var du inte men kv\u00e4llarnas och n\u00e4tternas vila beh\u00f6vde du, n\u00e4sta dag skulle herrg\u00e5rdspatron&#8230; \u00e5ter han din kraft.\u00a0<\/strong><br \/>\n(Gunnar Adolfsson)<\/p>\n<p><img loading=\"lazy\" decoding=\"async\" class=\"alignnone size-large wp-image-2309\" src=\"https:\/\/www.stromsbergsbruk.nu\/wp-content\/uploads\/5-2-1024x753.jpg\" alt=\"\" width=\"640\" height=\"471\" srcset=\"https:\/\/www.stromsbergsbruk.nu\/wp-content\/uploads\/5-2-1024x753.jpg 1024w, https:\/\/www.stromsbergsbruk.nu\/wp-content\/uploads\/5-2-300x221.jpg 300w, https:\/\/www.stromsbergsbruk.nu\/wp-content\/uploads\/5-2-768x565.jpg 768w\" sizes=\"auto, (max-width: 640px) 100vw, 640px\" \/><br \/>\n<strong>D\u00e4ruppe p\u00e5 v\u00e4sande masugnskransen ur l\u00e5gorna stiger den virvlande dansen <\/strong><br \/>\n<strong>av gnistor, som glimma som stj\u00e4rnor mot h\u00f6stnattens bl\u00e5gr\u00e5 sky.\u00a0<\/strong><br \/>\n<strong>Och d\u00e5net av dunkande st\u00e5ngj\u00e4rnshammar<\/strong><br \/>\n<strong>g\u00e5r vida kring speglande, nyfrusna dammar&#8230;<\/strong><br \/>\n(Olof Thunman)<\/p>\n<p><img loading=\"lazy\" decoding=\"async\" class=\"alignnone size-large wp-image-2310\" src=\"https:\/\/www.stromsbergsbruk.nu\/wp-content\/uploads\/6-2-1024x716.jpg\" alt=\"\" width=\"640\" height=\"448\" srcset=\"https:\/\/www.stromsbergsbruk.nu\/wp-content\/uploads\/6-2-1024x716.jpg 1024w, https:\/\/www.stromsbergsbruk.nu\/wp-content\/uploads\/6-2-300x210.jpg 300w, https:\/\/www.stromsbergsbruk.nu\/wp-content\/uploads\/6-2-768x537.jpg 768w\" sizes=\"auto, (max-width: 640px) 100vw, 640px\" \/><br \/>\n<strong>Att h\u00e4rstamma fr\u00e5n vallonerna ans\u00e5g en del vallonsl\u00e4kter\u00a0<\/strong><br \/>\n<strong>&#8211; en del av \u00f6vriga arbetarna ocks\u00e5 f\u00f6r den delen &#8211; som n\u00e5got extra f\u00f6rn\u00e4mt. M\u00e5nga vallonsmeder tyckte sig st\u00e5\u00a0<\/strong><strong>\u00f6ver de andra arbetarna.<\/strong><br \/>\n(Karl Kilbom)<\/p>\n<p><img loading=\"lazy\" decoding=\"async\" class=\"alignnone size-large wp-image-2311\" src=\"https:\/\/www.stromsbergsbruk.nu\/wp-content\/uploads\/7-1-1024x710.jpg\" alt=\"\" width=\"640\" height=\"444\" srcset=\"https:\/\/www.stromsbergsbruk.nu\/wp-content\/uploads\/7-1-1024x710.jpg 1024w, https:\/\/www.stromsbergsbruk.nu\/wp-content\/uploads\/7-1-300x208.jpg 300w, https:\/\/www.stromsbergsbruk.nu\/wp-content\/uploads\/7-1-768x533.jpg 768w\" sizes=\"auto, (max-width: 640px) 100vw, 640px\" \/><strong>Arbetarna var m\u00e4nniskor som utnyttjades och utpl\u00e5nades. De flesta var l\u00e4nge egendomsl\u00f6sa analfabeter som varken l\u00e4mnade brev eller \u00e4godelar efter sig. De uppgifter som finns var om dem \u00e4r s\u00e5 gott som &#8221;andrahandsmeddelanden&#8221; &#8211; arbetsgivares, domstolars, l\u00e4kares och pr\u00e4sters utl\u00e5tanden, ofta tendensi\u00f6sa partsinlagor.\u00a0 <\/strong><br \/>\n(Per Anders Fogelstr\u00f6m)<\/p>\n<p><img loading=\"lazy\" decoding=\"async\" class=\"alignnone size-large wp-image-2312\" src=\"https:\/\/www.stromsbergsbruk.nu\/wp-content\/uploads\/8-1-1024x725.jpg\" alt=\"\" width=\"640\" height=\"453\" srcset=\"https:\/\/www.stromsbergsbruk.nu\/wp-content\/uploads\/8-1-1024x725.jpg 1024w, https:\/\/www.stromsbergsbruk.nu\/wp-content\/uploads\/8-1-300x213.jpg 300w, https:\/\/www.stromsbergsbruk.nu\/wp-content\/uploads\/8-1-768x544.jpg 768w\" sizes=\"auto, (max-width: 640px) 100vw, 640px\" \/><strong>Marken var svart vida omkring&#8230; Fr\u00e5n byggnaden h\u00f6rdes ett obeskrivligt larm. Det d\u00e5nade och fr\u00e4ste. Det l\u00e4t, som n\u00e5gon med starka slag s\u00f6kte f\u00f6rsvara sig sig mot ett v\u00e4sande vilddjur.<\/strong><br \/>\n(Selma Lagerl\u00f6f)<\/p>\n<p><img loading=\"lazy\" decoding=\"async\" class=\"alignnone size-large wp-image-2313\" src=\"https:\/\/www.stromsbergsbruk.nu\/wp-content\/uploads\/9-1-1024x715.jpg\" alt=\"\" width=\"640\" height=\"447\" srcset=\"https:\/\/www.stromsbergsbruk.nu\/wp-content\/uploads\/9-1-1024x715.jpg 1024w, https:\/\/www.stromsbergsbruk.nu\/wp-content\/uploads\/9-1-300x209.jpg 300w, https:\/\/www.stromsbergsbruk.nu\/wp-content\/uploads\/9-1-768x536.jpg 768w\" sizes=\"auto, (max-width: 640px) 100vw, 640px\" \/><strong>Det gick en sotig m\u00e4nska med \u00f6gon matt som porslin <\/strong><br \/>\n<strong>och svettades hett under sotet i de vassaste vindarnas vin. <\/strong><br \/>\n<strong>Hans sj\u00e4l kunder brinna som andras, hans br\u00f6st hade hat <\/strong><br \/>\n<strong>och tro<\/strong><br \/>\n<strong>och l\u00e4ngtan steg med r\u00f6ken ur skogens eviga ro.<\/strong><br \/>\n(Dan Andersson)<\/p>\n<p><img loading=\"lazy\" decoding=\"async\" class=\"alignnone size-large wp-image-2314\" src=\"https:\/\/www.stromsbergsbruk.nu\/wp-content\/uploads\/10-1-1024x821.jpg\" alt=\"\" width=\"640\" height=\"513\" srcset=\"https:\/\/www.stromsbergsbruk.nu\/wp-content\/uploads\/10-1-1024x821.jpg 1024w, https:\/\/www.stromsbergsbruk.nu\/wp-content\/uploads\/10-1-300x241.jpg 300w, https:\/\/www.stromsbergsbruk.nu\/wp-content\/uploads\/10-1-768x616.jpg 768w\" sizes=\"auto, (max-width: 640px) 100vw, 640px\" \/><strong>Vad hade vi f\u00f6r stolthet<\/strong><br \/>\n<strong>s\u00e5 n\u00e4r som p\u00e5 fina sandjordspotatis,<\/strong><br \/>\n<strong>den skr\u00f6t vi lite med, den var ljus och sl\u00e4t i skalet.<br \/>\n<\/strong>(Elsie Johansson)<\/p>\n<p><img loading=\"lazy\" decoding=\"async\" class=\"alignnone size-large wp-image-2315\" src=\"https:\/\/www.stromsbergsbruk.nu\/wp-content\/uploads\/11-1-1024x734.jpg\" alt=\"\" width=\"640\" height=\"459\" srcset=\"https:\/\/www.stromsbergsbruk.nu\/wp-content\/uploads\/11-1-1024x734.jpg 1024w, https:\/\/www.stromsbergsbruk.nu\/wp-content\/uploads\/11-1-300x215.jpg 300w, https:\/\/www.stromsbergsbruk.nu\/wp-content\/uploads\/11-1-768x550.jpg 768w\" sizes=\"auto, (max-width: 640px) 100vw, 640px\" \/><strong>Ur s\u00f6ndagskv\u00e4llens stillhet kan jag ana \u00e4n<br \/>\nhur \u00f6rat vilade och drack tystnad,<\/strong><br \/>\n<strong>N\u00e4r larmet f\u00f6r tolv korta timmar dog.<\/strong><br \/>\n<strong>Sedan sl\u00e5r minnet till sin motor:<\/strong><br \/>\n<strong>bullret kommer lunkande som s\u00e4vliga oxar,<\/strong><br \/>\n<strong>en knipphammare skrattade kallt och g\u00e4llt,<\/strong><br \/>\n<strong>slipmaskiner visslar\u00a0och sl\u00e4ggor sl\u00e5r&#8230;<\/strong><br \/>\n(Stig Sj\u00f6din)<\/p>\n<p>&nbsp;<\/p>\n<p>&nbsp;<\/p>\n<p>&nbsp;<\/p>\n<p>&nbsp;<\/p>\n<p>&nbsp;<\/p>\n","protected":false},"excerpt":{"rendered":"<p>Vak upp till m\u00f6da, min raska arm! Vak upp med makt, Min trogna dundrande sl\u00e4gga! Den dagen skole vi h\u00e5lla varm. Tills sent ikv\u00e4ll vi oss l\u00e4gga! (Johan Olof Wallin) H\u00e4r st\u00e5r de stora fabrikerna m\u00f6rka under himlen &#8211; Fick de inte v\u00e5rt blod\u00a0 skulle de inte kunna leva och inte sjunga maskinvisor. V\u00e5rt blod &hellip; <\/p>\n<p class=\"link-more\"><a href=\"https:\/\/www.stromsbergsbruk.nu\/?page_id=2316\" class=\"more-link\">Forts\u00e4tt l\u00e4sa<span class=\"screen-reader-text\"> \u201dArbetets munterhet&#8230; eller &#8230;de giva oss slagg f\u00f6r malm&#8230;\u201d<\/span><\/a><\/p>\n","protected":false},"author":1,"featured_media":0,"parent":0,"menu_order":0,"comment_status":"closed","ping_status":"closed","template":"","meta":{"footnotes":""},"class_list":["post-2316","page","type-page","status-publish","hentry"],"publishpress_future_action":{"enabled":false,"date":"2026-04-22 20:49:57","action":"change-status","newStatus":"draft","terms":[],"taxonomy":"","extraData":[]},"publishpress_future_workflow_manual_trigger":{"enabledWorkflows":[]},"_links":{"self":[{"href":"https:\/\/www.stromsbergsbruk.nu\/index.php?rest_route=\/wp\/v2\/pages\/2316","targetHints":{"allow":["GET"]}}],"collection":[{"href":"https:\/\/www.stromsbergsbruk.nu\/index.php?rest_route=\/wp\/v2\/pages"}],"about":[{"href":"https:\/\/www.stromsbergsbruk.nu\/index.php?rest_route=\/wp\/v2\/types\/page"}],"author":[{"embeddable":true,"href":"https:\/\/www.stromsbergsbruk.nu\/index.php?rest_route=\/wp\/v2\/users\/1"}],"replies":[{"embeddable":true,"href":"https:\/\/www.stromsbergsbruk.nu\/index.php?rest_route=%2Fwp%2Fv2%2Fcomments&post=2316"}],"version-history":[{"count":4,"href":"https:\/\/www.stromsbergsbruk.nu\/index.php?rest_route=\/wp\/v2\/pages\/2316\/revisions"}],"predecessor-version":[{"id":2322,"href":"https:\/\/www.stromsbergsbruk.nu\/index.php?rest_route=\/wp\/v2\/pages\/2316\/revisions\/2322"}],"wp:attachment":[{"href":"https:\/\/www.stromsbergsbruk.nu\/index.php?rest_route=%2Fwp%2Fv2%2Fmedia&parent=2316"}],"curies":[{"name":"wp","href":"https:\/\/api.w.org\/{rel}","templated":true}]}}