{"id":2380,"date":"2020-01-06T19:05:12","date_gmt":"2020-01-06T18:05:12","guid":{"rendered":"http:\/\/www.stromsbergsbruk.nu\/?page_id=2380"},"modified":"2020-01-08T09:10:44","modified_gmt":"2020-01-08T08:10:44","slug":"stromsbergs-bruk-det-vita-bruket","status":"publish","type":"page","link":"https:\/\/www.stromsbergsbruk.nu\/?page_id=2380","title":{"rendered":"Str\u00f6msbergs bruk \u2013 det vita bruket"},"content":{"rendered":"<p><img loading=\"lazy\" decoding=\"async\" class=\"alignnone size-full wp-image-2381\" src=\"https:\/\/www.stromsbergsbruk.nu\/wp-content\/uploads\/1-4.jpg\" alt=\"\" width=\"1699\" height=\"1160\" srcset=\"https:\/\/www.stromsbergsbruk.nu\/wp-content\/uploads\/1-4.jpg 1699w, https:\/\/www.stromsbergsbruk.nu\/wp-content\/uploads\/1-4-300x205.jpg 300w, https:\/\/www.stromsbergsbruk.nu\/wp-content\/uploads\/1-4-768x524.jpg 768w, https:\/\/www.stromsbergsbruk.nu\/wp-content\/uploads\/1-4-1024x699.jpg 1024w\" sizes=\"auto, (max-width: 767px) 89vw, (max-width: 1000px) 54vw, (max-width: 1071px) 543px, 580px\" \/><br \/>\nDet mest kompletta vallonbruket i Norduppland.<\/p>\n<p><img loading=\"lazy\" decoding=\"async\" class=\"alignnone size-full wp-image-2382\" src=\"https:\/\/www.stromsbergsbruk.nu\/wp-content\/uploads\/2-4.jpg\" alt=\"\" width=\"1775\" height=\"1156\" srcset=\"https:\/\/www.stromsbergsbruk.nu\/wp-content\/uploads\/2-4.jpg 1775w, https:\/\/www.stromsbergsbruk.nu\/wp-content\/uploads\/2-4-300x195.jpg 300w, https:\/\/www.stromsbergsbruk.nu\/wp-content\/uploads\/2-4-768x500.jpg 768w, https:\/\/www.stromsbergsbruk.nu\/wp-content\/uploads\/2-4-1024x667.jpg 1024w\" sizes=\"auto, (max-width: 767px) 89vw, (max-width: 1000px) 54vw, (max-width: 1071px) 543px, 580px\" \/> Bruket grundades 1643 av Welam Wervier \u2013 invandrad vallon, som bl. a. verkat som j\u00e4rnhandlare i Stockholm.<\/p>\n<p><img loading=\"lazy\" decoding=\"async\" class=\"alignnone size-full wp-image-2383\" src=\"https:\/\/www.stromsbergsbruk.nu\/wp-content\/uploads\/3-4.jpg\" alt=\"\" width=\"2247\" height=\"804\" srcset=\"https:\/\/www.stromsbergsbruk.nu\/wp-content\/uploads\/3-4.jpg 2247w, https:\/\/www.stromsbergsbruk.nu\/wp-content\/uploads\/3-4-300x107.jpg 300w, https:\/\/www.stromsbergsbruk.nu\/wp-content\/uploads\/3-4-768x275.jpg 768w, https:\/\/www.stromsbergsbruk.nu\/wp-content\/uploads\/3-4-1024x366.jpg 1024w\" sizes=\"auto, (max-width: 767px) 89vw, (max-width: 1000px) 54vw, (max-width: 1071px) 543px, 580px\" \/> Bruket och dammarna.<\/p>\n<p><img loading=\"lazy\" decoding=\"async\" class=\"alignnone size-full wp-image-2384\" src=\"https:\/\/www.stromsbergsbruk.nu\/wp-content\/uploads\/4-4.jpg\" alt=\"\" width=\"1783\" height=\"1164\" srcset=\"https:\/\/www.stromsbergsbruk.nu\/wp-content\/uploads\/4-4.jpg 1783w, https:\/\/www.stromsbergsbruk.nu\/wp-content\/uploads\/4-4-300x196.jpg 300w, https:\/\/www.stromsbergsbruk.nu\/wp-content\/uploads\/4-4-768x501.jpg 768w, https:\/\/www.stromsbergsbruk.nu\/wp-content\/uploads\/4-4-1024x669.jpg 1024w\" sizes=\"auto, (max-width: 767px) 89vw, (max-width: 1000px) 54vw, (max-width: 1071px) 543px, 580px\" \/> De flesta byggnaderna \u2013 h\u00e4r v\u00e5ghuset &#8211; \u00e4r uppf\u00f6rda under tidigt 1800-tal och inneh\u00e5ller m\u00e5nga stilelement fr\u00e5n nyklassisismen.<\/p>\n<p><img loading=\"lazy\" decoding=\"async\" class=\"alignnone size-full wp-image-2385\" src=\"https:\/\/www.stromsbergsbruk.nu\/wp-content\/uploads\/5-4.jpg\" alt=\"\" width=\"1723\" height=\"1160\" srcset=\"https:\/\/www.stromsbergsbruk.nu\/wp-content\/uploads\/5-4.jpg 1723w, https:\/\/www.stromsbergsbruk.nu\/wp-content\/uploads\/5-4-300x202.jpg 300w, https:\/\/www.stromsbergsbruk.nu\/wp-content\/uploads\/5-4-768x517.jpg 768w, https:\/\/www.stromsbergsbruk.nu\/wp-content\/uploads\/5-4-1024x689.jpg 1024w\" sizes=\"auto, (max-width: 767px) 89vw, (max-width: 1000px) 54vw, (max-width: 1071px) 543px, 580px\" \/><br \/>\nTillverkaren av uret var en urmakare Gabriel Blomberg (c:a 1675 \u2013 1751).<\/p>\n<p><img loading=\"lazy\" decoding=\"async\" class=\"alignnone size-full wp-image-2386\" src=\"https:\/\/www.stromsbergsbruk.nu\/wp-content\/uploads\/6-4.jpg\" alt=\"\" width=\"1739\" height=\"1160\" srcset=\"https:\/\/www.stromsbergsbruk.nu\/wp-content\/uploads\/6-4.jpg 1739w, https:\/\/www.stromsbergsbruk.nu\/wp-content\/uploads\/6-4-300x200.jpg 300w, https:\/\/www.stromsbergsbruk.nu\/wp-content\/uploads\/6-4-768x512.jpg 768w, https:\/\/www.stromsbergsbruk.nu\/wp-content\/uploads\/6-4-1024x683.jpg 1024w\" sizes=\"auto, (max-width: 767px) 89vw, (max-width: 1000px) 54vw, (max-width: 1071px) 543px, 580px\" \/> Herrg\u00e5rden.<\/p>\n<p><img loading=\"lazy\" decoding=\"async\" class=\"alignnone size-full wp-image-2387\" src=\"https:\/\/www.stromsbergsbruk.nu\/wp-content\/uploads\/7-3.jpg\" alt=\"\" width=\"1739\" height=\"1172\" srcset=\"https:\/\/www.stromsbergsbruk.nu\/wp-content\/uploads\/7-3.jpg 1739w, https:\/\/www.stromsbergsbruk.nu\/wp-content\/uploads\/7-3-300x202.jpg 300w, https:\/\/www.stromsbergsbruk.nu\/wp-content\/uploads\/7-3-768x518.jpg 768w, https:\/\/www.stromsbergsbruk.nu\/wp-content\/uploads\/7-3-1024x690.jpg 1024w\" sizes=\"auto, (max-width: 767px) 89vw, (max-width: 1000px) 54vw, (max-width: 1071px) 543px, 580px\" \/> Smeds- och arbetarbost\u00e4der l\u00e4ngs Bruksgatan.<\/p>\n<p><img loading=\"lazy\" decoding=\"async\" class=\"alignnone size-full wp-image-2388\" src=\"https:\/\/www.stromsbergsbruk.nu\/wp-content\/uploads\/8-3.jpg\" alt=\"\" width=\"1743\" height=\"1164\" srcset=\"https:\/\/www.stromsbergsbruk.nu\/wp-content\/uploads\/8-3.jpg 1743w, https:\/\/www.stromsbergsbruk.nu\/wp-content\/uploads\/8-3-300x200.jpg 300w, https:\/\/www.stromsbergsbruk.nu\/wp-content\/uploads\/8-3-768x513.jpg 768w, https:\/\/www.stromsbergsbruk.nu\/wp-content\/uploads\/8-3-1024x684.jpg 1024w\" sizes=\"auto, (max-width: 767px) 89vw, (max-width: 1000px) 54vw, (max-width: 1071px) 543px, 580px\" \/> Kolhuset tillh\u00f6rande hammarsmedjan.<\/p>\n<p><img loading=\"lazy\" decoding=\"async\" class=\"alignnone size-full wp-image-2389\" src=\"https:\/\/www.stromsbergsbruk.nu\/wp-content\/uploads\/9-3.jpg\" alt=\"\" width=\"1771\" height=\"1168\" srcset=\"https:\/\/www.stromsbergsbruk.nu\/wp-content\/uploads\/9-3.jpg 1771w, https:\/\/www.stromsbergsbruk.nu\/wp-content\/uploads\/9-3-300x198.jpg 300w, https:\/\/www.stromsbergsbruk.nu\/wp-content\/uploads\/9-3-768x507.jpg 768w, https:\/\/www.stromsbergsbruk.nu\/wp-content\/uploads\/9-3-1024x675.jpg 1024w\" sizes=\"auto, (max-width: 767px) 89vw, (max-width: 1000px) 54vw, (max-width: 1071px) 543px, 580px\" \/> Hammarsmedjan.<\/p>\n<p><img loading=\"lazy\" decoding=\"async\" class=\"alignnone size-full wp-image-2390\" src=\"https:\/\/www.stromsbergsbruk.nu\/wp-content\/uploads\/10-3.jpg\" alt=\"\" width=\"1775\" height=\"1196\" srcset=\"https:\/\/www.stromsbergsbruk.nu\/wp-content\/uploads\/10-3.jpg 1775w, https:\/\/www.stromsbergsbruk.nu\/wp-content\/uploads\/10-3-300x202.jpg 300w, https:\/\/www.stromsbergsbruk.nu\/wp-content\/uploads\/10-3-768x517.jpg 768w, https:\/\/www.stromsbergsbruk.nu\/wp-content\/uploads\/10-3-1024x690.jpg 1024w\" sizes=\"auto, (max-width: 767px) 89vw, (max-width: 1000px) 54vw, (max-width: 1071px) 543px, 580px\" \/>S\u00e5gen, d\u00e4r numera skogsbruksmuseet och \u00e4lghornssamlingen finns.<\/p>\n<p><img loading=\"lazy\" decoding=\"async\" class=\"alignnone size-full wp-image-2391\" src=\"https:\/\/www.stromsbergsbruk.nu\/wp-content\/uploads\/11-3.jpg\" alt=\"\" width=\"1743\" height=\"1188\" srcset=\"https:\/\/www.stromsbergsbruk.nu\/wp-content\/uploads\/11-3.jpg 1743w, https:\/\/www.stromsbergsbruk.nu\/wp-content\/uploads\/11-3-300x204.jpg 300w, https:\/\/www.stromsbergsbruk.nu\/wp-content\/uploads\/11-3-768x523.jpg 768w, https:\/\/www.stromsbergsbruk.nu\/wp-content\/uploads\/11-3-1024x698.jpg 1024w\" sizes=\"auto, (max-width: 767px) 89vw, (max-width: 1000px) 54vw, (max-width: 1071px) 543px, 580px\" \/> Tr\u00e4boden d\u00e4r tr\u00e4produkter f\u00f6rvarades. Gaveln mot \u00e5n kunde f\u00e4llas upp f\u00f6r att underl\u00e4tta lastning till pr\u00e5mar p\u00e5 vattnet.<\/p>\n<p><img loading=\"lazy\" decoding=\"async\" class=\"alignnone size-full wp-image-2392\" src=\"https:\/\/www.stromsbergsbruk.nu\/wp-content\/uploads\/12-2.jpg\" alt=\"\" width=\"1775\" height=\"1172\" srcset=\"https:\/\/www.stromsbergsbruk.nu\/wp-content\/uploads\/12-2.jpg 1775w, https:\/\/www.stromsbergsbruk.nu\/wp-content\/uploads\/12-2-300x198.jpg 300w, https:\/\/www.stromsbergsbruk.nu\/wp-content\/uploads\/12-2-768x507.jpg 768w, https:\/\/www.stromsbergsbruk.nu\/wp-content\/uploads\/12-2-1024x676.jpg 1024w\" sizes=\"auto, (max-width: 767px) 89vw, (max-width: 1000px) 54vw, (max-width: 1071px) 543px, 580px\" \/>Gamla j\u00e4rnv\u00e4gsbron \u00f6ver T\u00e4mnar\u00e5n.<\/p>\n<p><img loading=\"lazy\" decoding=\"async\" class=\"alignnone size-full wp-image-2393\" src=\"https:\/\/www.stromsbergsbruk.nu\/wp-content\/uploads\/13-2.jpg\" alt=\"\" width=\"1767\" height=\"1184\" srcset=\"https:\/\/www.stromsbergsbruk.nu\/wp-content\/uploads\/13-2.jpg 1767w, https:\/\/www.stromsbergsbruk.nu\/wp-content\/uploads\/13-2-300x201.jpg 300w, https:\/\/www.stromsbergsbruk.nu\/wp-content\/uploads\/13-2-768x515.jpg 768w, https:\/\/www.stromsbergsbruk.nu\/wp-content\/uploads\/13-2-1024x686.jpg 1024w\" sizes=\"auto, (max-width: 767px) 89vw, (max-width: 1000px) 54vw, (max-width: 1071px) 543px, 580px\" \/>Sommartid erbjuds guidade visningar av bruket.<\/p>\n<p><img loading=\"lazy\" decoding=\"async\" class=\"alignnone size-full wp-image-2394\" src=\"https:\/\/www.stromsbergsbruk.nu\/wp-content\/uploads\/14-2.jpg\" alt=\"\" width=\"1747\" height=\"1180\" srcset=\"https:\/\/www.stromsbergsbruk.nu\/wp-content\/uploads\/14-2.jpg 1747w, https:\/\/www.stromsbergsbruk.nu\/wp-content\/uploads\/14-2-300x203.jpg 300w, https:\/\/www.stromsbergsbruk.nu\/wp-content\/uploads\/14-2-768x519.jpg 768w, https:\/\/www.stromsbergsbruk.nu\/wp-content\/uploads\/14-2-1024x692.jpg 1024w\" sizes=\"auto, (max-width: 767px) 89vw, (max-width: 1000px) 54vw, (max-width: 1071px) 543px, 580px\" \/> \u00c5rligt midsommarfirande.<\/p>\n<p><img loading=\"lazy\" decoding=\"async\" class=\"alignnone size-full wp-image-2395\" src=\"https:\/\/www.stromsbergsbruk.nu\/wp-content\/uploads\/15-1.jpg\" alt=\"\" width=\"1759\" height=\"1176\" srcset=\"https:\/\/www.stromsbergsbruk.nu\/wp-content\/uploads\/15-1.jpg 1759w, https:\/\/www.stromsbergsbruk.nu\/wp-content\/uploads\/15-1-300x201.jpg 300w, https:\/\/www.stromsbergsbruk.nu\/wp-content\/uploads\/15-1-768x513.jpg 768w, https:\/\/www.stromsbergsbruk.nu\/wp-content\/uploads\/15-1-1024x685.jpg 1024w\" sizes=\"auto, (max-width: 767px) 89vw, (max-width: 1000px) 54vw, (max-width: 1071px) 543px, 580px\" \/> Vackra rastplatser finns i bruket och dess n\u00e4rhet.<\/p>\n<p><img loading=\"lazy\" decoding=\"async\" class=\"alignnone size-full wp-image-2396\" src=\"https:\/\/www.stromsbergsbruk.nu\/wp-content\/uploads\/16-1.jpg\" alt=\"\" width=\"1759\" height=\"1172\" srcset=\"https:\/\/www.stromsbergsbruk.nu\/wp-content\/uploads\/16-1.jpg 1759w, https:\/\/www.stromsbergsbruk.nu\/wp-content\/uploads\/16-1-300x200.jpg 300w, https:\/\/www.stromsbergsbruk.nu\/wp-content\/uploads\/16-1-768x512.jpg 768w, https:\/\/www.stromsbergsbruk.nu\/wp-content\/uploads\/16-1-1024x682.jpg 1024w\" sizes=\"auto, (max-width: 767px) 89vw, (max-width: 1000px) 54vw, (max-width: 1071px) 543px, 580px\" \/> Det \u00e4r n\u00e4ra till naturupplevelser.<\/p>\n<p><img loading=\"lazy\" decoding=\"async\" class=\"alignnone size-full wp-image-2397\" src=\"https:\/\/www.stromsbergsbruk.nu\/wp-content\/uploads\/17-1.jpg\" alt=\"\" width=\"1771\" height=\"1168\" srcset=\"https:\/\/www.stromsbergsbruk.nu\/wp-content\/uploads\/17-1.jpg 1771w, https:\/\/www.stromsbergsbruk.nu\/wp-content\/uploads\/17-1-300x198.jpg 300w, https:\/\/www.stromsbergsbruk.nu\/wp-content\/uploads\/17-1-768x507.jpg 768w, https:\/\/www.stromsbergsbruk.nu\/wp-content\/uploads\/17-1-1024x675.jpg 1024w\" sizes=\"auto, (max-width: 767px) 89vw, (max-width: 1000px) 54vw, (max-width: 1071px) 543px, 580px\" \/> T\u00e4mnar\u00e5n som kanotled.<\/p>\n<p><img loading=\"lazy\" decoding=\"async\" class=\"alignnone size-full wp-image-2398\" src=\"https:\/\/www.stromsbergsbruk.nu\/wp-content\/uploads\/18-1.jpg\" alt=\"\" width=\"1775\" height=\"1172\" srcset=\"https:\/\/www.stromsbergsbruk.nu\/wp-content\/uploads\/18-1.jpg 1775w, https:\/\/www.stromsbergsbruk.nu\/wp-content\/uploads\/18-1-300x198.jpg 300w, https:\/\/www.stromsbergsbruk.nu\/wp-content\/uploads\/18-1-768x507.jpg 768w, https:\/\/www.stromsbergsbruk.nu\/wp-content\/uploads\/18-1-1024x676.jpg 1024w\" sizes=\"auto, (max-width: 767px) 89vw, (max-width: 1000px) 54vw, (max-width: 1071px) 543px, 580px\" \/>En bit utanf\u00f6r bruket ligger Nostalgimuseum med intressanta \u201dfarkoster\u201d och ting fr\u00e5n en svunnen tid.<\/p>\n","protected":false},"excerpt":{"rendered":"<p>Det mest kompletta vallonbruket i Norduppland. Bruket grundades 1643 av Welam Wervier \u2013 invandrad vallon, som bl. a. verkat som j\u00e4rnhandlare i Stockholm. Bruket och dammarna. De flesta byggnaderna \u2013 h\u00e4r v\u00e5ghuset &#8211; \u00e4r uppf\u00f6rda under tidigt 1800-tal och inneh\u00e5ller m\u00e5nga stilelement fr\u00e5n nyklassisismen. Tillverkaren av uret var en urmakare Gabriel Blomberg (c:a 1675 \u2013 &hellip; <\/p>\n<p class=\"link-more\"><a href=\"https:\/\/www.stromsbergsbruk.nu\/?page_id=2380\" class=\"more-link\">Forts\u00e4tt l\u00e4sa<span class=\"screen-reader-text\"> \u201dStr\u00f6msbergs bruk \u2013 det vita bruket\u201d<\/span><\/a><\/p>\n","protected":false},"author":1,"featured_media":0,"parent":0,"menu_order":0,"comment_status":"closed","ping_status":"closed","template":"","meta":{"footnotes":""},"class_list":["post-2380","page","type-page","status-publish","hentry"],"publishpress_future_action":{"enabled":false,"date":"2026-04-23 00:32:22","action":"change-status","newStatus":"draft","terms":[],"taxonomy":"","extraData":[]},"publishpress_future_workflow_manual_trigger":{"enabledWorkflows":[]},"_links":{"self":[{"href":"https:\/\/www.stromsbergsbruk.nu\/index.php?rest_route=\/wp\/v2\/pages\/2380","targetHints":{"allow":["GET"]}}],"collection":[{"href":"https:\/\/www.stromsbergsbruk.nu\/index.php?rest_route=\/wp\/v2\/pages"}],"about":[{"href":"https:\/\/www.stromsbergsbruk.nu\/index.php?rest_route=\/wp\/v2\/types\/page"}],"author":[{"embeddable":true,"href":"https:\/\/www.stromsbergsbruk.nu\/index.php?rest_route=\/wp\/v2\/users\/1"}],"replies":[{"embeddable":true,"href":"https:\/\/www.stromsbergsbruk.nu\/index.php?rest_route=%2Fwp%2Fv2%2Fcomments&post=2380"}],"version-history":[{"count":3,"href":"https:\/\/www.stromsbergsbruk.nu\/index.php?rest_route=\/wp\/v2\/pages\/2380\/revisions"}],"predecessor-version":[{"id":2407,"href":"https:\/\/www.stromsbergsbruk.nu\/index.php?rest_route=\/wp\/v2\/pages\/2380\/revisions\/2407"}],"wp:attachment":[{"href":"https:\/\/www.stromsbergsbruk.nu\/index.php?rest_route=%2Fwp%2Fv2%2Fmedia&parent=2380"}],"curies":[{"name":"wp","href":"https:\/\/api.w.org\/{rel}","templated":true}]}}