{"id":279,"date":"2013-06-03T14:44:12","date_gmt":"2013-06-03T12:44:12","guid":{"rendered":"http:\/\/www.stromsbergsbruk.nu\/?page_id=279"},"modified":"2026-05-11T16:07:07","modified_gmt":"2026-05-11T14:07:07","slug":"kontakta-oss","status":"publish","type":"page","link":"https:\/\/www.stromsbergsbruk.nu\/?page_id=279","title":{"rendered":"Kontakta oss"},"content":{"rendered":"<p><strong>Kontakt:<\/strong><br \/>\n<strong>Stiftelsen Str\u00f6msbergsbruks Industriminnen:<\/strong> ssim@stromsbergsbruk.nu<br \/>\n<span style=\"color: #000000;\"><strong>Str\u00f6msbergs Bruksgille:\u00a0<\/strong>bruksgillet.stromsberg@gmail.<wbr \/>com \u00a0<\/span><br \/>\n<span style=\"color: #000000;\"> <strong>Str\u00f6msbergs Idrottsf\u00f6rening: <\/strong>stromsbergsif@stromsbergsbruk.nu<\/span><br \/>\n<span style=\"color: #000000;\"><strong>Str\u00f6msbergs bruks samarbetskommitt\u00e9: <\/strong>kommitten@stromsbergsbruk.nu<br \/>\n<strong>Bokning av bagarstuga: <\/strong>bagarstugan.stromsberg@gmail.<wbr \/>com<br \/>\n<\/span><\/p>\n<p><span style=\"color: #000000;\"><strong>Guideturer:<\/strong><\/span><br \/>\n<span style=\"color: #000000;\"> Bokning sker via Boka Uppland <span style=\"font-family: Calibri;\">0295-20300 eller e-post <span style=\"color: #000000;\">Info@bokauppland.com<\/span><\/span><\/span><\/p>\n<p><span style=\"color: #000000;\"><strong>Webmaster:<br \/>\n<\/strong><\/span><span style=\"color: #000000;\">webmastern@stromsbergsbruk.nu<\/span><\/p>\n<p><span style=\"color: #000000;\"><em id=\"__mceDel\">\u00a0<\/em><\/span><\/p>\n","protected":false},"excerpt":{"rendered":"<p>Kontakt: Stiftelsen Str\u00f6msbergsbruks Industriminnen: ssim@stromsbergsbruk.nu Str\u00f6msbergs Bruksgille:\u00a0bruksgillet.stromsberg@gmail.com \u00a0 Str\u00f6msbergs Idrottsf\u00f6rening: stromsbergsif@stromsbergsbruk.nu Str\u00f6msbergs bruks samarbetskommitt\u00e9: kommitten@stromsbergsbruk.nu Bokning av bagarstuga: bagarstugan.stromsberg@gmail.com Guideturer: Bokning sker via Boka Uppland 0295-20300 eller e-post Info@bokauppland.com Webmaster: webmastern@stromsbergsbruk.nu \u00a0<\/p>\n","protected":false},"author":1,"featured_media":0,"parent":0,"menu_order":0,"comment_status":"closed","ping_status":"closed","template":"","meta":{"footnotes":""},"class_list":["post-279","page","type-page","status-publish","hentry"],"publishpress_future_action":{"enabled":false,"date":"2026-05-24 07:32:46","action":"change-status","newStatus":"draft","terms":[],"taxonomy":"","extraData":[]},"publishpress_future_workflow_manual_trigger":{"enabledWorkflows":[]},"_links":{"self":[{"href":"https:\/\/www.stromsbergsbruk.nu\/index.php?rest_route=\/wp\/v2\/pages\/279","targetHints":{"allow":["GET"]}}],"collection":[{"href":"https:\/\/www.stromsbergsbruk.nu\/index.php?rest_route=\/wp\/v2\/pages"}],"about":[{"href":"https:\/\/www.stromsbergsbruk.nu\/index.php?rest_route=\/wp\/v2\/types\/page"}],"author":[{"embeddable":true,"href":"https:\/\/www.stromsbergsbruk.nu\/index.php?rest_route=\/wp\/v2\/users\/1"}],"replies":[{"embeddable":true,"href":"https:\/\/www.stromsbergsbruk.nu\/index.php?rest_route=%2Fwp%2Fv2%2Fcomments&post=279"}],"version-history":[{"count":23,"href":"https:\/\/www.stromsbergsbruk.nu\/index.php?rest_route=\/wp\/v2\/pages\/279\/revisions"}],"predecessor-version":[{"id":5286,"href":"https:\/\/www.stromsbergsbruk.nu\/index.php?rest_route=\/wp\/v2\/pages\/279\/revisions\/5286"}],"wp:attachment":[{"href":"https:\/\/www.stromsbergsbruk.nu\/index.php?rest_route=%2Fwp%2Fv2%2Fmedia&parent=279"}],"curies":[{"name":"wp","href":"https:\/\/api.w.org\/{rel}","templated":true}]}}