{"id":2958,"date":"2022-04-28T13:34:13","date_gmt":"2022-04-28T11:34:13","guid":{"rendered":"http:\/\/www.stromsbergsbruk.nu\/?page_id=2958"},"modified":"2022-04-28T13:38:11","modified_gmt":"2022-04-28T11:38:11","slug":"badet","status":"publish","type":"page","link":"https:\/\/www.stromsbergsbruk.nu\/?page_id=2958","title":{"rendered":"Bad"},"content":{"rendered":"<p>Vid badet kan du ta ett dopp i den svalkande T\u00e4mnar\u00e5n. D\u00e4r finns en utegrill att fritt anv\u00e4ndas. I n\u00e4rheten finns ocks\u00e5 en lekplats f\u00f6r barn.<\/p>\n","protected":false},"excerpt":{"rendered":"<p>Vid badet kan du ta ett dopp i den svalkande T\u00e4mnar\u00e5n. D\u00e4r finns en utegrill att fritt anv\u00e4ndas. I n\u00e4rheten finns ocks\u00e5 en lekplats f\u00f6r barn.<\/p>\n","protected":false},"author":1,"featured_media":0,"parent":0,"menu_order":0,"comment_status":"closed","ping_status":"closed","template":"","meta":{"footnotes":""},"class_list":["post-2958","page","type-page","status-publish","hentry"],"publishpress_future_action":{"enabled":false,"date":"2026-05-12 15:08:05","action":"change-status","newStatus":"draft","terms":[],"taxonomy":"","extraData":[]},"publishpress_future_workflow_manual_trigger":{"enabledWorkflows":[]},"_links":{"self":[{"href":"https:\/\/www.stromsbergsbruk.nu\/index.php?rest_route=\/wp\/v2\/pages\/2958","targetHints":{"allow":["GET"]}}],"collection":[{"href":"https:\/\/www.stromsbergsbruk.nu\/index.php?rest_route=\/wp\/v2\/pages"}],"about":[{"href":"https:\/\/www.stromsbergsbruk.nu\/index.php?rest_route=\/wp\/v2\/types\/page"}],"author":[{"embeddable":true,"href":"https:\/\/www.stromsbergsbruk.nu\/index.php?rest_route=\/wp\/v2\/users\/1"}],"replies":[{"embeddable":true,"href":"https:\/\/www.stromsbergsbruk.nu\/index.php?rest_route=%2Fwp%2Fv2%2Fcomments&post=2958"}],"version-history":[{"count":2,"href":"https:\/\/www.stromsbergsbruk.nu\/index.php?rest_route=\/wp\/v2\/pages\/2958\/revisions"}],"predecessor-version":[{"id":2961,"href":"https:\/\/www.stromsbergsbruk.nu\/index.php?rest_route=\/wp\/v2\/pages\/2958\/revisions\/2961"}],"wp:attachment":[{"href":"https:\/\/www.stromsbergsbruk.nu\/index.php?rest_route=%2Fwp%2Fv2%2Fmedia&parent=2958"}],"curies":[{"name":"wp","href":"https:\/\/api.w.org\/{rel}","templated":true}]}}