{"id":297,"date":"2013-06-03T15:47:51","date_gmt":"2013-06-03T13:47:51","guid":{"rendered":"http:\/\/www.stromsbergsbruk.nu\/?page_id=297"},"modified":"2025-05-30T09:41:48","modified_gmt":"2025-05-30T07:41:48","slug":"guidade-turer","status":"publish","type":"page","link":"https:\/\/www.stromsbergsbruk.nu\/?page_id=297","title":{"rendered":"Guidade turer"},"content":{"rendered":"<p>Komplett bruksmilj\u00f6. Vallonsmedja, masugn, kvarn, v\u00e5ghus, bruksgata, bagarstuga,skolmuseum,<br \/>\n\u00e4lghorns- och skogsbruksmuseum, snickerimuseum, fotoutst\u00e4llning och herrg\u00e5rd. Vacker parkmilj\u00f6 med rastst\u00e4llen.<\/p>\n<p style=\"text-align: left;\"><b>Bruksvandring och visning av industriminnet.<\/b><\/p>\n<p>Guiden visar och ber\u00e4ttar om vallonbruket. Bes\u00f6k i smedja och masugn. Tids\u00e5tg\u00e5ng: c:a 1 timme.<\/p>\n<p style=\"text-align: left;\"><b>Str\u00f6msbergsbruk med bes\u00f6k i Skogsbruks- och \u00e4lghornmus\u00e9et.<\/b><\/p>\n<p>Guiden ber\u00e4ttar om mus\u00e9ets b\u00e5da samlingar. Tids\u00e5tg\u00e5ng: c:a 1 timme.<\/p>\n<p>B\u00e5da bes\u00f6ken ovan kan kombineras \u2013 s\u00e4g till vid bokning enl. nedan.<\/p>\n<p><b>Bokning sker via Boka Uppland<br \/>\n<span style=\"font-family: Calibri; color: #000000;\">Tel 0295-20300 E-post <a title=\"mailto:Info@bokauppland.com&lt;br \/&gt;\nF\u00f6lj l\u00e4nken genom att trycka p\u00e5 CTRL och klicka\" href=\"mailto:Info@bokauppland.com\" target=\"_blank\" rel=\"noopener\"><span style=\"color: #000000;\">Info@bokauppland.com<\/span><\/a><\/span><\/b><\/p>\n<p><b><\/b>Bruksvandringen startar vid bruksdammen vid Caf\u00e9 Str\u00f6msberg. Var v\u00e4nlig parkera fordon p\u00e5 angiven plats!<\/p>\n<p>Bokade grupper kan f\u00f6rbest\u00e4lla f\u00f6rt\u00e4ring om s\u00e5 \u00f6nskas. Best\u00e4llning\u00a0 via Boka Uppland m\u00e5ste dock vara tillhanda senast 4 arbetsdagar i f\u00f6rv\u00e4g.<\/p>\n<p style=\"text-align: center;\">\n","protected":false},"excerpt":{"rendered":"<p>Komplett bruksmilj\u00f6. Vallonsmedja, masugn, kvarn, v\u00e5ghus, bruksgata, bagarstuga,skolmuseum, \u00e4lghorns- och skogsbruksmuseum, snickerimuseum, fotoutst\u00e4llning och herrg\u00e5rd. Vacker parkmilj\u00f6 med rastst\u00e4llen. Bruksvandring och visning av industriminnet. Guiden visar och ber\u00e4ttar om vallonbruket. Bes\u00f6k i smedja och masugn. Tids\u00e5tg\u00e5ng: c:a 1 timme. Str\u00f6msbergsbruk med bes\u00f6k i Skogsbruks- och \u00e4lghornmus\u00e9et. Guiden ber\u00e4ttar om mus\u00e9ets b\u00e5da samlingar. Tids\u00e5tg\u00e5ng: c:a 1 &hellip; <\/p>\n<p class=\"link-more\"><a href=\"https:\/\/www.stromsbergsbruk.nu\/?page_id=297\" class=\"more-link\">Forts\u00e4tt l\u00e4sa<span class=\"screen-reader-text\"> \u201dGuidade turer\u201d<\/span><\/a><\/p>\n","protected":false},"author":1,"featured_media":0,"parent":0,"menu_order":0,"comment_status":"closed","ping_status":"closed","template":"","meta":{"footnotes":""},"class_list":["post-297","page","type-page","status-publish","hentry"],"publishpress_future_action":{"enabled":false,"date":"2026-04-23 00:23:53","action":"change-status","newStatus":"draft","terms":[],"taxonomy":"","extraData":[]},"publishpress_future_workflow_manual_trigger":{"enabledWorkflows":[]},"_links":{"self":[{"href":"https:\/\/www.stromsbergsbruk.nu\/index.php?rest_route=\/wp\/v2\/pages\/297","targetHints":{"allow":["GET"]}}],"collection":[{"href":"https:\/\/www.stromsbergsbruk.nu\/index.php?rest_route=\/wp\/v2\/pages"}],"about":[{"href":"https:\/\/www.stromsbergsbruk.nu\/index.php?rest_route=\/wp\/v2\/types\/page"}],"author":[{"embeddable":true,"href":"https:\/\/www.stromsbergsbruk.nu\/index.php?rest_route=\/wp\/v2\/users\/1"}],"replies":[{"embeddable":true,"href":"https:\/\/www.stromsbergsbruk.nu\/index.php?rest_route=%2Fwp%2Fv2%2Fcomments&post=297"}],"version-history":[{"count":6,"href":"https:\/\/www.stromsbergsbruk.nu\/index.php?rest_route=\/wp\/v2\/pages\/297\/revisions"}],"predecessor-version":[{"id":4489,"href":"https:\/\/www.stromsbergsbruk.nu\/index.php?rest_route=\/wp\/v2\/pages\/297\/revisions\/4489"}],"wp:attachment":[{"href":"https:\/\/www.stromsbergsbruk.nu\/index.php?rest_route=%2Fwp%2Fv2%2Fmedia&parent=297"}],"curies":[{"name":"wp","href":"https:\/\/api.w.org\/{rel}","templated":true}]}}