{"id":3046,"date":"2022-08-10T09:19:29","date_gmt":"2022-08-10T07:19:29","guid":{"rendered":"http:\/\/www.stromsbergsbruk.nu\/?page_id=3046"},"modified":"2022-08-10T09:19:29","modified_gmt":"2022-08-10T07:19:29","slug":"forslag-pa-promenadvagar-i-stromsbergs-bruk","status":"publish","type":"page","link":"https:\/\/www.stromsbergsbruk.nu\/?page_id=3046","title":{"rendered":"F\u00f6rslag p\u00e5 promenadv\u00e4gar i Str\u00f6msbergs bruk"},"content":{"rendered":"<p><img loading=\"lazy\" decoding=\"async\" class=\"alignnone size-full wp-image-3047\" src=\"https:\/\/www.stromsbergsbruk.nu\/wp-content\/uploads\/Promenad-motionsspa\u030ar-Stro\u0308msberg-bla\u030a.png\" alt=\"\" width=\"2249\" height=\"3133\" srcset=\"https:\/\/www.stromsbergsbruk.nu\/wp-content\/uploads\/Promenad-motionsspa\u030ar-Stro\u0308msberg-bla\u030a.png 2249w, https:\/\/www.stromsbergsbruk.nu\/wp-content\/uploads\/Promenad-motionsspa\u030ar-Stro\u0308msberg-bla\u030a-215x300.png 215w, https:\/\/www.stromsbergsbruk.nu\/wp-content\/uploads\/Promenad-motionsspa\u030ar-Stro\u0308msberg-bla\u030a-768x1070.png 768w, https:\/\/www.stromsbergsbruk.nu\/wp-content\/uploads\/Promenad-motionsspa\u030ar-Stro\u0308msberg-bla\u030a-735x1024.png 735w\" sizes=\"auto, (max-width: 767px) 89vw, (max-width: 1000px) 54vw, (max-width: 1071px) 543px, 580px\" \/><\/p>\n<p>&nbsp;<\/p>\n<p><img loading=\"lazy\" decoding=\"async\" class=\"alignnone size-full wp-image-3048\" src=\"https:\/\/www.stromsbergsbruk.nu\/wp-content\/uploads\/Promenadva\u0308g-Stro\u0308msberg-ro\u0308d.png\" alt=\"\" width=\"2308\" height=\"3077\" srcset=\"https:\/\/www.stromsbergsbruk.nu\/wp-content\/uploads\/Promenadva\u0308g-Stro\u0308msberg-ro\u0308d.png 2308w, https:\/\/www.stromsbergsbruk.nu\/wp-content\/uploads\/Promenadva\u0308g-Stro\u0308msberg-ro\u0308d-225x300.png 225w, https:\/\/www.stromsbergsbruk.nu\/wp-content\/uploads\/Promenadva\u0308g-Stro\u0308msberg-ro\u0308d-768x1024.png 768w\" sizes=\"auto, (max-width: 767px) 89vw, (max-width: 1000px) 54vw, (max-width: 1071px) 543px, 580px\" \/><\/p>\n","protected":false},"excerpt":{"rendered":"<p>&nbsp;<\/p>\n","protected":false},"author":1,"featured_media":0,"parent":0,"menu_order":0,"comment_status":"closed","ping_status":"closed","template":"","meta":{"footnotes":""},"class_list":["post-3046","page","type-page","status-publish","hentry"],"publishpress_future_action":{"enabled":false,"date":"2026-05-12 15:11:09","action":"change-status","newStatus":"draft","terms":[],"taxonomy":"","extraData":[]},"publishpress_future_workflow_manual_trigger":{"enabledWorkflows":[]},"_links":{"self":[{"href":"https:\/\/www.stromsbergsbruk.nu\/index.php?rest_route=\/wp\/v2\/pages\/3046","targetHints":{"allow":["GET"]}}],"collection":[{"href":"https:\/\/www.stromsbergsbruk.nu\/index.php?rest_route=\/wp\/v2\/pages"}],"about":[{"href":"https:\/\/www.stromsbergsbruk.nu\/index.php?rest_route=\/wp\/v2\/types\/page"}],"author":[{"embeddable":true,"href":"https:\/\/www.stromsbergsbruk.nu\/index.php?rest_route=\/wp\/v2\/users\/1"}],"replies":[{"embeddable":true,"href":"https:\/\/www.stromsbergsbruk.nu\/index.php?rest_route=%2Fwp%2Fv2%2Fcomments&post=3046"}],"version-history":[{"count":2,"href":"https:\/\/www.stromsbergsbruk.nu\/index.php?rest_route=\/wp\/v2\/pages\/3046\/revisions"}],"predecessor-version":[{"id":5105,"href":"https:\/\/www.stromsbergsbruk.nu\/index.php?rest_route=\/wp\/v2\/pages\/3046\/revisions\/5105"}],"wp:attachment":[{"href":"https:\/\/www.stromsbergsbruk.nu\/index.php?rest_route=%2Fwp%2Fv2%2Fmedia&parent=3046"}],"curies":[{"name":"wp","href":"https:\/\/api.w.org\/{rel}","templated":true}]}}