{"id":3301,"date":"2023-07-24T09:55:29","date_gmt":"2023-07-24T07:55:29","guid":{"rendered":"http:\/\/www.stromsbergsbruk.nu\/?page_id=3301"},"modified":"2026-03-09T08:05:33","modified_gmt":"2026-03-09T07:05:33","slug":"stromsbergs-gruppen","status":"publish","type":"page","link":"https:\/\/www.stromsbergsbruk.nu\/?page_id=3301","title":{"rendered":"Str\u00f6msbergs gruppen"},"content":{"rendered":"<div><i>Str\u00f6msbergs gruppen \u00e4r ett kulturarbetarkollektiv best\u00e5ende av ett antal konstn\u00e4rer d\u00e4r flertalet \u00e4r bosatta i Str\u00f6msbergs bruk. \u2028<\/i><\/div>\n<div><\/div>\n<div><\/div>\n<div><\/div>\n<div><\/div>\n","protected":false},"excerpt":{"rendered":"<p>Str\u00f6msbergs gruppen \u00e4r ett kulturarbetarkollektiv best\u00e5ende av ett antal konstn\u00e4rer d\u00e4r flertalet \u00e4r bosatta i Str\u00f6msbergs bruk. \u2028<\/p>\n","protected":false},"author":1,"featured_media":0,"parent":0,"menu_order":0,"comment_status":"closed","ping_status":"closed","template":"","meta":{"footnotes":""},"class_list":["post-3301","page","type-page","status-publish","hentry"],"publishpress_future_action":{"enabled":false,"date":"2026-05-09 14:21:35","action":"change-status","newStatus":"draft","terms":[],"taxonomy":"","extraData":[]},"publishpress_future_workflow_manual_trigger":{"enabledWorkflows":[]},"_links":{"self":[{"href":"https:\/\/www.stromsbergsbruk.nu\/index.php?rest_route=\/wp\/v2\/pages\/3301","targetHints":{"allow":["GET"]}}],"collection":[{"href":"https:\/\/www.stromsbergsbruk.nu\/index.php?rest_route=\/wp\/v2\/pages"}],"about":[{"href":"https:\/\/www.stromsbergsbruk.nu\/index.php?rest_route=\/wp\/v2\/types\/page"}],"author":[{"embeddable":true,"href":"https:\/\/www.stromsbergsbruk.nu\/index.php?rest_route=\/wp\/v2\/users\/1"}],"replies":[{"embeddable":true,"href":"https:\/\/www.stromsbergsbruk.nu\/index.php?rest_route=%2Fwp%2Fv2%2Fcomments&post=3301"}],"version-history":[{"count":2,"href":"https:\/\/www.stromsbergsbruk.nu\/index.php?rest_route=\/wp\/v2\/pages\/3301\/revisions"}],"predecessor-version":[{"id":4992,"href":"https:\/\/www.stromsbergsbruk.nu\/index.php?rest_route=\/wp\/v2\/pages\/3301\/revisions\/4992"}],"wp:attachment":[{"href":"https:\/\/www.stromsbergsbruk.nu\/index.php?rest_route=%2Fwp%2Fv2%2Fmedia&parent=3301"}],"curies":[{"name":"wp","href":"https:\/\/api.w.org\/{rel}","templated":true}]}}