{"id":5103,"date":"2026-05-06T15:13:29","date_gmt":"2026-05-06T13:13:29","guid":{"rendered":"https:\/\/www.stromsbergsbruk.nu\/?page_id=5103"},"modified":"2026-05-08T11:52:40","modified_gmt":"2026-05-08T09:52:40","slug":"test","status":"publish","type":"page","link":"https:\/\/www.stromsbergsbruk.nu\/","title":{"rendered":"Startsida ny"},"content":{"rendered":"\n<div class=\"wp-block-group alignfull has-global-padding is-layout-constrained wp-container-core-group-is-layout-490fa1db wp-block-group-is-layout-constrained\" style=\"padding-top:var(--wp--preset--spacing--50);padding-right:var(--wp--preset--spacing--50);padding-bottom:var(--wp--preset--spacing--50);padding-left:var(--wp--preset--spacing--50)\">\n<div class=\"wp-block-group has-global-padding is-layout-constrained wp-container-core-group-is-layout-650790e1 wp-block-group-is-layout-constrained\">\n<h1 class=\"wp-block-heading has-text-align-center has-x-large-font-size\">V\u00e4lkommen till Str\u00f6msbergs bruk<\/h1>\n\n\n\n<div style=\"height:1.25rem\" aria-hidden=\"true\" class=\"wp-block-spacer\"><\/div>\n\n\n\n<p class=\"has-text-align-center\">Bland alla Nordupplands vallonbruk \u00e4r detta mest k\u00e4nt som \u201ddet vita bruket\u201d. Med sina v\u00e4lbevarade vitkalkade huskroppar ger det en god bild av och f\u00f6rest\u00e4llning om den gamla industriella storhetstiden.<\/p>\n\n\n\n<div style=\"height:1.25rem\" aria-hidden=\"true\" class=\"wp-block-spacer\"><\/div>\n\n\n\n<div class=\"wp-block-buttons is-content-justification-center is-layout-flex wp-container-core-buttons-is-layout-a89b3969 wp-block-buttons-is-layout-flex\">\n<div class=\"wp-block-button\"><a class=\"wp-block-button__link wp-element-button\" href=\"https:\/\/www.stromsbergsbruk.nu\/?page_id=58\" target=\"_blank\" rel=\"noreferrer noopener\">L\u00e4s mer om bruket<\/a><\/div>\n\n\n\n<div class=\"wp-block-button\"><a class=\"wp-block-button__link wp-element-button\" href=\"https:\/\/www.stromsbergsbruk.nu\/?page_id=5136\">Hitta hit<\/a><\/div>\n<\/div>\n<\/div>\n\n\n\n<div style=\"height:var(--wp--preset--spacing--30)\" aria-hidden=\"true\" class=\"wp-block-spacer\"><\/div>\n\n\n\n<figure class=\"wp-block-image alignwide size-full is-style-rounded is-style-rounded--1\"><img loading=\"lazy\" decoding=\"async\" width=\"1000\" height=\"669\" src=\"https:\/\/www.stromsbergsbruk.nu\/wp-content\/uploads\/Smedsbost\u00e4der.jpg\" alt=\"\" class=\"wp-image-962\" srcset=\"https:\/\/www.stromsbergsbruk.nu\/wp-content\/uploads\/Smedsbost\u00e4der.jpg 1000w, https:\/\/www.stromsbergsbruk.nu\/wp-content\/uploads\/Smedsbost\u00e4der-300x200.jpg 300w, https:\/\/www.stromsbergsbruk.nu\/wp-content\/uploads\/Smedsbost\u00e4der-900x602.jpg 900w\" sizes=\"auto, (max-width: 1000px) 100vw, 1000px\" \/><\/figure>\n<\/div>\n\n\n\n<div class=\"wp-block-group alignfull has-global-padding is-layout-constrained wp-container-core-group-is-layout-490fa1db wp-block-group-is-layout-constrained\" style=\"padding-top:var(--wp--preset--spacing--50);padding-right:var(--wp--preset--spacing--50);padding-bottom:var(--wp--preset--spacing--50);padding-left:var(--wp--preset--spacing--50)\">\n<div class=\"wp-block-group has-global-padding is-layout-constrained wp-container-core-group-is-layout-650790e1 wp-block-group-is-layout-constrained\">\n<h1 class=\"wp-block-heading has-text-align-center has-x-large-font-size\">Kalendarium<\/h1>\n\n\n\n<div style=\"height:1.25rem\" aria-hidden=\"true\" class=\"wp-block-spacer\"><\/div>\n\n\n\n<p class=\"has-text-align-center\">I kalendariet finns alla \u00f6ppettider och aktiviteter samlade. <\/p>\n\n\n\n<div style=\"height:1.25rem\" aria-hidden=\"true\" class=\"wp-block-spacer\"><\/div>\n\n\n\n<div class=\"wp-block-buttons is-content-justification-center is-layout-flex wp-container-core-buttons-is-layout-a89b3969 wp-block-buttons-is-layout-flex\">\n<div class=\"wp-block-button\"><a class=\"wp-block-button__link wp-element-button\" href=\"https:\/\/www.stromsbergsbruk.nu\/?page_id=5139\">Kalendarium<\/a><\/div>\n<\/div>\n<\/div>\n\n\n\n<div style=\"height:var(--wp--preset--spacing--30)\" aria-hidden=\"true\" class=\"wp-block-spacer\"><\/div>\n\n\n\n<figure class=\"wp-block-image alignwide size-full is-style-rounded is-style-rounded--2\"><img loading=\"lazy\" decoding=\"async\" width=\"1000\" height=\"669\" src=\"https:\/\/www.stromsbergsbruk.nu\/wp-content\/uploads\/Bruksdammen.jpg\" alt=\"\" class=\"wp-image-959\" srcset=\"https:\/\/www.stromsbergsbruk.nu\/wp-content\/uploads\/Bruksdammen.jpg 1000w, https:\/\/www.stromsbergsbruk.nu\/wp-content\/uploads\/Bruksdammen-300x200.jpg 300w, https:\/\/www.stromsbergsbruk.nu\/wp-content\/uploads\/Bruksdammen-900x602.jpg 900w\" sizes=\"auto, (max-width: 1000px) 100vw, 1000px\" \/><\/figure>\n<\/div>\n\n\n\n<div class=\"wp-block-group alignfull has-global-padding is-layout-constrained wp-container-core-group-is-layout-490fa1db wp-block-group-is-layout-constrained\" style=\"padding-top:var(--wp--preset--spacing--50);padding-right:var(--wp--preset--spacing--50);padding-bottom:var(--wp--preset--spacing--50);padding-left:var(--wp--preset--spacing--50)\">\n<div class=\"wp-block-group has-global-padding is-layout-constrained wp-container-core-group-is-layout-650790e1 wp-block-group-is-layout-constrained\">\n<h1 class=\"wp-block-heading has-text-align-center has-x-large-font-size\">Nyheter<\/h1>\n\n\n\n<div style=\"height:1.25rem\" aria-hidden=\"true\" class=\"wp-block-spacer\"><\/div>\n\n\n\n<p class=\"has-text-align-center\">L\u00e4s nyheter om vad som \u00e4r aktuellt i bruket.<\/p>\n\n\n\n<div style=\"height:1.25rem\" aria-hidden=\"true\" class=\"wp-block-spacer\"><\/div>\n\n\n\n<div class=\"wp-block-buttons is-content-justification-center is-layout-flex wp-container-core-buttons-is-layout-a89b3969 wp-block-buttons-is-layout-flex\">\n<div class=\"wp-block-button\"><a class=\"wp-block-button__link wp-element-button\" href=\"https:\/\/www.stromsbergsbruk.nu\/?page_id=5156\">Nyheter<\/a><\/div>\n<\/div>\n<\/div>\n\n\n\n<div style=\"height:var(--wp--preset--spacing--30)\" aria-hidden=\"true\" class=\"wp-block-spacer\"><\/div>\n\n\n\n<figure class=\"wp-block-image alignwide size-full is-style-rounded is-style-rounded--3\"><img loading=\"lazy\" decoding=\"async\" width=\"1000\" height=\"669\" src=\"https:\/\/www.stromsbergsbruk.nu\/wp-content\/uploads\/Labbyt.jpg\" alt=\"\" class=\"wp-image-958\" srcset=\"https:\/\/www.stromsbergsbruk.nu\/wp-content\/uploads\/Labbyt.jpg 1000w, https:\/\/www.stromsbergsbruk.nu\/wp-content\/uploads\/Labbyt-300x200.jpg 300w, https:\/\/www.stromsbergsbruk.nu\/wp-content\/uploads\/Labbyt-900x602.jpg 900w\" sizes=\"auto, (max-width: 1000px) 100vw, 1000px\" \/><\/figure>\n<\/div>\n\n\n\n<div class=\"wp-block-group alignfull has-global-padding is-layout-constrained wp-container-core-group-is-layout-490fa1db wp-block-group-is-layout-constrained\" style=\"padding-top:var(--wp--preset--spacing--50);padding-right:var(--wp--preset--spacing--50);padding-bottom:var(--wp--preset--spacing--50);padding-left:var(--wp--preset--spacing--50)\">\n<div class=\"wp-block-group has-global-padding is-layout-constrained wp-container-core-group-is-layout-650790e1 wp-block-group-is-layout-constrained\">\n<h1 class=\"wp-block-heading has-text-align-center has-x-large-font-size\">Se och g\u00f6ra<\/h1>\n\n\n\n<div style=\"height:1.25rem\" aria-hidden=\"true\" class=\"wp-block-spacer\"><\/div>\n\n\n\n<p class=\"has-text-align-center\">H\u00e4r hittas information om vad som finns att se och g\u00f6ra i bruket med omnejd.<br><br>Str\u00f6msbergs caf\u00e9, Nostalgimuseum i Domarbo, Kanotuthyrning, <br>Skid- och Motionssp\u00e5r, Bad och Lekplats samt Bildutst\u00e4llning.<br><\/p>\n\n\n\n<div style=\"height:1.25rem\" aria-hidden=\"true\" class=\"wp-block-spacer\"><\/div>\n\n\n\n<div class=\"wp-block-buttons is-content-justification-center is-layout-flex wp-container-core-buttons-is-layout-a89b3969 wp-block-buttons-is-layout-flex\">\n<div class=\"wp-block-button\"><a class=\"wp-block-button__link wp-element-button\" href=\"https:\/\/www.stromsbergsbruk.nu\/?page_id=5159\">Se och g\u00f6ra<\/a><\/div>\n<\/div>\n<\/div>\n\n\n\n<div style=\"height:var(--wp--preset--spacing--30)\" aria-hidden=\"true\" class=\"wp-block-spacer\"><\/div>\n\n\n\n<figure class=\"wp-block-image alignwide size-full is-style-rounded is-style-rounded--4\"><img loading=\"lazy\" decoding=\"async\" width=\"3872\" height=\"2592\" src=\"https:\/\/www.stromsbergsbruk.nu\/wp-content\/uploads\/Masugn.jpg\" alt=\"\" class=\"wp-image-948\" srcset=\"https:\/\/www.stromsbergsbruk.nu\/wp-content\/uploads\/Masugn.jpg 3872w, https:\/\/www.stromsbergsbruk.nu\/wp-content\/uploads\/Masugn-300x200.jpg 300w, https:\/\/www.stromsbergsbruk.nu\/wp-content\/uploads\/Masugn-1024x685.jpg 1024w, https:\/\/www.stromsbergsbruk.nu\/wp-content\/uploads\/Masugn-900x602.jpg 900w\" sizes=\"auto, (max-width: 3872px) 100vw, 3872px\" \/><\/figure>\n<\/div>\n\n\n\n<div class=\"wp-block-group alignfull has-global-padding is-layout-constrained wp-container-core-group-is-layout-490fa1db wp-block-group-is-layout-constrained\" style=\"padding-top:var(--wp--preset--spacing--50);padding-right:var(--wp--preset--spacing--50);padding-bottom:var(--wp--preset--spacing--50);padding-left:var(--wp--preset--spacing--50)\">\n<div class=\"wp-block-group has-global-padding is-layout-constrained wp-container-core-group-is-layout-650790e1 wp-block-group-is-layout-constrained\">\n<h1 class=\"wp-block-heading has-text-align-center has-x-large-font-size\">Lokaler och boende att hyra<\/h1>\n\n\n\n<div style=\"height:1.25rem\" aria-hidden=\"true\" class=\"wp-block-spacer\"><\/div>\n\n\n\n<p class=\"has-text-align-center\">mera info om Bagarstugan och Hedens IP som kan hyras. \u00c4ven boende som kan hyras genom Stay in Str\u00f6msberg.<\/p>\n\n\n\n<div style=\"height:1.25rem\" aria-hidden=\"true\" class=\"wp-block-spacer\"><\/div>\n\n\n\n<div class=\"wp-block-buttons is-content-justification-center is-layout-flex wp-container-core-buttons-is-layout-a89b3969 wp-block-buttons-is-layout-flex\">\n<div class=\"wp-block-button\"><a class=\"wp-block-button__link wp-element-button\" href=\"https:\/\/www.stromsbergsbruk.nu\/?page_id=5163\">Lokaler och boende att hyra<\/a><\/div>\n<\/div>\n<\/div>\n\n\n\n<div style=\"height:var(--wp--preset--spacing--30)\" aria-hidden=\"true\" class=\"wp-block-spacer\"><\/div>\n\n\n\n<figure class=\"wp-block-image alignwide size-full is-style-rounded is-style-rounded--5\"><img loading=\"lazy\" decoding=\"async\" width=\"1000\" height=\"669\" src=\"https:\/\/www.stromsbergsbruk.nu\/wp-content\/uploads\/Bagarstugan.jpg\" alt=\"\" class=\"wp-image-965\" srcset=\"https:\/\/www.stromsbergsbruk.nu\/wp-content\/uploads\/Bagarstugan.jpg 1000w, https:\/\/www.stromsbergsbruk.nu\/wp-content\/uploads\/Bagarstugan-300x200.jpg 300w, https:\/\/www.stromsbergsbruk.nu\/wp-content\/uploads\/Bagarstugan-900x602.jpg 900w\" sizes=\"auto, (max-width: 1000px) 100vw, 1000px\" \/><\/figure>\n<\/div>\n\n\n\n<div class=\"wp-block-group alignfull has-global-padding is-layout-constrained wp-container-core-group-is-layout-490fa1db wp-block-group-is-layout-constrained\" style=\"padding-top:var(--wp--preset--spacing--50);padding-right:var(--wp--preset--spacing--50);padding-bottom:var(--wp--preset--spacing--50);padding-left:var(--wp--preset--spacing--50)\">\n<div class=\"wp-block-group has-global-padding is-layout-constrained wp-container-core-group-is-layout-650790e1 wp-block-group-is-layout-constrained\">\n<h1 class=\"wp-block-heading has-text-align-center has-x-large-font-size\">Organisationer och f\u00f6reningar<\/h1>\n\n\n\n<div style=\"height:1.25rem\" aria-hidden=\"true\" class=\"wp-block-spacer\"><\/div>\n\n\n\n<p class=\"has-text-align-center\">L\u00e4s mer om organisationer och f\u00f6reningar som finns i bruket med omnejd, deras verksamhet och evenemang. <\/p>\n\n\n\n<div style=\"height:1.25rem\" aria-hidden=\"true\" class=\"wp-block-spacer\"><\/div>\n\n\n\n<div class=\"wp-block-buttons is-content-justification-center is-layout-flex wp-container-core-buttons-is-layout-a89b3969 wp-block-buttons-is-layout-flex\">\n<div class=\"wp-block-button\"><a class=\"wp-block-button__link wp-element-button\" href=\"https:\/\/www.stromsbergsbruk.nu\/?page_id=5166\">Organisationer och f\u00f6reningar<\/a><\/div>\n<\/div>\n<\/div>\n\n\n\n<div style=\"height:var(--wp--preset--spacing--30)\" aria-hidden=\"true\" class=\"wp-block-spacer\"><\/div>\n\n\n\n<figure class=\"wp-block-image alignwide size-full is-style-rounded is-style-rounded--6\"><img loading=\"lazy\" decoding=\"async\" width=\"1000\" height=\"669\" src=\"https:\/\/www.stromsbergsbruk.nu\/wp-content\/uploads\/Vattens\u00e5gen.jpg\" alt=\"\" class=\"wp-image-961\" srcset=\"https:\/\/www.stromsbergsbruk.nu\/wp-content\/uploads\/Vattens\u00e5gen.jpg 1000w, https:\/\/www.stromsbergsbruk.nu\/wp-content\/uploads\/Vattens\u00e5gen-300x200.jpg 300w, https:\/\/www.stromsbergsbruk.nu\/wp-content\/uploads\/Vattens\u00e5gen-900x602.jpg 900w\" sizes=\"auto, (max-width: 1000px) 100vw, 1000px\" \/><\/figure>\n<\/div>\n\n\n\n<div class=\"wp-block-group alignfull has-global-padding is-layout-constrained wp-container-core-group-is-layout-490fa1db wp-block-group-is-layout-constrained\" style=\"padding-top:var(--wp--preset--spacing--50);padding-right:var(--wp--preset--spacing--50);padding-bottom:var(--wp--preset--spacing--50);padding-left:var(--wp--preset--spacing--50)\">\n<div class=\"wp-block-group has-global-padding is-layout-constrained wp-container-core-group-is-layout-650790e1 wp-block-group-is-layout-constrained\">\n<h1 class=\"wp-block-heading has-text-align-center has-x-large-font-size\">Historia<\/h1>\n\n\n\n<div style=\"height:1.25rem\" aria-hidden=\"true\" class=\"wp-block-spacer\"><\/div>\n\n\n\n<p class=\"has-text-align-center\">L\u00e4s och se mer om brukets historia. <\/p>\n\n\n\n<div style=\"height:1.25rem\" aria-hidden=\"true\" class=\"wp-block-spacer\"><\/div>\n\n\n\n<div class=\"wp-block-buttons is-content-justification-center is-layout-flex wp-container-core-buttons-is-layout-a89b3969 wp-block-buttons-is-layout-flex\">\n<div class=\"wp-block-button\"><a class=\"wp-block-button__link wp-element-button\" href=\"https:\/\/www.stromsbergsbruk.nu\/?page_id=5169\">Historia <\/a><\/div>\n<\/div>\n<\/div>\n\n\n\n<div style=\"height:var(--wp--preset--spacing--30)\" aria-hidden=\"true\" class=\"wp-block-spacer\"><\/div>\n\n\n\n<figure class=\"wp-block-image alignwide size-full is-style-rounded is-style-rounded--7\"><img loading=\"lazy\" decoding=\"async\" width=\"3130\" height=\"2318\" src=\"https:\/\/www.stromsbergsbruk.nu\/wp-content\/uploads\/4-2.jpg\" alt=\"\" class=\"wp-image-2308\" srcset=\"https:\/\/www.stromsbergsbruk.nu\/wp-content\/uploads\/4-2.jpg 3130w, https:\/\/www.stromsbergsbruk.nu\/wp-content\/uploads\/4-2-300x222.jpg 300w, https:\/\/www.stromsbergsbruk.nu\/wp-content\/uploads\/4-2-768x569.jpg 768w, https:\/\/www.stromsbergsbruk.nu\/wp-content\/uploads\/4-2-1024x758.jpg 1024w\" sizes=\"auto, (max-width: 3130px) 100vw, 3130px\" \/><\/figure>\n<\/div>\n","protected":false},"excerpt":{"rendered":"<p>V\u00e4lkommen till Str\u00f6msbergs bruk Bland alla Nordupplands vallonbruk \u00e4r detta mest k\u00e4nt som \u201ddet vita bruket\u201d. Med sina v\u00e4lbevarade vitkalkade huskroppar ger det en god bild av och f\u00f6rest\u00e4llning om den gamla industriella storhetstiden. Kalendarium I kalendariet finns alla \u00f6ppettider och aktiviteter samlade. Nyheter L\u00e4s nyheter om vad som \u00e4r aktuellt i bruket. Se och [&hellip;]<\/p>\n","protected":false},"author":1,"featured_media":0,"parent":0,"menu_order":0,"comment_status":"closed","ping_status":"closed","template":"","meta":{"footnotes":""},"class_list":["post-5103","page","type-page","status-publish","hentry"],"publishpress_future_action":{"enabled":false,"date":"2026-05-15 13:21:03","action":"change-status","newStatus":"draft","terms":[],"taxonomy":"","extraData":[]},"publishpress_future_workflow_manual_trigger":{"enabledWorkflows":[]},"_links":{"self":[{"href":"https:\/\/www.stromsbergsbruk.nu\/index.php?rest_route=\/wp\/v2\/pages\/5103","targetHints":{"allow":["GET"]}}],"collection":[{"href":"https:\/\/www.stromsbergsbruk.nu\/index.php?rest_route=\/wp\/v2\/pages"}],"about":[{"href":"https:\/\/www.stromsbergsbruk.nu\/index.php?rest_route=\/wp\/v2\/types\/page"}],"author":[{"embeddable":true,"href":"https:\/\/www.stromsbergsbruk.nu\/index.php?rest_route=\/wp\/v2\/users\/1"}],"replies":[{"embeddable":true,"href":"https:\/\/www.stromsbergsbruk.nu\/index.php?rest_route=%2Fwp%2Fv2%2Fcomments&post=5103"}],"version-history":[{"count":21,"href":"https:\/\/www.stromsbergsbruk.nu\/index.php?rest_route=\/wp\/v2\/pages\/5103\/revisions"}],"predecessor-version":[{"id":5203,"href":"https:\/\/www.stromsbergsbruk.nu\/index.php?rest_route=\/wp\/v2\/pages\/5103\/revisions\/5203"}],"wp:attachment":[{"href":"https:\/\/www.stromsbergsbruk.nu\/index.php?rest_route=%2Fwp%2Fv2%2Fmedia&parent=5103"}],"curies":[{"name":"wp","href":"https:\/\/api.w.org\/{rel}","templated":true}]}}