{"id":5156,"date":"2026-05-07T12:52:34","date_gmt":"2026-05-07T10:52:34","guid":{"rendered":"https:\/\/www.stromsbergsbruk.nu\/?page_id=5156"},"modified":"2026-05-08T08:07:08","modified_gmt":"2026-05-08T06:07:08","slug":"nyheter","status":"publish","type":"page","link":"https:\/\/www.stromsbergsbruk.nu\/?page_id=5156","title":{"rendered":"Nyheter"},"content":{"rendered":"\n<div data-wp-context=\"{}\" data-wp-interactive=\"core\/query\" data-wp-key=\"31\" data-wp-router-region=\"query-31\" class=\"wp-block-query alignfull is-layout-flow wp-block-query-is-layout-flow\">\n<div class=\"wp-block-group alignfull is-layout-flow wp-block-group-is-layout-flow\" style=\"padding-top:var(--wp--preset--spacing--40);padding-right:var(--wp--preset--spacing--40);padding-bottom:var(--wp--preset--spacing--40);padding-left:var(--wp--preset--spacing--40)\"><ul style=\"text-transform:none;\" class=\"wp-block-post-template is-layout-flow wp-block-post-template-is-layout-flow\"><li data-wp-key=\"post-template-item-5112\" class=\"wp-block-post post-5112 post type-post status-publish format-standard hentry category-okategoriserade\">\n\n<div class=\"wp-block-group has-global-padding is-content-justification-left is-layout-constrained wp-container-core-group-is-layout-177c594d wp-block-group-is-layout-constrained\">\n<div class=\"wp-block-group is-vertical is-layout-flex wp-container-core-group-is-layout-cedeea28 wp-block-group-is-layout-flex\" style=\"padding-bottom:var(--wp--preset--spacing--80)\"><div style=\"font-size:clamp(0.875rem, 0.875rem + ((1vw - 0.2rem) * 0.042), 0.9rem);letter-spacing:1px; margin-top:0;margin-right:0;margin-bottom:0;margin-left:0;\" class=\"has-text-align-left has-link-color wp-elements-b0239fa9bb4ccc9a184b46e0922fc9d7 wp-block-post-date has-text-color has-contrast-color\"><time datetime=\"2026-04-28T13:07:23+02:00\">28 april, 2026<\/time><\/div>\n\n\n<div class=\"wp-block-group has-global-padding is-layout-constrained wp-block-group-is-layout-constrained\" style=\"margin-top:0;margin-bottom:0\"><h2 style=\"font-size:clamp(1.25rem, 1.25rem + ((1vw - 0.2rem) * 1.25), 2rem);font-style:normal;font-weight:600;line-height:1;\" class=\"has-link-color wp-elements-0616e40298cd7b54ec43ea2a560eaa05 wp-block-post-title has-text-color has-contrast-color\"><a href=\"https:\/\/www.stromsbergsbruk.nu\/?p=5112\" target=\"_self\" >I Grevens tid\u2026.<\/a><\/h2>\n\n<div style=\"line-height:1.7;\" class=\"wp-block-post-excerpt has-small-font-size\"><p class=\"wp-block-post-excerpt__excerpt\">&#8230;\u00e4r temat f\u00f6r v\u00e5r \u00e5rliga bildutst\u00e4llning i utst\u00e4llningslokalen i Str\u00f6msbergs bruk \u2013 en bild \u2013 och text\u00f6versikt visande brukets liv och leverne fr\u00e5n 1600-talet till v\u00e5r tid. Utst\u00e4llning \u00e4r \u00f6ppen alla dagar fr\u00e5n 1 maj till t.o.m. 22 november. Ingen entr\u00e9kostnad. V\u00e4lkomna!<\/p><p class=\"wp-block-post-excerpt__more-text\"><a class=\"wp-block-post-excerpt__more-link\" href=\"https:\/\/www.stromsbergsbruk.nu\/?p=5112\">L\u00e4s mer<\/a><\/p><\/div><\/div>\n<\/div>\n<\/div>\n\n<\/li><li data-wp-key=\"post-template-item-5107\" class=\"wp-block-post post-5107 post type-post status-publish format-standard hentry category-okategoriserade\">\n\n<div class=\"wp-block-group has-global-padding is-content-justification-left is-layout-constrained wp-container-core-group-is-layout-177c594d wp-block-group-is-layout-constrained\">\n<div class=\"wp-block-group is-vertical is-layout-flex wp-container-core-group-is-layout-cedeea28 wp-block-group-is-layout-flex\" style=\"padding-bottom:var(--wp--preset--spacing--80)\"><div style=\"font-size:clamp(0.875rem, 0.875rem + ((1vw - 0.2rem) * 0.042), 0.9rem);letter-spacing:1px; margin-top:0;margin-right:0;margin-bottom:0;margin-left:0;\" class=\"has-text-align-left has-link-color wp-elements-b0239fa9bb4ccc9a184b46e0922fc9d7 wp-block-post-date has-text-color has-contrast-color\"><time datetime=\"2026-04-28T12:43:39+02:00\">28 april, 2026<\/time><\/div>\n\n\n<div class=\"wp-block-group has-global-padding is-layout-constrained wp-block-group-is-layout-constrained\" style=\"margin-top:0;margin-bottom:0\"><h2 style=\"font-size:clamp(1.25rem, 1.25rem + ((1vw - 0.2rem) * 1.25), 2rem);font-style:normal;font-weight:600;line-height:1;\" class=\"has-link-color wp-elements-0616e40298cd7b54ec43ea2a560eaa05 wp-block-post-title has-text-color has-contrast-color\"><a href=\"https:\/\/www.stromsbergsbruk.nu\/?p=5107\" target=\"_self\" >Kanotpaddling<\/a><\/h2>\n\n<div style=\"line-height:1.7;\" class=\"wp-block-post-excerpt has-small-font-size\"><p class=\"wp-block-post-excerpt__excerpt\">S\u00e4songen startar 1 maj.Dags allts\u00e5 f\u00f6r en tur p\u00e5 T\u00e4mnar\u00e5n! Vi hyr ut kanot med k\u00e4rra, tv\u00e5 paddlar och flytv\u00e4star under tiden 1\/5 \u2013 30\/9. Skriftlig info och f\u00f6rslag till turer p\u00e5 T\u00e4mnar\u00e5n finns vid Bes\u00f6kscentrum, Str\u00f6msbergs bruk. Kostnad f\u00f6r 1 kanot (rymmer 2 vuxna + 2 barn) \u00a0\u00a0350 kr\/dag. Kontakta tel. 070 \u2013 74<\/p><p class=\"wp-block-post-excerpt__more-text\"><a class=\"wp-block-post-excerpt__more-link\" href=\"https:\/\/www.stromsbergsbruk.nu\/?p=5107\">L\u00e4s mer<\/a><\/p><\/div><\/div>\n<\/div>\n<\/div>\n\n<\/li><li data-wp-key=\"post-template-item-5070\" class=\"wp-block-post post-5070 post type-post status-publish format-standard hentry category-okategoriserade\">\n\n<div class=\"wp-block-group has-global-padding is-content-justification-left is-layout-constrained wp-container-core-group-is-layout-177c594d wp-block-group-is-layout-constrained\">\n<div class=\"wp-block-group is-vertical is-layout-flex wp-container-core-group-is-layout-cedeea28 wp-block-group-is-layout-flex\" style=\"padding-bottom:var(--wp--preset--spacing--80)\"><div style=\"font-size:clamp(0.875rem, 0.875rem + ((1vw - 0.2rem) * 0.042), 0.9rem);letter-spacing:1px; margin-top:0;margin-right:0;margin-bottom:0;margin-left:0;\" class=\"has-text-align-left has-link-color wp-elements-b0239fa9bb4ccc9a184b46e0922fc9d7 wp-block-post-date has-text-color has-contrast-color\"><time datetime=\"2026-03-20T09:17:58+01:00\">20 mars, 2026<\/time><\/div>\n\n\n<div class=\"wp-block-group has-global-padding is-layout-constrained wp-block-group-is-layout-constrained\" style=\"margin-top:0;margin-bottom:0\"><h2 style=\"font-size:clamp(1.25rem, 1.25rem + ((1vw - 0.2rem) * 1.25), 2rem);font-style:normal;font-weight:600;line-height:1;\" class=\"has-link-color wp-elements-0616e40298cd7b54ec43ea2a560eaa05 wp-block-post-title has-text-color has-contrast-color\"><a href=\"https:\/\/www.stromsbergsbruk.nu\/?p=5070\" target=\"_self\" >FYRA BRUK I TIERPS KOMMUN<\/a><\/h2>\n\n<div style=\"line-height:1.7;\" class=\"wp-block-post-excerpt has-small-font-size\"><p class=\"wp-block-post-excerpt__excerpt\"><\/p><p class=\"wp-block-post-excerpt__more-text\"><a class=\"wp-block-post-excerpt__more-link\" href=\"https:\/\/www.stromsbergsbruk.nu\/?p=5070\">L\u00e4s mer<\/a><\/p><\/div><\/div>\n<\/div>\n<\/div>\n\n<\/li><li data-wp-key=\"post-template-item-5046\" class=\"wp-block-post post-5046 post type-post status-publish format-standard hentry\">\n\n<div class=\"wp-block-group has-global-padding is-content-justification-left is-layout-constrained wp-container-core-group-is-layout-177c594d wp-block-group-is-layout-constrained\">\n<div class=\"wp-block-group is-vertical is-layout-flex wp-container-core-group-is-layout-cedeea28 wp-block-group-is-layout-flex\" style=\"padding-bottom:var(--wp--preset--spacing--80)\"><div style=\"font-size:clamp(0.875rem, 0.875rem + ((1vw - 0.2rem) * 0.042), 0.9rem);letter-spacing:1px; margin-top:0;margin-right:0;margin-bottom:0;margin-left:0;\" class=\"has-text-align-left has-link-color wp-elements-b0239fa9bb4ccc9a184b46e0922fc9d7 wp-block-post-date has-text-color has-contrast-color\"><time datetime=\"2026-03-13T14:54:01+01:00\">13 mars, 2026<\/time><\/div>\n\n\n<div class=\"wp-block-group has-global-padding is-layout-constrained wp-block-group-is-layout-constrained\" style=\"margin-top:0;margin-bottom:0\"><h2 style=\"font-size:clamp(1.25rem, 1.25rem + ((1vw - 0.2rem) * 1.25), 2rem);font-style:normal;font-weight:600;line-height:1;\" class=\"has-link-color wp-elements-0616e40298cd7b54ec43ea2a560eaa05 wp-block-post-title has-text-color has-contrast-color\"><a href=\"https:\/\/www.stromsbergsbruk.nu\/?p=5046\" target=\"_self\" >BruksNytt<\/a><\/h2>\n\n<div style=\"line-height:1.7;\" class=\"wp-block-post-excerpt has-small-font-size\"><p class=\"wp-block-post-excerpt__excerpt\">Kommitt\u00e9n har beslutat att v\u00e5rt lilla annonsblad ska l\u00e4ggas ner. Flera har uppskattat information och annat material, som har funnits i bladet genom \u00e5ren. Nu h\u00e4nvisar vi till v\u00e5r hemsida och Face-book f\u00f6r aktuell information. Vi tackar alla l\u00e4sare, som f\u00f6ljt oss under \u00e5ren. X, Fake News tar \u00f6ver! Ingen ett papp-tryck beh\u00f6ver! &#8221;Social Media&#8221;<\/p><p class=\"wp-block-post-excerpt__more-text\"><a class=\"wp-block-post-excerpt__more-link\" href=\"https:\/\/www.stromsbergsbruk.nu\/?p=5046\">L\u00e4s mer<\/a><\/p><\/div><\/div>\n<\/div>\n<\/div>\n\n<\/li><li data-wp-key=\"post-template-item-4983\" class=\"wp-block-post post-4983 post type-post status-publish format-standard hentry\">\n\n<div class=\"wp-block-group has-global-padding is-content-justification-left is-layout-constrained wp-container-core-group-is-layout-177c594d wp-block-group-is-layout-constrained\">\n<div class=\"wp-block-group is-vertical is-layout-flex wp-container-core-group-is-layout-cedeea28 wp-block-group-is-layout-flex\" style=\"padding-bottom:var(--wp--preset--spacing--80)\"><div style=\"font-size:clamp(0.875rem, 0.875rem + ((1vw - 0.2rem) * 0.042), 0.9rem);letter-spacing:1px; margin-top:0;margin-right:0;margin-bottom:0;margin-left:0;\" class=\"has-text-align-left has-link-color wp-elements-b0239fa9bb4ccc9a184b46e0922fc9d7 wp-block-post-date has-text-color has-contrast-color\"><time datetime=\"2026-02-25T09:01:49+01:00\">25 februari, 2026<\/time><\/div>\n\n\n<div class=\"wp-block-group has-global-padding is-layout-constrained wp-block-group-is-layout-constrained\" style=\"margin-top:0;margin-bottom:0\"><h2 style=\"font-size:clamp(1.25rem, 1.25rem + ((1vw - 0.2rem) * 1.25), 2rem);font-style:normal;font-weight:600;line-height:1;\" class=\"has-link-color wp-elements-0616e40298cd7b54ec43ea2a560eaa05 wp-block-post-title has-text-color has-contrast-color\"><a href=\"https:\/\/www.stromsbergsbruk.nu\/?p=4983\" target=\"_self\" >Fr\u00e5n m\u00f6tet med Fyra Bruk 24\/2<\/a><\/h2>\n\n<div style=\"line-height:1.7;\" class=\"wp-block-post-excerpt has-small-font-size\"><p class=\"wp-block-post-excerpt__excerpt\">Vi gick igenom respektive organisations planering f\u00f6r \u00e5ret.Beslut om att publicera gemensam annons om arrangemangen togs.Kommunen har beslutat att \u00e4ven i \u00e5r genomf\u00f6ra Kulturarvstrappan f\u00f6r eleverna i grundskolan. Vi ser fram emot att delta fr\u00e5n v\u00e5ra bruk.Vi diskuterade eventuella andra samarrangemang under s\u00e4songen.Vi f\u00f6rv\u00e4ntar oss ett andra m\u00f6te kring aktiviteter &#8221;Vallonbruk i Uppland&#8221; ska \u00e4ga<\/p><p class=\"wp-block-post-excerpt__more-text\"><a class=\"wp-block-post-excerpt__more-link\" href=\"https:\/\/www.stromsbergsbruk.nu\/?p=4983\">L\u00e4s mer<\/a><\/p><\/div><\/div>\n<\/div>\n<\/div>\n\n<\/li><li data-wp-key=\"post-template-item-4981\" class=\"wp-block-post post-4981 post type-post status-publish format-standard hentry\">\n\n<div class=\"wp-block-group has-global-padding is-content-justification-left is-layout-constrained wp-container-core-group-is-layout-177c594d wp-block-group-is-layout-constrained\">\n<div class=\"wp-block-group is-vertical is-layout-flex wp-container-core-group-is-layout-cedeea28 wp-block-group-is-layout-flex\" style=\"padding-bottom:var(--wp--preset--spacing--80)\"><div style=\"font-size:clamp(0.875rem, 0.875rem + ((1vw - 0.2rem) * 0.042), 0.9rem);letter-spacing:1px; margin-top:0;margin-right:0;margin-bottom:0;margin-left:0;\" class=\"has-text-align-left has-link-color wp-elements-b0239fa9bb4ccc9a184b46e0922fc9d7 wp-block-post-date has-text-color has-contrast-color\"><time datetime=\"2026-02-24T14:54:46+01:00\">24 februari, 2026<\/time><\/div>\n\n\n<div class=\"wp-block-group has-global-padding is-layout-constrained wp-block-group-is-layout-constrained\" style=\"margin-top:0;margin-bottom:0\"><h2 style=\"font-size:clamp(1.25rem, 1.25rem + ((1vw - 0.2rem) * 1.25), 2rem);font-style:normal;font-weight:600;line-height:1;\" class=\"has-link-color wp-elements-0616e40298cd7b54ec43ea2a560eaa05 wp-block-post-title has-text-color has-contrast-color\"><a href=\"https:\/\/www.stromsbergsbruk.nu\/?p=4981\" target=\"_self\" >Vad sysslar och ansvarar Samarbetskommitt\u00e9n, Str\u00f6msbergs bruk med?<\/a><\/h2>\n\n<div style=\"line-height:1.7;\" class=\"wp-block-post-excerpt has-small-font-size\"><p class=\"wp-block-post-excerpt__excerpt\">Ja, den fr\u00e5gan har vi i Kommitt\u00e9n ibland f\u00e5tt. Olika organisationer med anknytning till orten Str\u00f6msbergs bruk agerar i olika \u00e4renden. Ofta arbetar Kommitt\u00e9n tillsammans med andra organisationer vid deras aktiviteter. Kommitt\u00e9n best\u00e5r av ledam\u00f6ter fr\u00e5n Bruksgillet, Stiftelsen och Str\u00f6msbergs Idrottsf\u00f6reningen. Dessutom ing\u00e5r representanter fr\u00e5n Nostalgimuseum, Str\u00f6msbergs Caf\u00e9 samt fr\u00e5n F\u00f6retagarna. Kommitt\u00e9ns ansvarsomr\u00e5den \u00e4r f.n.<\/p><p class=\"wp-block-post-excerpt__more-text\"><a class=\"wp-block-post-excerpt__more-link\" href=\"https:\/\/www.stromsbergsbruk.nu\/?p=4981\">L\u00e4s mer<\/a><\/p><\/div><\/div>\n<\/div>\n<\/div>\n\n<\/li><li data-wp-key=\"post-template-item-4954\" class=\"wp-block-post post-4954 post type-post status-publish format-standard hentry\">\n\n<div class=\"wp-block-group has-global-padding is-content-justification-left is-layout-constrained wp-container-core-group-is-layout-177c594d wp-block-group-is-layout-constrained\">\n<div class=\"wp-block-group is-vertical is-layout-flex wp-container-core-group-is-layout-cedeea28 wp-block-group-is-layout-flex\" style=\"padding-bottom:var(--wp--preset--spacing--80)\"><div style=\"font-size:clamp(0.875rem, 0.875rem + ((1vw - 0.2rem) * 0.042), 0.9rem);letter-spacing:1px; margin-top:0;margin-right:0;margin-bottom:0;margin-left:0;\" class=\"has-text-align-left has-link-color wp-elements-b0239fa9bb4ccc9a184b46e0922fc9d7 wp-block-post-date has-text-color has-contrast-color\"><time datetime=\"2026-01-13T10:57:55+01:00\">13 januari, 2026<\/time><\/div>\n\n\n<div class=\"wp-block-group has-global-padding is-layout-constrained wp-block-group-is-layout-constrained\" style=\"margin-top:0;margin-bottom:0\"><h2 style=\"font-size:clamp(1.25rem, 1.25rem + ((1vw - 0.2rem) * 1.25), 2rem);font-style:normal;font-weight:600;line-height:1;\" class=\"has-link-color wp-elements-0616e40298cd7b54ec43ea2a560eaa05 wp-block-post-title has-text-color has-contrast-color\"><a href=\"https:\/\/www.stromsbergsbruk.nu\/?p=4954\" target=\"_self\" >Sk\u00f6tselplan<\/a><\/h2>\n\n<div style=\"line-height:1.7;\" class=\"wp-block-post-excerpt has-small-font-size\"><p class=\"wp-block-post-excerpt__excerpt\">H\u00e4llefors Skogs AB har tillsammans med Skogsstyrelsen tagit fram en sk\u00f6tselplan f\u00f6r skogar runt Str\u00f6msbergs bruk g\u00e4llande under tiden 2026 och fram\u00e5t.Planen kommer att finnas hos representanter f\u00f6r Samarbetskommitt\u00e8n efter v\u00e5rt m\u00f6te 21\/1.Synpunkter p\u00e5 planen kan l\u00e4mnas till Kommitt\u00e8n, till annan organisation du tillh\u00f6r eller direkt till erik.reis@htskogar.se senast 20260213.\u00a0<\/p><p class=\"wp-block-post-excerpt__more-text\"><a class=\"wp-block-post-excerpt__more-link\" href=\"https:\/\/www.stromsbergsbruk.nu\/?p=4954\">L\u00e4s mer<\/a><\/p><\/div><\/div>\n<\/div>\n<\/div>\n\n<\/li><\/ul><\/div>\n\n\n\n<div class=\"wp-block-group has-global-padding is-content-justification-left is-layout-constrained wp-container-core-group-is-layout-9821ac42 wp-block-group-is-layout-constrained\" style=\"margin-top:0;margin-bottom:0;padding-top:0;padding-right:var(--wp--preset--spacing--40);padding-bottom:var(--wp--preset--spacing--40);padding-left:var(--wp--preset--spacing--40)\"><\/div>\n<\/div>\n","protected":false},"excerpt":{"rendered":"","protected":false},"author":1,"featured_media":0,"parent":0,"menu_order":0,"comment_status":"closed","ping_status":"closed","template":"","meta":{"footnotes":""},"class_list":["post-5156","page","type-page","status-publish","hentry"],"publishpress_future_action":{"enabled":false,"date":"2026-05-15 14:16:57","action":"change-status","newStatus":"draft","terms":[],"taxonomy":"","extraData":[]},"publishpress_future_workflow_manual_trigger":{"enabledWorkflows":[]},"_links":{"self":[{"href":"https:\/\/www.stromsbergsbruk.nu\/index.php?rest_route=\/wp\/v2\/pages\/5156","targetHints":{"allow":["GET"]}}],"collection":[{"href":"https:\/\/www.stromsbergsbruk.nu\/index.php?rest_route=\/wp\/v2\/pages"}],"about":[{"href":"https:\/\/www.stromsbergsbruk.nu\/index.php?rest_route=\/wp\/v2\/types\/page"}],"author":[{"embeddable":true,"href":"https:\/\/www.stromsbergsbruk.nu\/index.php?rest_route=\/wp\/v2\/users\/1"}],"replies":[{"embeddable":true,"href":"https:\/\/www.stromsbergsbruk.nu\/index.php?rest_route=%2Fwp%2Fv2%2Fcomments&post=5156"}],"version-history":[{"count":2,"href":"https:\/\/www.stromsbergsbruk.nu\/index.php?rest_route=\/wp\/v2\/pages\/5156\/revisions"}],"predecessor-version":[{"id":5187,"href":"https:\/\/www.stromsbergsbruk.nu\/index.php?rest_route=\/wp\/v2\/pages\/5156\/revisions\/5187"}],"wp:attachment":[{"href":"https:\/\/www.stromsbergsbruk.nu\/index.php?rest_route=%2Fwp%2Fv2%2Fmedia&parent=5156"}],"curies":[{"name":"wp","href":"https:\/\/api.w.org\/{rel}","templated":true}]}}