{"id":5159,"date":"2026-05-07T13:19:24","date_gmt":"2026-05-07T11:19:24","guid":{"rendered":"https:\/\/www.stromsbergsbruk.nu\/?page_id=5159"},"modified":"2026-05-08T10:43:51","modified_gmt":"2026-05-08T08:43:51","slug":"se-och-gora-ny","status":"publish","type":"page","link":"https:\/\/www.stromsbergsbruk.nu\/?page_id=5159","title":{"rendered":"Se och g\u00f6ra ny"},"content":{"rendered":"\n<div class=\"wp-block-group alignfull has-global-padding is-layout-constrained wp-container-core-group-is-layout-490fa1db wp-block-group-is-layout-constrained\" style=\"padding-top:var(--wp--preset--spacing--50);padding-right:var(--wp--preset--spacing--50);padding-bottom:var(--wp--preset--spacing--50);padding-left:var(--wp--preset--spacing--50)\">\n<div class=\"wp-block-group has-global-padding is-layout-constrained wp-container-core-group-is-layout-650790e1 wp-block-group-is-layout-constrained\">\n<h1 class=\"wp-block-heading has-text-align-center has-x-large-font-size\" id=\"cafe\">St\u00f6msbergs caf\u00e9<\/h1>\n\n\n\n<div style=\"height:1.25rem\" aria-hidden=\"true\" class=\"wp-block-spacer\"><\/div>\n\n\n\n<p class=\"has-text-align-center\">\u00d6ppettider:<br>Fr\u00e5n 1 maj dagligen kl. 11\u201316.<\/p>\n\n\n\n<div style=\"height:1.25rem\" aria-hidden=\"true\" class=\"wp-block-spacer\"><\/div>\n\n\n\n<div class=\"wp-block-buttons is-content-justification-center is-layout-flex wp-container-core-buttons-is-layout-a89b3969 wp-block-buttons-is-layout-flex\">\n<div class=\"wp-block-button\"><a class=\"wp-block-button__link wp-element-button\" href=\"https:\/\/www.stromsbergs.se\/\" target=\"_blank\" rel=\"noreferrer noopener\">Hemsida<\/a><\/div>\n\n\n\n<div class=\"wp-block-button\"><a class=\"wp-block-button__link wp-element-button\" href=\"https:\/\/www.instagram.com\/stromsbergscafe\/\" target=\"_blank\" rel=\"noreferrer noopener\">Instagram<\/a><\/div>\n\n\n\n<div class=\"wp-block-button\"><a class=\"wp-block-button__link wp-element-button\" href=\"https:\/\/www.facebook.com\/Stromsbergscafe\/?locale=sv_SE\" target=\"_blank\" rel=\"noreferrer noopener\">Facebook<\/a><\/div>\n<\/div>\n<\/div>\n\n\n\n<div style=\"height:var(--wp--preset--spacing--30)\" aria-hidden=\"true\" class=\"wp-block-spacer\"><\/div>\n\n\n\n<figure class=\"wp-block-image alignwide size-full is-style-rounded is-style-rounded--1\"><img loading=\"lazy\" decoding=\"async\" width=\"1000\" height=\"373\" src=\"https:\/\/www.stromsbergsbruk.nu\/wp-content\/uploads\/image1-e1748187768742.jpeg\" alt=\"\" class=\"wp-image-4254\" srcset=\"https:\/\/www.stromsbergsbruk.nu\/wp-content\/uploads\/image1-e1748187768742.jpeg 1000w, https:\/\/www.stromsbergsbruk.nu\/wp-content\/uploads\/image1-e1748187768742-300x112.jpeg 300w, https:\/\/www.stromsbergsbruk.nu\/wp-content\/uploads\/image1-e1748187768742-768x286.jpeg 768w\" sizes=\"auto, (max-width: 1000px) 100vw, 1000px\" \/><\/figure>\n<\/div>\n\n\n\n<div class=\"wp-block-group alignfull has-global-padding is-layout-constrained wp-container-core-group-is-layout-490fa1db wp-block-group-is-layout-constrained\" style=\"padding-top:var(--wp--preset--spacing--50);padding-right:var(--wp--preset--spacing--50);padding-bottom:var(--wp--preset--spacing--50);padding-left:var(--wp--preset--spacing--50)\">\n<div class=\"wp-block-group has-global-padding is-layout-constrained wp-container-core-group-is-layout-650790e1 wp-block-group-is-layout-constrained\">\n<h1 class=\"wp-block-heading has-text-align-center has-x-large-font-size\" id=\"Nostalgi\">Nostalgimuseum i Domarbo<\/h1>\n\n\n\n<div style=\"height:1.25rem\" aria-hidden=\"true\" class=\"wp-block-spacer\"><\/div>\n\n\n\n<p class=\"has-text-align-center\">\u00d6ppettider:<br>L\u00f6rdag-s\u00f6ndag 30\/5-30\/8 kl. 11-16 (ej \u00f6ppet midsommarhelgen).<\/p>\n\n\n\n<div style=\"height:1.25rem\" aria-hidden=\"true\" class=\"wp-block-spacer\"><\/div>\n\n\n\n<div class=\"wp-block-buttons is-content-justification-center is-layout-flex wp-container-core-buttons-is-layout-a89b3969 wp-block-buttons-is-layout-flex\">\n<div class=\"wp-block-button\"><a class=\"wp-block-button__link wp-element-button\" href=\"https:\/\/www.nostalgimuseum.se\/\" target=\"_blank\" rel=\"noreferrer noopener\">Hemsida<\/a><\/div>\n\n\n\n<div class=\"wp-block-button\"><a class=\"wp-block-button__link wp-element-button\" href=\"https:\/\/www.instagram.com\/nostalgimuseum\/\" target=\"_blank\" rel=\"noreferrer noopener\">Instgram<\/a><\/div>\n\n\n\n<div class=\"wp-block-button\"><a class=\"wp-block-button__link wp-element-button\" href=\"https:\/\/www.facebook.com\/nostalgimuseum\/\" target=\"_blank\" rel=\"noreferrer noopener\">Facebook<\/a><\/div>\n\n\n\n<div class=\"wp-block-button\"><a class=\"wp-block-button__link wp-element-button\" href=\"https:\/\/www.tiktok.com\/@nostalgimuseum\" target=\"_blank\" rel=\"noreferrer noopener\">TikTok<\/a><\/div>\n<\/div>\n<\/div>\n\n\n\n<div style=\"height:var(--wp--preset--spacing--30)\" aria-hidden=\"true\" class=\"wp-block-spacer\"><\/div>\n\n\n\n<figure class=\"wp-block-image alignwide size-full is-style-rounded is-style-rounded--2\"><img loading=\"lazy\" decoding=\"async\" width=\"2560\" height=\"1920\" src=\"https:\/\/www.stromsbergsbruk.nu\/wp-content\/uploads\/P8260369-scaled.jpg\" alt=\"\" class=\"wp-image-4241\" srcset=\"https:\/\/www.stromsbergsbruk.nu\/wp-content\/uploads\/P8260369-scaled.jpg 2560w, https:\/\/www.stromsbergsbruk.nu\/wp-content\/uploads\/P8260369-300x225.jpg 300w, https:\/\/www.stromsbergsbruk.nu\/wp-content\/uploads\/P8260369-1024x768.jpg 1024w, https:\/\/www.stromsbergsbruk.nu\/wp-content\/uploads\/P8260369-768x576.jpg 768w, https:\/\/www.stromsbergsbruk.nu\/wp-content\/uploads\/P8260369-1536x1152.jpg 1536w, https:\/\/www.stromsbergsbruk.nu\/wp-content\/uploads\/P8260369-2048x1536.jpg 2048w\" sizes=\"auto, (max-width: 2560px) 100vw, 2560px\" \/><\/figure>\n<\/div>\n\n\n\n<div class=\"wp-block-group alignfull has-global-padding is-layout-constrained wp-container-core-group-is-layout-490fa1db wp-block-group-is-layout-constrained\" style=\"padding-top:var(--wp--preset--spacing--50);padding-right:var(--wp--preset--spacing--50);padding-bottom:var(--wp--preset--spacing--50);padding-left:var(--wp--preset--spacing--50)\">\n<div class=\"wp-block-group has-global-padding is-layout-constrained wp-container-core-group-is-layout-650790e1 wp-block-group-is-layout-constrained\">\n<h1 class=\"wp-block-heading has-text-align-center has-x-large-font-size\" id=\"Hantverk\">Str\u00f6msbergs Hantverkshus<\/h1>\n\n\n\n<div style=\"height:1.25rem\" aria-hidden=\"true\" class=\"wp-block-spacer\"><\/div>\n\n\n\n<p class=\"has-text-align-center\">I Hantverkshuset (Brukslokalen) finns lokala hantverkare som<br>erbjuder genuint hantverk av keramik, smide, ull, m\u00e5lningar, textilier, glas mm \u2013 kom och fynda!<\/p>\n\n\n\n<p class=\"has-text-align-center\">\u00d6ppettider:<br>\u00d6ppet l\u00f6rdagar och s\u00f6ndagar kl. 11\u201316 i april och maj.<br>\u00d6ppet torsdag\u2013s\u00f6ndag kl. 11\u201316 i juni, juli och augusti.<\/p>\n<\/div>\n\n\n\n<div style=\"height:var(--wp--preset--spacing--30)\" aria-hidden=\"true\" class=\"wp-block-spacer\"><\/div>\n\n\n\n<figure class=\"wp-block-image alignwide size-full is-style-rounded is-style-rounded--3\"><img loading=\"lazy\" decoding=\"async\" width=\"1920\" height=\"2560\" src=\"https:\/\/www.stromsbergsbruk.nu\/wp-content\/uploads\/Hantverkshuset-scaled.jpg\" alt=\"\" class=\"wp-image-4260\" srcset=\"https:\/\/www.stromsbergsbruk.nu\/wp-content\/uploads\/Hantverkshuset-scaled.jpg 1920w, https:\/\/www.stromsbergsbruk.nu\/wp-content\/uploads\/Hantverkshuset-225x300.jpg 225w, https:\/\/www.stromsbergsbruk.nu\/wp-content\/uploads\/Hantverkshuset-768x1024.jpg 768w, https:\/\/www.stromsbergsbruk.nu\/wp-content\/uploads\/Hantverkshuset-1152x1536.jpg 1152w, https:\/\/www.stromsbergsbruk.nu\/wp-content\/uploads\/Hantverkshuset-1536x2048.jpg 1536w\" sizes=\"auto, (max-width: 1920px) 100vw, 1920px\" \/><\/figure>\n<\/div>\n\n\n\n<div class=\"wp-block-group alignfull has-global-padding is-layout-constrained wp-container-core-group-is-layout-490fa1db wp-block-group-is-layout-constrained\" style=\"padding-top:var(--wp--preset--spacing--50);padding-right:var(--wp--preset--spacing--50);padding-bottom:var(--wp--preset--spacing--50);padding-left:var(--wp--preset--spacing--50)\">\n<div class=\"wp-block-group has-global-padding is-layout-constrained wp-container-core-group-is-layout-650790e1 wp-block-group-is-layout-constrained\">\n<h1 class=\"wp-block-heading has-text-align-center has-x-large-font-size\" id=\"Kanot\">Kanotuthyrning<\/h1>\n\n\n\n<div style=\"height:1.25rem\" aria-hidden=\"true\" class=\"wp-block-spacer\"><\/div>\n\n\n\n<p class=\"has-text-align-center\">Vi hyr ut kanot med k\u00e4rra, tv\u00e5 paddlar och flytv\u00e4star under tiden 1\/5 \u2013 30\/9.<br>Skriftlig info och f\u00f6rslag till turer p\u00e5 T\u00e4mnar\u00e5n finns vid Bes\u00f6kscentrum, Str\u00f6msbergs bruk.<\/p>\n\n\n\n<p>Kostnad f\u00f6r 1 kanot (rymmer 2 vuxna + 2 barn) 350 kr\/dag.<\/p>\n\n\n\n<p>Kontakta tel. 070 \u2013 74 25 634 f\u00f6r bokning.<\/p>\n\n\n\n<p class=\"has-text-align-center\">Trevlig tur \u00f6nskar Samarbetskommitt\u00e9n Str\u00f6msbergs bruk.<\/p>\n\n\n\n<div style=\"height:1.25rem\" aria-hidden=\"true\" class=\"wp-block-spacer\"><\/div>\n\n\n\n<div class=\"wp-block-buttons is-content-justification-center is-layout-flex wp-container-core-buttons-is-layout-a89b3969 wp-block-buttons-is-layout-flex\">\n<div class=\"wp-block-button\"><a class=\"wp-block-button__link wp-element-button\" href=\"https:\/\/www.stromsbergsbruk.nu\/?page_id=1948\">Kanotled<\/a><\/div>\n<\/div>\n<\/div>\n\n\n\n<div style=\"height:var(--wp--preset--spacing--30)\" aria-hidden=\"true\" class=\"wp-block-spacer\"><\/div>\n\n\n\n<figure class=\"wp-block-image alignwide size-full is-style-rounded is-style-rounded--4\"><img loading=\"lazy\" decoding=\"async\" width=\"1771\" height=\"1168\" src=\"https:\/\/www.stromsbergsbruk.nu\/wp-content\/uploads\/17-1.jpg\" alt=\"\" class=\"wp-image-2397\" srcset=\"https:\/\/www.stromsbergsbruk.nu\/wp-content\/uploads\/17-1.jpg 1771w, https:\/\/www.stromsbergsbruk.nu\/wp-content\/uploads\/17-1-300x198.jpg 300w, https:\/\/www.stromsbergsbruk.nu\/wp-content\/uploads\/17-1-768x507.jpg 768w, https:\/\/www.stromsbergsbruk.nu\/wp-content\/uploads\/17-1-1024x675.jpg 1024w\" sizes=\"auto, (max-width: 1771px) 100vw, 1771px\" \/><\/figure>\n<\/div>\n\n\n\n<div class=\"wp-block-group alignfull has-global-padding is-layout-constrained wp-container-core-group-is-layout-490fa1db wp-block-group-is-layout-constrained\" style=\"padding-top:var(--wp--preset--spacing--50);padding-right:var(--wp--preset--spacing--50);padding-bottom:var(--wp--preset--spacing--50);padding-left:var(--wp--preset--spacing--50)\">\n<div class=\"wp-block-group has-global-padding is-layout-constrained wp-container-core-group-is-layout-650790e1 wp-block-group-is-layout-constrained\">\n<h1 class=\"wp-block-heading has-text-align-center has-x-large-font-size\" id=\"Motion\">Skid- och Motionssp\u00e5r<\/h1>\n\n\n\n<div style=\"height:1.25rem\" aria-hidden=\"true\" class=\"wp-block-spacer\"><\/div>\n\n\n\n<p class=\"has-text-align-center\">Fr\u00e5n Bagarstugan g\u00e5r motionssp\u00e5r i flera slingor i omgivande varierad terr\u00e4ng. Vintertid prepareras skidsp\u00e5r av Str\u00f6msbergs IF n\u00e4r sn\u00f6tillg\u00e5ngen s\u00e5 till\u00e5ter.<\/p>\n<\/div>\n\n\n\n<div style=\"height:var(--wp--preset--spacing--30)\" aria-hidden=\"true\" class=\"wp-block-spacer\"><\/div>\n\n\n\n<figure class=\"wp-block-image alignwide size-full is-style-rounded is-style-rounded--5\"><img loading=\"lazy\" decoding=\"async\" width=\"1000\" height=\"676\" src=\"https:\/\/www.stromsbergsbruk.nu\/wp-content\/uploads\/Skid-och-Motionsspar.jpg\" alt=\"\" class=\"wp-image-4350\" srcset=\"https:\/\/www.stromsbergsbruk.nu\/wp-content\/uploads\/Skid-och-Motionsspar.jpg 1000w, https:\/\/www.stromsbergsbruk.nu\/wp-content\/uploads\/Skid-och-Motionsspar-300x203.jpg 300w, https:\/\/www.stromsbergsbruk.nu\/wp-content\/uploads\/Skid-och-Motionsspar-768x519.jpg 768w\" sizes=\"auto, (max-width: 1000px) 100vw, 1000px\" \/><\/figure>\n<\/div>\n\n\n\n<div class=\"wp-block-group alignfull has-global-padding is-layout-constrained wp-container-core-group-is-layout-490fa1db wp-block-group-is-layout-constrained\" style=\"padding-top:var(--wp--preset--spacing--50);padding-right:var(--wp--preset--spacing--50);padding-bottom:var(--wp--preset--spacing--50);padding-left:var(--wp--preset--spacing--50)\">\n<div class=\"wp-block-group has-global-padding is-layout-constrained wp-container-core-group-is-layout-650790e1 wp-block-group-is-layout-constrained\">\n<h1 class=\"wp-block-heading has-text-align-center has-x-large-font-size\" id=\"bad\">Bad och Lekplats<\/h1>\n\n\n\n<div style=\"height:1.25rem\" aria-hidden=\"true\" class=\"wp-block-spacer\"><\/div>\n\n\n\n<p class=\"has-text-align-center\">Vid badet kan du ta ett dopp i den svalkande T\u00e4mnar\u00e5n. D\u00e4r finns en utegrill att fritt anv\u00e4ndas. I n\u00e4rheten finns ocks\u00e5 en lekplats f\u00f6r barn.<\/p>\n<\/div>\n<\/div>\n\n\n\n<div class=\"wp-block-group alignfull has-global-padding is-layout-constrained wp-container-core-group-is-layout-490fa1db wp-block-group-is-layout-constrained\" style=\"padding-top:var(--wp--preset--spacing--50);padding-right:var(--wp--preset--spacing--50);padding-bottom:var(--wp--preset--spacing--50);padding-left:var(--wp--preset--spacing--50)\">\n<div class=\"wp-block-group has-global-padding is-layout-constrained wp-container-core-group-is-layout-650790e1 wp-block-group-is-layout-constrained\">\n<h1 class=\"wp-block-heading has-text-align-center has-x-large-font-size\" id=\"Igrevenstid\">Bildutst\u00e4llning<\/h1>\n\n\n\n<div style=\"height:1.25rem\" aria-hidden=\"true\" class=\"wp-block-spacer\"><\/div>\n\n\n\n<p class=\"has-text-align-center\">I Grevens tid \u00e4r temat f\u00f6r v\u00e5r \u00e5rliga bildutst\u00e4llning i utst\u00e4llningslokalen i Str\u00f6msbergs bruk \u2013 en bild \u2013 och text\u00f6versikt visande brukets liv och leverne fr\u00e5n 1600-talet till v\u00e5r tid. Utst\u00e4llning \u00e4r \u00f6ppen alla dagar fr\u00e5n 1 maj till t.o.m. 22 november. Ingen entr\u00e9kostnad. V\u00e4lkomna!<\/p>\n\n\n\n<div style=\"height:1.25rem\" aria-hidden=\"true\" class=\"wp-block-spacer\"><\/div>\n<\/div>\n\n\n\n<figure class=\"wp-block-image alignwide size-full is-style-rounded is-style-rounded--6\"><img loading=\"lazy\" decoding=\"async\" width=\"800\" height=\"1179\" src=\"https:\/\/www.stromsbergsbruk.nu\/wp-content\/uploads\/Welam.jpg\" alt=\"\" class=\"wp-image-5113\" srcset=\"https:\/\/www.stromsbergsbruk.nu\/wp-content\/uploads\/Welam.jpg 800w, https:\/\/www.stromsbergsbruk.nu\/wp-content\/uploads\/Welam-204x300.jpg 204w, https:\/\/www.stromsbergsbruk.nu\/wp-content\/uploads\/Welam-695x1024.jpg 695w, https:\/\/www.stromsbergsbruk.nu\/wp-content\/uploads\/Welam-768x1132.jpg 768w\" sizes=\"auto, (max-width: 800px) 100vw, 800px\" \/><\/figure>\n<\/div>\n","protected":false},"excerpt":{"rendered":"<p>St\u00f6msbergs caf\u00e9 \u00d6ppettider:Fr\u00e5n 1 maj dagligen kl. 11\u201316. Nostalgimuseum i Domarbo \u00d6ppettider:L\u00f6rdag-s\u00f6ndag 30\/5-30\/8 kl. 11-16 (ej \u00f6ppet midsommarhelgen). Str\u00f6msbergs Hantverkshus I Hantverkshuset (Brukslokalen) finns lokala hantverkare somerbjuder genuint hantverk av keramik, smide, ull, m\u00e5lningar, textilier, glas mm \u2013 kom och fynda! \u00d6ppettider:\u00d6ppet l\u00f6rdagar och s\u00f6ndagar kl. 11\u201316 i april och maj.\u00d6ppet torsdag\u2013s\u00f6ndag kl. 11\u201316 i [&hellip;]<\/p>\n","protected":false},"author":1,"featured_media":0,"parent":0,"menu_order":0,"comment_status":"closed","ping_status":"closed","template":"","meta":{"footnotes":""},"class_list":["post-5159","page","type-page","status-publish","hentry"],"publishpress_future_action":{"enabled":false,"date":"2026-05-15 14:15:16","action":"change-status","newStatus":"draft","terms":[],"taxonomy":"","extraData":[]},"publishpress_future_workflow_manual_trigger":{"enabledWorkflows":[]},"_links":{"self":[{"href":"https:\/\/www.stromsbergsbruk.nu\/index.php?rest_route=\/wp\/v2\/pages\/5159","targetHints":{"allow":["GET"]}}],"collection":[{"href":"https:\/\/www.stromsbergsbruk.nu\/index.php?rest_route=\/wp\/v2\/pages"}],"about":[{"href":"https:\/\/www.stromsbergsbruk.nu\/index.php?rest_route=\/wp\/v2\/types\/page"}],"author":[{"embeddable":true,"href":"https:\/\/www.stromsbergsbruk.nu\/index.php?rest_route=\/wp\/v2\/users\/1"}],"replies":[{"embeddable":true,"href":"https:\/\/www.stromsbergsbruk.nu\/index.php?rest_route=%2Fwp%2Fv2%2Fcomments&post=5159"}],"version-history":[{"count":6,"href":"https:\/\/www.stromsbergsbruk.nu\/index.php?rest_route=\/wp\/v2\/pages\/5159\/revisions"}],"predecessor-version":[{"id":5191,"href":"https:\/\/www.stromsbergsbruk.nu\/index.php?rest_route=\/wp\/v2\/pages\/5159\/revisions\/5191"}],"wp:attachment":[{"href":"https:\/\/www.stromsbergsbruk.nu\/index.php?rest_route=%2Fwp%2Fv2%2Fmedia&parent=5159"}],"curies":[{"name":"wp","href":"https:\/\/api.w.org\/{rel}","templated":true}]}}