{"id":5163,"date":"2026-05-07T14:05:05","date_gmt":"2026-05-07T12:05:05","guid":{"rendered":"https:\/\/www.stromsbergsbruk.nu\/?page_id=5163"},"modified":"2026-05-08T10:55:19","modified_gmt":"2026-05-08T08:55:19","slug":"lokaler-och-boende-att-hyra-ny","status":"publish","type":"page","link":"https:\/\/www.stromsbergsbruk.nu\/?page_id=5163","title":{"rendered":"Lokaler och boende att hyra ny"},"content":{"rendered":"\n<div class=\"wp-block-group alignfull has-global-padding is-layout-constrained wp-container-core-group-is-layout-490fa1db wp-block-group-is-layout-constrained\" style=\"padding-top:var(--wp--preset--spacing--50);padding-right:var(--wp--preset--spacing--50);padding-bottom:var(--wp--preset--spacing--50);padding-left:var(--wp--preset--spacing--50)\">\n<div class=\"wp-block-group has-global-padding is-layout-constrained wp-container-core-group-is-layout-650790e1 wp-block-group-is-layout-constrained\">\n<h1 class=\"wp-block-heading has-text-align-center has-x-large-font-size\">Bagarstugan<\/h1>\n\n\n\n<div style=\"height:1.25rem\" aria-hidden=\"true\" class=\"wp-block-spacer\"><\/div>\n\n\n\n<div style=\"height:1.25rem\" aria-hidden=\"true\" class=\"wp-block-spacer\"><\/div>\n\n\n\n<div class=\"wp-block-buttons is-content-justification-center is-layout-flex wp-container-core-buttons-is-layout-a89b3969 wp-block-buttons-is-layout-flex\">\n<div class=\"wp-block-button\"><a class=\"wp-block-button__link wp-element-button\" href=\"https:\/\/www.stromsbergsbruk.nu\/?page_id=126\">Mer Information<\/a><\/div>\n<\/div>\n<\/div>\n\n\n\n<div style=\"height:var(--wp--preset--spacing--30)\" aria-hidden=\"true\" class=\"wp-block-spacer\"><\/div>\n\n\n\n<figure class=\"wp-block-image alignwide size-full is-style-rounded is-style-rounded--1\"><img loading=\"lazy\" decoding=\"async\" width=\"1000\" height=\"669\" src=\"https:\/\/www.stromsbergsbruk.nu\/wp-content\/uploads\/Bagarstugan.jpg\" alt=\"\" class=\"wp-image-965\" srcset=\"https:\/\/www.stromsbergsbruk.nu\/wp-content\/uploads\/Bagarstugan.jpg 1000w, https:\/\/www.stromsbergsbruk.nu\/wp-content\/uploads\/Bagarstugan-300x200.jpg 300w, https:\/\/www.stromsbergsbruk.nu\/wp-content\/uploads\/Bagarstugan-900x602.jpg 900w\" sizes=\"auto, (max-width: 1000px) 100vw, 1000px\" \/><\/figure>\n<\/div>\n\n\n\n<div class=\"wp-block-group alignfull has-global-padding is-layout-constrained wp-container-core-group-is-layout-490fa1db wp-block-group-is-layout-constrained\" style=\"padding-top:var(--wp--preset--spacing--50);padding-right:var(--wp--preset--spacing--50);padding-bottom:var(--wp--preset--spacing--50);padding-left:var(--wp--preset--spacing--50)\">\n<div class=\"wp-block-group has-global-padding is-layout-constrained wp-container-core-group-is-layout-650790e1 wp-block-group-is-layout-constrained\">\n<h1 class=\"wp-block-heading has-text-align-center has-x-large-font-size\" id=\"Heden\">Hedens Idrottsplats<\/h1>\n\n\n\n<div style=\"height:1.25rem\" aria-hidden=\"true\" class=\"wp-block-spacer\"><\/div>\n\n\n\n<p class=\"has-text-align-center\">Om du vill hyra Hedens idrottsplats (dansbanan, caf\u00e9et, andra utrymmen) skickas en f\u00f6rfr\u00e5gan om att hyra Heden till mailadressen stromsbergsif@stromsbergsbruk.nu<\/p>\n<\/div>\n\n\n\n<div style=\"height:var(--wp--preset--spacing--30)\" aria-hidden=\"true\" class=\"wp-block-spacer\"><\/div>\n\n\n\n<figure class=\"wp-block-image alignwide size-full is-style-rounded is-style-rounded--2\"><img loading=\"lazy\" decoding=\"async\" width=\"1000\" height=\"666\" src=\"https:\/\/www.stromsbergsbruk.nu\/wp-content\/uploads\/Heden-2.jpg\" alt=\"\" class=\"wp-image-4353\" srcset=\"https:\/\/www.stromsbergsbruk.nu\/wp-content\/uploads\/Heden-2.jpg 1000w, https:\/\/www.stromsbergsbruk.nu\/wp-content\/uploads\/Heden-2-300x200.jpg 300w, https:\/\/www.stromsbergsbruk.nu\/wp-content\/uploads\/Heden-2-768x511.jpg 768w\" sizes=\"auto, (max-width: 1000px) 100vw, 1000px\" \/><\/figure>\n<\/div>\n\n\n\n<div class=\"wp-block-group alignfull has-global-padding is-layout-constrained wp-container-core-group-is-layout-490fa1db wp-block-group-is-layout-constrained\" style=\"padding-top:var(--wp--preset--spacing--50);padding-right:var(--wp--preset--spacing--50);padding-bottom:var(--wp--preset--spacing--50);padding-left:var(--wp--preset--spacing--50)\">\n<div class=\"wp-block-group has-global-padding is-layout-constrained wp-container-core-group-is-layout-650790e1 wp-block-group-is-layout-constrained\">\n<h1 class=\"wp-block-heading has-text-align-center has-x-large-font-size\" id=\"Stay\">Stay in Str\u00f6msberg<\/h1>\n\n\n\n<div style=\"height:1.25rem\" aria-hidden=\"true\" class=\"wp-block-spacer\"><\/div>\n\n\n\n<div class=\"wp-block-buttons is-content-justification-center is-layout-flex wp-container-core-buttons-is-layout-a89b3969 wp-block-buttons-is-layout-flex\">\n<div class=\"wp-block-button\"><a class=\"wp-block-button__link wp-element-button\" href=\"http:\/\/stayinstromsberg.com\/\" target=\"_blank\" rel=\"noreferrer noopener\">Hemsida<\/a><\/div>\n\n\n\n<div class=\"wp-block-button\"><a class=\"wp-block-button__link wp-element-button\" href=\"https:\/\/www.facebook.com\/stayinstromsberg\/?locale=sv_SE\" target=\"_blank\" rel=\"noreferrer noopener\">Facebook<\/a><\/div>\n<\/div>\n<\/div>\n\n\n\n<div style=\"height:var(--wp--preset--spacing--30)\" aria-hidden=\"true\" class=\"wp-block-spacer\"><\/div>\n\n\n\n<figure class=\"wp-block-image alignwide size-full is-style-rounded is-style-rounded--3\"><img loading=\"lazy\" decoding=\"async\" width=\"1024\" height=\"1024\" src=\"https:\/\/www.stromsbergsbruk.nu\/wp-content\/uploads\/Stay-in-Stromsberg.jpg\" alt=\"\" class=\"wp-image-4355\" srcset=\"https:\/\/www.stromsbergsbruk.nu\/wp-content\/uploads\/Stay-in-Stromsberg.jpg 1024w, https:\/\/www.stromsbergsbruk.nu\/wp-content\/uploads\/Stay-in-Stromsberg-300x300.jpg 300w, https:\/\/www.stromsbergsbruk.nu\/wp-content\/uploads\/Stay-in-Stromsberg-150x150.jpg 150w, https:\/\/www.stromsbergsbruk.nu\/wp-content\/uploads\/Stay-in-Stromsberg-768x768.jpg 768w, https:\/\/www.stromsbergsbruk.nu\/wp-content\/uploads\/Stay-in-Stromsberg-100x100.jpg 100w\" sizes=\"auto, (max-width: 1024px) 100vw, 1024px\" \/><\/figure>\n<\/div>\n","protected":false},"excerpt":{"rendered":"<p>Bagarstugan Hedens Idrottsplats Om du vill hyra Hedens idrottsplats (dansbanan, caf\u00e9et, andra utrymmen) skickas en f\u00f6rfr\u00e5gan om att hyra Heden till mailadressen stromsbergsif@stromsbergsbruk.nu Stay in Str\u00f6msberg<\/p>\n","protected":false},"author":1,"featured_media":0,"parent":0,"menu_order":0,"comment_status":"closed","ping_status":"closed","template":"","meta":{"footnotes":""},"class_list":["post-5163","page","type-page","status-publish","hentry"],"publishpress_future_action":{"enabled":false,"date":"2026-05-15 14:25:07","action":"change-status","newStatus":"draft","terms":[],"taxonomy":"","extraData":[]},"publishpress_future_workflow_manual_trigger":{"enabledWorkflows":[]},"_links":{"self":[{"href":"https:\/\/www.stromsbergsbruk.nu\/index.php?rest_route=\/wp\/v2\/pages\/5163","targetHints":{"allow":["GET"]}}],"collection":[{"href":"https:\/\/www.stromsbergsbruk.nu\/index.php?rest_route=\/wp\/v2\/pages"}],"about":[{"href":"https:\/\/www.stromsbergsbruk.nu\/index.php?rest_route=\/wp\/v2\/types\/page"}],"author":[{"embeddable":true,"href":"https:\/\/www.stromsbergsbruk.nu\/index.php?rest_route=\/wp\/v2\/users\/1"}],"replies":[{"embeddable":true,"href":"https:\/\/www.stromsbergsbruk.nu\/index.php?rest_route=%2Fwp%2Fv2%2Fcomments&post=5163"}],"version-history":[{"count":5,"href":"https:\/\/www.stromsbergsbruk.nu\/index.php?rest_route=\/wp\/v2\/pages\/5163\/revisions"}],"predecessor-version":[{"id":5194,"href":"https:\/\/www.stromsbergsbruk.nu\/index.php?rest_route=\/wp\/v2\/pages\/5163\/revisions\/5194"}],"wp:attachment":[{"href":"https:\/\/www.stromsbergsbruk.nu\/index.php?rest_route=%2Fwp%2Fv2%2Fmedia&parent=5163"}],"curies":[{"name":"wp","href":"https:\/\/api.w.org\/{rel}","templated":true}]}}