{"id":5169,"date":"2026-05-07T14:16:20","date_gmt":"2026-05-07T12:16:20","guid":{"rendered":"https:\/\/www.stromsbergsbruk.nu\/?page_id=5169"},"modified":"2026-05-08T08:07:42","modified_gmt":"2026-05-08T06:07:42","slug":"historia-ny","status":"publish","type":"page","link":"https:\/\/www.stromsbergsbruk.nu\/?page_id=5169","title":{"rendered":"Historia ny"},"content":{"rendered":"\n<div class=\"wp-block-group alignfull has-global-padding is-layout-constrained wp-container-core-group-is-layout-490fa1db wp-block-group-is-layout-constrained\" style=\"padding-top:var(--wp--preset--spacing--50);padding-right:var(--wp--preset--spacing--50);padding-bottom:var(--wp--preset--spacing--50);padding-left:var(--wp--preset--spacing--50)\">\n<div class=\"wp-block-group has-global-padding is-layout-constrained wp-container-core-group-is-layout-650790e1 wp-block-group-is-layout-constrained\">\n<h1 class=\"wp-block-heading has-text-align-center has-x-large-font-size\">Historik<\/h1>\n\n\n\n<div style=\"height:21px\" aria-hidden=\"true\" class=\"wp-block-spacer\"><\/div>\n\n\n\n<div class=\"wp-block-buttons is-content-justification-center is-layout-flex wp-container-core-buttons-is-layout-a89b3969 wp-block-buttons-is-layout-flex\">\n<div class=\"wp-block-button\"><a class=\"wp-block-button__link wp-element-button\" href=\"https:\/\/www.stromsbergsbruk.nu\/?page_id=112\">Historik<\/a><\/div>\n<\/div>\n<\/div>\n\n\n\n<div style=\"height:40px\" aria-hidden=\"true\" class=\"wp-block-spacer\"><\/div>\n\n\n\n<figure class=\"wp-block-image alignwide size-full is-style-rounded is-style-rounded--1\"><img loading=\"lazy\" decoding=\"async\" width=\"2338\" height=\"1700\" src=\"https:\/\/www.stromsbergsbruk.nu\/wp-content\/uploads\/29.jpg\" alt=\"\" class=\"wp-image-1281\" srcset=\"https:\/\/www.stromsbergsbruk.nu\/wp-content\/uploads\/29.jpg 2338w, https:\/\/www.stromsbergsbruk.nu\/wp-content\/uploads\/29-300x218.jpg 300w, https:\/\/www.stromsbergsbruk.nu\/wp-content\/uploads\/29-1024x744.jpg 1024w\" sizes=\"auto, (max-width: 2338px) 100vw, 2338px\" \/><\/figure>\n<\/div>\n\n\n\n<div class=\"wp-block-group alignfull has-global-padding is-layout-constrained wp-container-core-group-is-layout-490fa1db wp-block-group-is-layout-constrained\" style=\"padding-top:var(--wp--preset--spacing--50);padding-right:var(--wp--preset--spacing--50);padding-bottom:var(--wp--preset--spacing--50);padding-left:var(--wp--preset--spacing--50)\">\n<div class=\"wp-block-group has-global-padding is-layout-constrained wp-container-core-group-is-layout-650790e1 wp-block-group-is-layout-constrained\">\n<h1 class=\"wp-block-heading has-text-align-center has-x-large-font-size\">Str\u00f6msbergs bruk \u2013 det vita bruket<\/h1>\n\n\n\n<div style=\"height:1.25rem\" aria-hidden=\"true\" class=\"wp-block-spacer\"><\/div>\n\n\n\n<div class=\"wp-block-buttons is-content-justification-center is-layout-flex wp-container-core-buttons-is-layout-a89b3969 wp-block-buttons-is-layout-flex\">\n<div class=\"wp-block-button\"><a class=\"wp-block-button__link wp-element-button\" href=\"https:\/\/www.stromsbergsbruk.nu\/?page_id=2380\">Om Str\u00f6msbergs bruk \u2013 det vita bruket<\/a><\/div>\n<\/div>\n<\/div>\n\n\n\n<div style=\"height:var(--wp--preset--spacing--30)\" aria-hidden=\"true\" class=\"wp-block-spacer\"><\/div>\n\n\n\n<figure class=\"wp-block-image alignwide size-full is-style-rounded is-style-rounded--2\"><img loading=\"lazy\" decoding=\"async\" width=\"2247\" height=\"804\" src=\"https:\/\/www.stromsbergsbruk.nu\/wp-content\/uploads\/3-4.jpg\" alt=\"\" class=\"wp-image-2383\" srcset=\"https:\/\/www.stromsbergsbruk.nu\/wp-content\/uploads\/3-4.jpg 2247w, https:\/\/www.stromsbergsbruk.nu\/wp-content\/uploads\/3-4-300x107.jpg 300w, https:\/\/www.stromsbergsbruk.nu\/wp-content\/uploads\/3-4-768x275.jpg 768w, https:\/\/www.stromsbergsbruk.nu\/wp-content\/uploads\/3-4-1024x366.jpg 1024w\" sizes=\"auto, (max-width: 2247px) 100vw, 2247px\" \/><\/figure>\n<\/div>\n\n\n\n<div class=\"wp-block-group alignfull has-global-padding is-layout-constrained wp-container-core-group-is-layout-490fa1db wp-block-group-is-layout-constrained\" style=\"padding-top:var(--wp--preset--spacing--50);padding-right:var(--wp--preset--spacing--50);padding-bottom:var(--wp--preset--spacing--50);padding-left:var(--wp--preset--spacing--50)\">\n<div class=\"wp-block-group has-global-padding is-layout-constrained wp-container-core-group-is-layout-650790e1 wp-block-group-is-layout-constrained\">\n<h1 class=\"wp-block-heading has-text-align-center has-x-large-font-size\">Bruksvandring<\/h1>\n\n\n\n<div style=\"height:1.25rem\" aria-hidden=\"true\" class=\"wp-block-spacer\"><\/div>\n\n\n\n<div class=\"wp-block-buttons is-content-justification-center is-layout-flex wp-container-core-buttons-is-layout-a89b3969 wp-block-buttons-is-layout-flex\">\n<div class=\"wp-block-button\"><a class=\"wp-block-button__link wp-element-button\" href=\"https:\/\/www.stromsbergsbruk.nu\/?page_id=301\">Bruksvandring<\/a><\/div>\n<\/div>\n<\/div>\n\n\n\n<div style=\"height:var(--wp--preset--spacing--30)\" aria-hidden=\"true\" class=\"wp-block-spacer\"><\/div>\n\n\n\n<figure class=\"wp-block-image alignwide size-full is-style-rounded is-style-rounded--3\"><img loading=\"lazy\" decoding=\"async\" width=\"1000\" height=\"669\" src=\"https:\/\/www.stromsbergsbruk.nu\/wp-content\/uploads\/Klocksplen.jpg\" alt=\"\" class=\"wp-image-951\" srcset=\"https:\/\/www.stromsbergsbruk.nu\/wp-content\/uploads\/Klocksplen.jpg 1000w, https:\/\/www.stromsbergsbruk.nu\/wp-content\/uploads\/Klocksplen-300x200.jpg 300w, https:\/\/www.stromsbergsbruk.nu\/wp-content\/uploads\/Klocksplen-900x602.jpg 900w\" sizes=\"auto, (max-width: 1000px) 100vw, 1000px\" \/><\/figure>\n<\/div>\n\n\n\n<div class=\"wp-block-group alignfull has-global-padding is-layout-constrained wp-container-core-group-is-layout-490fa1db wp-block-group-is-layout-constrained\" style=\"padding-top:var(--wp--preset--spacing--50);padding-right:var(--wp--preset--spacing--50);padding-bottom:var(--wp--preset--spacing--50);padding-left:var(--wp--preset--spacing--50)\">\n<div class=\"wp-block-group has-global-padding is-layout-constrained wp-container-core-group-is-layout-650790e1 wp-block-group-is-layout-constrained\">\n<h1 class=\"wp-block-heading has-text-align-center has-x-large-font-size\">Guidade turer<\/h1>\n\n\n\n<div style=\"height:1.25rem\" aria-hidden=\"true\" class=\"wp-block-spacer\"><\/div>\n\n\n\n<div class=\"wp-block-buttons is-content-justification-center is-layout-flex wp-container-core-buttons-is-layout-a89b3969 wp-block-buttons-is-layout-flex\">\n<div class=\"wp-block-button\"><a class=\"wp-block-button__link wp-element-button\" href=\"https:\/\/www.stromsbergsbruk.nu\/?page_id=297\">Guidade turer<\/a><\/div>\n<\/div>\n<\/div>\n\n\n\n<div style=\"height:var(--wp--preset--spacing--30)\" aria-hidden=\"true\" class=\"wp-block-spacer\"><\/div>\n\n\n\n<figure class=\"wp-block-image alignwide size-full is-style-rounded is-style-rounded--4\"><img loading=\"lazy\" decoding=\"async\" width=\"1000\" height=\"669\" src=\"https:\/\/www.stromsbergsbruk.nu\/wp-content\/uploads\/Kvarnen-och-snickarverkstaden.jpg\" alt=\"\" class=\"wp-image-960\" srcset=\"https:\/\/www.stromsbergsbruk.nu\/wp-content\/uploads\/Kvarnen-och-snickarverkstaden.jpg 1000w, https:\/\/www.stromsbergsbruk.nu\/wp-content\/uploads\/Kvarnen-och-snickarverkstaden-300x200.jpg 300w, https:\/\/www.stromsbergsbruk.nu\/wp-content\/uploads\/Kvarnen-och-snickarverkstaden-900x602.jpg 900w\" sizes=\"auto, (max-width: 1000px) 100vw, 1000px\" \/><\/figure>\n<\/div>\n\n\n\n<div class=\"wp-block-group alignfull has-global-padding is-layout-constrained wp-container-core-group-is-layout-490fa1db wp-block-group-is-layout-constrained\" style=\"padding-top:var(--wp--preset--spacing--50);padding-right:var(--wp--preset--spacing--50);padding-bottom:var(--wp--preset--spacing--50);padding-left:var(--wp--preset--spacing--50)\">\n<div class=\"wp-block-group has-global-padding is-layout-constrained wp-container-core-group-is-layout-650790e1 wp-block-group-is-layout-constrained\">\n<h1 class=\"wp-block-heading has-text-align-center has-x-large-font-size\">Skogsbruksmuseum<\/h1>\n\n\n\n<div style=\"height:1.25rem\" aria-hidden=\"true\" class=\"wp-block-spacer\"><\/div>\n\n\n\n<div class=\"wp-block-buttons is-content-justification-center is-layout-flex wp-container-core-buttons-is-layout-a89b3969 wp-block-buttons-is-layout-flex\">\n<div class=\"wp-block-button\"><a class=\"wp-block-button__link wp-element-button\" href=\"https:\/\/www.stromsbergsbruk.nu\/?page_id=286\">Skogsbruksmuseum<\/a><\/div>\n<\/div>\n<\/div>\n\n\n\n<div style=\"height:var(--wp--preset--spacing--30)\" aria-hidden=\"true\" class=\"wp-block-spacer\"><\/div>\n\n\n\n<figure class=\"wp-block-image alignwide size-full is-style-rounded is-style-rounded--5\"><img loading=\"lazy\" decoding=\"async\" width=\"1000\" height=\"669\" src=\"https:\/\/www.stromsbergsbruk.nu\/wp-content\/uploads\/\u00c5ngs\u00e5gen.jpg\" alt=\"\" class=\"wp-image-963\" srcset=\"https:\/\/www.stromsbergsbruk.nu\/wp-content\/uploads\/\u00c5ngs\u00e5gen.jpg 1000w, https:\/\/www.stromsbergsbruk.nu\/wp-content\/uploads\/\u00c5ngs\u00e5gen-300x200.jpg 300w, https:\/\/www.stromsbergsbruk.nu\/wp-content\/uploads\/\u00c5ngs\u00e5gen-900x602.jpg 900w\" sizes=\"auto, (max-width: 1000px) 100vw, 1000px\" \/><\/figure>\n<\/div>\n\n\n\n<div class=\"wp-block-group alignfull has-global-padding is-layout-constrained wp-container-core-group-is-layout-490fa1db wp-block-group-is-layout-constrained\" style=\"padding-top:var(--wp--preset--spacing--50);padding-right:var(--wp--preset--spacing--50);padding-bottom:var(--wp--preset--spacing--50);padding-left:var(--wp--preset--spacing--50)\">\n<div class=\"wp-block-group has-global-padding is-layout-constrained wp-container-core-group-is-layout-650790e1 wp-block-group-is-layout-constrained\">\n<h1 class=\"wp-block-heading has-text-align-center has-x-large-font-size\">Arbetets munterhet\u2026 eller \u2026de giva oss slagg f\u00f6r malm\u2026<\/h1>\n\n\n\n<div style=\"height:1.25rem\" aria-hidden=\"true\" class=\"wp-block-spacer\"><\/div>\n\n\n\n<div class=\"wp-block-buttons is-content-justification-center is-layout-flex wp-container-core-buttons-is-layout-a89b3969 wp-block-buttons-is-layout-flex\">\n<div class=\"wp-block-button\"><a class=\"wp-block-button__link wp-element-button\" href=\"https:\/\/www.stromsbergsbruk.nu\/?page_id=2316\">Arbetets munterhet\u2026 eller \u2026de giva oss slagg f\u00f6r malm\u2026<\/a><\/div>\n<\/div>\n<\/div>\n\n\n\n<div style=\"height:var(--wp--preset--spacing--30)\" aria-hidden=\"true\" class=\"wp-block-spacer\"><\/div>\n\n\n\n<figure class=\"wp-block-image alignwide size-full is-style-rounded is-style-rounded--6\"><img loading=\"lazy\" decoding=\"async\" width=\"3130\" height=\"2318\" src=\"https:\/\/www.stromsbergsbruk.nu\/wp-content\/uploads\/4-2.jpg\" alt=\"\" class=\"wp-image-2308\" srcset=\"https:\/\/www.stromsbergsbruk.nu\/wp-content\/uploads\/4-2.jpg 3130w, https:\/\/www.stromsbergsbruk.nu\/wp-content\/uploads\/4-2-300x222.jpg 300w, https:\/\/www.stromsbergsbruk.nu\/wp-content\/uploads\/4-2-768x569.jpg 768w, https:\/\/www.stromsbergsbruk.nu\/wp-content\/uploads\/4-2-1024x758.jpg 1024w\" sizes=\"auto, (max-width: 3130px) 100vw, 3130px\" \/><\/figure>\n<\/div>\n\n\n\n<div class=\"wp-block-group alignfull has-global-padding is-layout-constrained wp-container-core-group-is-layout-490fa1db wp-block-group-is-layout-constrained\" style=\"padding-top:var(--wp--preset--spacing--50);padding-right:var(--wp--preset--spacing--50);padding-bottom:var(--wp--preset--spacing--50);padding-left:var(--wp--preset--spacing--50)\">\n<div class=\"wp-block-group has-global-padding is-layout-constrained wp-container-core-group-is-layout-650790e1 wp-block-group-is-layout-constrained\">\n<h1 class=\"wp-block-heading has-text-align-center has-x-large-font-size\">Om j\u00e4rnhantering och kommunikation<\/h1>\n\n\n\n<div style=\"height:1.25rem\" aria-hidden=\"true\" class=\"wp-block-spacer\"><\/div>\n\n\n\n<div class=\"wp-block-buttons is-content-justification-center is-layout-flex wp-container-core-buttons-is-layout-a89b3969 wp-block-buttons-is-layout-flex\">\n<div class=\"wp-block-button\"><a class=\"wp-block-button__link wp-element-button\" href=\"https:\/\/www.stromsbergsbruk.nu\/?page_id=2348\">Om j\u00e4rnhantering och kommunikation<\/a><\/div>\n<\/div>\n<\/div>\n\n\n\n<div style=\"height:var(--wp--preset--spacing--30)\" aria-hidden=\"true\" class=\"wp-block-spacer\"><\/div>\n\n\n\n<figure class=\"wp-block-image alignwide size-full is-style-rounded is-style-rounded--7\"><img loading=\"lazy\" decoding=\"async\" width=\"3177\" height=\"1927\" src=\"https:\/\/www.stromsbergsbruk.nu\/wp-content\/uploads\/5-3.jpg\" alt=\"\" class=\"wp-image-2338\" srcset=\"https:\/\/www.stromsbergsbruk.nu\/wp-content\/uploads\/5-3.jpg 3177w, https:\/\/www.stromsbergsbruk.nu\/wp-content\/uploads\/5-3-300x182.jpg 300w, https:\/\/www.stromsbergsbruk.nu\/wp-content\/uploads\/5-3-768x466.jpg 768w, https:\/\/www.stromsbergsbruk.nu\/wp-content\/uploads\/5-3-1024x621.jpg 1024w\" sizes=\"auto, (max-width: 3177px) 100vw, 3177px\" \/><\/figure>\n<\/div>\n\n\n\n<div class=\"wp-block-group alignfull has-global-padding is-layout-constrained wp-container-core-group-is-layout-490fa1db wp-block-group-is-layout-constrained\" style=\"padding-top:var(--wp--preset--spacing--50);padding-right:var(--wp--preset--spacing--50);padding-bottom:var(--wp--preset--spacing--50);padding-left:var(--wp--preset--spacing--50)\">\n<div class=\"wp-block-group has-global-padding is-layout-constrained wp-container-core-group-is-layout-650790e1 wp-block-group-is-layout-constrained\">\n<h1 class=\"wp-block-heading has-text-align-center has-x-large-font-size\">Bilder ur Bo \u00d6sterbergs fotoalbum<\/h1>\n\n\n\n<div style=\"height:1.25rem\" aria-hidden=\"true\" class=\"wp-block-spacer\"><\/div>\n\n\n\n<div class=\"wp-block-buttons is-content-justification-center is-layout-flex wp-container-core-buttons-is-layout-a89b3969 wp-block-buttons-is-layout-flex\">\n<div class=\"wp-block-button\"><a class=\"wp-block-button__link wp-element-button\" href=\"https:\/\/www.stromsbergsbruk.nu\/?page_id=2364\">Bilder ur Bo \u00d6sterbergs fotoalbum<\/a><\/div>\n<\/div>\n<\/div>\n\n\n\n<div style=\"height:var(--wp--preset--spacing--30)\" aria-hidden=\"true\" class=\"wp-block-spacer\"><\/div>\n\n\n\n<figure class=\"wp-block-image alignwide size-full is-style-rounded is-style-rounded--8\"><img loading=\"lazy\" decoding=\"async\" width=\"971\" height=\"613\" src=\"https:\/\/www.stromsbergsbruk.nu\/wp-content\/uploads\/Bruksgatan-1952-se-br\u00e4dg\u00e5rdens-storlek-och-s\u00e5gens-skorsten.jpg\" alt=\"\" class=\"wp-image-2359\" srcset=\"https:\/\/www.stromsbergsbruk.nu\/wp-content\/uploads\/Bruksgatan-1952-se-br\u00e4dg\u00e5rdens-storlek-och-s\u00e5gens-skorsten.jpg 971w, https:\/\/www.stromsbergsbruk.nu\/wp-content\/uploads\/Bruksgatan-1952-se-br\u00e4dg\u00e5rdens-storlek-och-s\u00e5gens-skorsten-300x189.jpg 300w, https:\/\/www.stromsbergsbruk.nu\/wp-content\/uploads\/Bruksgatan-1952-se-br\u00e4dg\u00e5rdens-storlek-och-s\u00e5gens-skorsten-768x485.jpg 768w\" sizes=\"auto, (max-width: 971px) 100vw, 971px\" \/><\/figure>\n<\/div>\n\n\n\n<div class=\"wp-block-group alignfull has-global-padding is-layout-constrained wp-container-core-group-is-layout-490fa1db wp-block-group-is-layout-constrained\" style=\"padding-top:var(--wp--preset--spacing--50);padding-right:var(--wp--preset--spacing--50);padding-bottom:var(--wp--preset--spacing--50);padding-left:var(--wp--preset--spacing--50)\">\n<div class=\"wp-block-group has-global-padding is-layout-constrained wp-container-core-group-is-layout-650790e1 wp-block-group-is-layout-constrained\">\n<h1 class=\"wp-block-heading has-text-align-center has-x-large-font-size\">Ryssh\u00e4rjningarna<\/h1>\n\n\n\n<div style=\"height:1.25rem\" aria-hidden=\"true\" class=\"wp-block-spacer\"><\/div>\n\n\n\n<div class=\"wp-block-buttons is-content-justification-center is-layout-flex wp-container-core-buttons-is-layout-a89b3969 wp-block-buttons-is-layout-flex\">\n<div class=\"wp-block-button\"><a class=\"wp-block-button__link wp-element-button\" href=\"https:\/\/www.stromsbergsbruk.nu\/?page_id=2277\">Ryssh\u00e4rjningarna<\/a><\/div>\n<\/div>\n<\/div>\n\n\n\n<div style=\"height:var(--wp--preset--spacing--30)\" aria-hidden=\"true\" class=\"wp-block-spacer\"><\/div>\n\n\n\n<figure class=\"wp-block-image alignwide size-full is-style-rounded is-style-rounded--9\"><img loading=\"lazy\" decoding=\"async\" width=\"2846\" height=\"1582\" src=\"https:\/\/www.stromsbergsbruk.nu\/wp-content\/uploads\/nr-7.jpg\" alt=\"\" class=\"wp-image-2273\" srcset=\"https:\/\/www.stromsbergsbruk.nu\/wp-content\/uploads\/nr-7.jpg 2846w, https:\/\/www.stromsbergsbruk.nu\/wp-content\/uploads\/nr-7-300x167.jpg 300w, https:\/\/www.stromsbergsbruk.nu\/wp-content\/uploads\/nr-7-768x427.jpg 768w, https:\/\/www.stromsbergsbruk.nu\/wp-content\/uploads\/nr-7-1024x569.jpg 1024w\" sizes=\"auto, (max-width: 2846px) 100vw, 2846px\" \/><\/figure>\n<\/div>\n","protected":false},"excerpt":{"rendered":"<p>Historik Str\u00f6msbergs bruk \u2013 det vita bruket Bruksvandring Guidade turer Skogsbruksmuseum Arbetets munterhet\u2026 eller \u2026de giva oss slagg f\u00f6r malm\u2026 Om j\u00e4rnhantering och kommunikation Bilder ur Bo \u00d6sterbergs fotoalbum Ryssh\u00e4rjningarna<\/p>\n","protected":false},"author":1,"featured_media":0,"parent":0,"menu_order":0,"comment_status":"closed","ping_status":"closed","template":"","meta":{"footnotes":""},"class_list":["post-5169","page","type-page","status-publish","hentry"],"publishpress_future_action":{"enabled":false,"date":"2026-05-15 14:22:19","action":"change-status","newStatus":"draft","terms":[],"taxonomy":"","extraData":[]},"publishpress_future_workflow_manual_trigger":{"enabledWorkflows":[]},"_links":{"self":[{"href":"https:\/\/www.stromsbergsbruk.nu\/index.php?rest_route=\/wp\/v2\/pages\/5169","targetHints":{"allow":["GET"]}}],"collection":[{"href":"https:\/\/www.stromsbergsbruk.nu\/index.php?rest_route=\/wp\/v2\/pages"}],"about":[{"href":"https:\/\/www.stromsbergsbruk.nu\/index.php?rest_route=\/wp\/v2\/types\/page"}],"author":[{"embeddable":true,"href":"https:\/\/www.stromsbergsbruk.nu\/index.php?rest_route=\/wp\/v2\/users\/1"}],"replies":[{"embeddable":true,"href":"https:\/\/www.stromsbergsbruk.nu\/index.php?rest_route=%2Fwp%2Fv2%2Fcomments&post=5169"}],"version-history":[{"count":2,"href":"https:\/\/www.stromsbergsbruk.nu\/index.php?rest_route=\/wp\/v2\/pages\/5169\/revisions"}],"predecessor-version":[{"id":5183,"href":"https:\/\/www.stromsbergsbruk.nu\/index.php?rest_route=\/wp\/v2\/pages\/5169\/revisions\/5183"}],"wp:attachment":[{"href":"https:\/\/www.stromsbergsbruk.nu\/index.php?rest_route=%2Fwp%2Fv2%2Fmedia&parent=5169"}],"curies":[{"name":"wp","href":"https:\/\/api.w.org\/{rel}","templated":true}]}}