{"id":55,"date":"2013-05-21T08:30:27","date_gmt":"2013-05-21T06:30:27","guid":{"rendered":"http:\/\/www.stromsbergsbruk.nu\/?page_id=55"},"modified":"2018-10-15T08:04:14","modified_gmt":"2018-10-15T06:04:14","slug":"julmarknaden","status":"publish","type":"page","link":"https:\/\/www.stromsbergsbruk.nu\/?page_id=55","title":{"rendered":"Julmarknaden"},"content":{"rendered":"<p>Julmarknaden\u00a0\u00e4r ett \u00e5rligt arrangemang i Samarbetskommitt\u00e9ns regi. Aktiviteterna f\u00f6rl\u00e4ggs till s\u00f6ndag f\u00f6re f\u00f6rsta advent.\u00a0Bes\u00f6kscentrum \u00e4r \u00f6ppet och samh\u00e4llet \u00e4r smyckat av nyhuggna granar och upplyst av facklor och marschaller.\u00a0I kolhus, masugn, hammarsmedja och delvis utomhus finns f\u00f6rs\u00e4ljare av allehanda ting.\u00a0Korv-, hamburger- och kaffef\u00f6rs\u00e4ljning p\u00e5g\u00e5r. Caf\u00e9 Str\u00f6msberg har naturligtvis \u00f6ppet.\u00a0Vid lotterier och chokladhjul kan man vinna fina priser. Vi s\u00e4ljer gamla redskap samt vykort och b\u00f6cker fr\u00e5n Bruket.\u00a0Skolmus\u00e9et \u00e4r \u00f6ppet. Det bjuds p\u00e5 musikunderh\u00e5llning.<\/p>\n<p>Om du vill s\u00e4lja hantverk eller andra varor &#8211; ta kontakt med Urban Tj\u00e4der\u00a0<em id=\"__mceDel\">tel 070 &#8211; 643 84 41!<\/em><\/p>\n<p>&nbsp;<\/p>\n<p>&nbsp;<\/p>\n","protected":false},"excerpt":{"rendered":"<p>Julmarknaden\u00a0\u00e4r ett \u00e5rligt arrangemang i Samarbetskommitt\u00e9ns regi. Aktiviteterna f\u00f6rl\u00e4ggs till s\u00f6ndag f\u00f6re f\u00f6rsta advent.\u00a0Bes\u00f6kscentrum \u00e4r \u00f6ppet och samh\u00e4llet \u00e4r smyckat av nyhuggna granar och upplyst av facklor och marschaller.\u00a0I kolhus, masugn, hammarsmedja och delvis utomhus finns f\u00f6rs\u00e4ljare av allehanda ting.\u00a0Korv-, hamburger- och kaffef\u00f6rs\u00e4ljning p\u00e5g\u00e5r. Caf\u00e9 Str\u00f6msberg har naturligtvis \u00f6ppet.\u00a0Vid lotterier och chokladhjul kan man vinna &hellip; <\/p>\n<p class=\"link-more\"><a href=\"https:\/\/www.stromsbergsbruk.nu\/?page_id=55\" class=\"more-link\">Forts\u00e4tt l\u00e4sa<span class=\"screen-reader-text\"> \u201dJulmarknaden\u201d<\/span><\/a><\/p>\n","protected":false},"author":1,"featured_media":0,"parent":48,"menu_order":0,"comment_status":"closed","ping_status":"closed","template":"","meta":{"footnotes":""},"class_list":["post-55","page","type-page","status-publish","hentry"],"publishpress_future_action":{"enabled":false,"date":"2026-05-08 18:11:25","action":"change-status","newStatus":"draft","terms":[],"taxonomy":"","extraData":[]},"publishpress_future_workflow_manual_trigger":{"enabledWorkflows":[]},"_links":{"self":[{"href":"https:\/\/www.stromsbergsbruk.nu\/index.php?rest_route=\/wp\/v2\/pages\/55","targetHints":{"allow":["GET"]}}],"collection":[{"href":"https:\/\/www.stromsbergsbruk.nu\/index.php?rest_route=\/wp\/v2\/pages"}],"about":[{"href":"https:\/\/www.stromsbergsbruk.nu\/index.php?rest_route=\/wp\/v2\/types\/page"}],"author":[{"embeddable":true,"href":"https:\/\/www.stromsbergsbruk.nu\/index.php?rest_route=\/wp\/v2\/users\/1"}],"replies":[{"embeddable":true,"href":"https:\/\/www.stromsbergsbruk.nu\/index.php?rest_route=%2Fwp%2Fv2%2Fcomments&post=55"}],"version-history":[{"count":16,"href":"https:\/\/www.stromsbergsbruk.nu\/index.php?rest_route=\/wp\/v2\/pages\/55\/revisions"}],"predecessor-version":[{"id":2041,"href":"https:\/\/www.stromsbergsbruk.nu\/index.php?rest_route=\/wp\/v2\/pages\/55\/revisions\/2041"}],"up":[{"embeddable":true,"href":"https:\/\/www.stromsbergsbruk.nu\/index.php?rest_route=\/wp\/v2\/pages\/48"}],"wp:attachment":[{"href":"https:\/\/www.stromsbergsbruk.nu\/index.php?rest_route=%2Fwp%2Fv2%2Fmedia&parent=55"}],"curies":[{"name":"wp","href":"https:\/\/api.w.org\/{rel}","templated":true}]}}